{"id":18,"date":"2024-09-09T13:06:01","date_gmt":"2024-09-09T13:06:01","guid":{"rendered":"https:\/\/www.ccsa.ufpb.br\/egp\/?page_id=18"},"modified":"2025-02-10T11:46:17","modified_gmt":"2025-02-10T11:46:17","slug":"noticias","status":"publish","type":"page","link":"https:\/\/www.ccsa.ufpb.br\/egp\/noticias\/","title":{"rendered":"In\u00edcio do Curso de Especializa\u00e7\u00e3o em Gest\u00e3o P\u00fablica"},"content":{"rendered":"\n<p>No dia 10 de fevereiro de 2025, tiveram in\u00edcio as aulas do primeiro m\u00f3dulo do curso de especializa\u00e7\u00e3o. Solicitamos aos estudantes que consultem o <a href=\"http:\/\/www.ccsa.ufpb.br\/egp\/wp-content\/uploads\/sites\/179\/sites\/202\/2025\/02\/Guia-de-Orientacao-dos-Estudantes.pdf\">Guia de Orienta\u00e7\u00f5es aos Estudantes<\/a>.<\/p>\n\n\n\n<p>No dia pr\u00f3ximo dia 12 de fevereiro de 2025, \u00e0s 19h, por meio do link <a href=\"https:\/\/meet.google.com\/qix-yoxf-gaj\">https:\/\/meet.google.com\/qix-yoxf-gaj<\/a>, ser\u00e1 realizada a abertura oficial do curso, a apresenta\u00e7\u00e3o dos docentes e a revis\u00e3o das informa\u00e7\u00f5es dispostas no guia. A participa\u00e7\u00e3o dos estudantes \u00e9 recomendada.<\/p>\n\n\n\n<p>Bom in\u00edcio de aula a todos!<\/p>\n\n\n\n<p><\/p>\n","protected":false},"excerpt":{"rendered":"<p>No dia 10 de fevereiro de 2025, tiveram in\u00edcio as aulas do primeiro m\u00f3dulo do curso de especializa\u00e7\u00e3o. Solicitamos aos estudantes que consultem o Guia de Orienta\u00e7\u00f5es aos Estudantes. No dia pr\u00f3ximo dia 12 de fevereiro de 2025, \u00e0s 19h, por meio do link https:\/\/meet.google.com\/qix-yoxf-gaj, ser\u00e1 realizada a abertura oficial do curso, a apresenta\u00e7\u00e3o dos [&hellip;]<\/p>\n","protected":false},"author":47,"featured_media":0,"parent":0,"menu_order":0,"comment_status":"closed","ping_status":"closed","template":"","meta":{"footnotes":""},"class_list":["post-18","page","type-page","status-publish","hentry"],"_links":{"self":[{"href":"https:\/\/www.ccsa.ufpb.br\/egp\/wp-json\/wp\/v2\/pages\/18","targetHints":{"allow":["GET"]}}],"collection":[{"href":"https:\/\/www.ccsa.ufpb.br\/egp\/wp-json\/wp\/v2\/pages"}],"about":[{"href":"https:\/\/www.ccsa.ufpb.br\/egp\/wp-json\/wp\/v2\/types\/page"}],"author":[{"embeddable":true,"href":"https:\/\/www.ccsa.ufpb.br\/egp\/wp-json\/wp\/v2\/users\/47"}],"replies":[{"embeddable":true,"href":"https:\/\/www.ccsa.ufpb.br\/egp\/wp-json\/wp\/v2\/comments?post=18"}],"version-history":[{"count":3,"href":"https:\/\/www.ccsa.ufpb.br\/egp\/wp-json\/wp\/v2\/pages\/18\/revisions"}],"predecessor-version":[{"id":291,"href":"https:\/\/www.ccsa.ufpb.br\/egp\/wp-json\/wp\/v2\/pages\/18\/revisions\/291"}],"wp:attachment":[{"href":"https:\/\/www.ccsa.ufpb.br\/egp\/wp-json\/wp\/v2\/media?parent=18"}],"curies":[{"name":"wp","href":"https:\/\/api.w.org\/{rel}","templated":true}]}}