{"id":25,"date":"2024-09-09T18:18:53","date_gmt":"2024-09-09T18:18:53","guid":{"rendered":"https:\/\/www.ccsa.ufpb.br\/egp\/?page_id=25"},"modified":"2025-05-02T13:11:33","modified_gmt":"2025-05-02T13:11:33","slug":"institucional","status":"publish","type":"page","link":"https:\/\/www.ccsa.ufpb.br\/egp\/institucional\/","title":{"rendered":"Institucional"},"content":{"rendered":"\n<p>O Curso de Especializa\u00e7\u00e3o em Gest\u00e3o P\u00fablica, modalidade a dist\u00e2ncia, \u00e9 uma iniciativa da Universidade Aberta do Brasil (UAB) que integra o Programa Nacional de Forma\u00e7\u00e3o em Administra\u00e7\u00e3o P\u00fablica (PNAP). O PNAP, assim como outras iniciativas de fortalecimento das capacidades estatais no Brasil, \u00e9 impactado por tr\u00eas vetores: o processo de descentraliza\u00e7\u00e3o das pol\u00edticas p\u00fablicas em dire\u00e7\u00e3o \u00e0s administra\u00e7\u00f5es subnacionais; o fortalecimento da qualifica\u00e7\u00e3o como crit\u00e9rio para progress\u00e3o e desenvolvimento nas carreiras da Administra\u00e7\u00e3o P\u00fablica e o fortalecimento da modalidade de ensino a dist\u00e2ncia como instrumento dessa qualifica\u00e7\u00e3o, impulsionada com o avan\u00e7o das Tecnologias de Informa\u00e7\u00e3o e Comunica\u00e7\u00e3o (TIC).<\/p>\n\n\n\n<p><strong>Nome<\/strong>: Curso de Especializa\u00e7\u00e3o de Gest\u00e3o P\u00fablica<\/p>\n\n\n\n<p><strong>Modalidade<\/strong>: A dist\u00e2ncia<\/p>\n\n\n\n<p><strong>P\u00fablico-alvo<\/strong>: Profissionais que atuam na Administra\u00e7\u00e3o P\u00fablica, em todas as esferas e poderes do governo, no setor p\u00fablico n\u00e3o-estatal e em outras \u00e1reas afins.<\/p>\n\n\n\n<p><strong>Vagas<\/strong>: 150 vagas (Edital UAB\/CAPES n\u00ba 25\/2023).<\/p>\n\n\n\n<p><strong>Polos de apoio presencial \u00e0 EaD<\/strong>: Jo\u00e3o Pessoa, Campina Grande, Conde, Duas Estradas e Cuit\u00e9 de Mamanguape.<\/p>\n\n\n\n<p><strong>Forma de ingresso<\/strong>: Processo seletivo (50% das vagas reservadas para servidores p\u00fablicos estatut\u00e1rios municipais, estaduais ou federais de \u00f3rg\u00e3os ou entidades da Administra\u00e7\u00e3o P\u00fablica direta).<\/p>\n\n\n\n<p><strong>Dura\u00e7\u00e3o do curso<\/strong>: 18 meses (n\u00e3o \u00e9 permitida a prorroga\u00e7\u00e3o). A reprova\u00e7\u00e3o em qualquer disciplina implica no desligamento do curso, conforme disp\u00f5e seu Regulamento.<\/p>\n\n\n\n<p><a href=\"https:\/\/sigaa.ufpb.br\/sigaa\/public\/curso\/portal.jsf?id=36931643&amp;lc=pt_BR\">Mais informa\u00e7\u00f5es sobre o curso (CLIQUE AQUI) <\/a><\/p>\n\n\n\n<p><a href=\"https:\/\/emec.mec.gov.br\/emec\/consulta-cadastro\/detalhamento\/d96957f455f6405d14c6542552b0f6eb\/NTc5\/93916316abe23148507bd4c260e4b878\/Mjk0ODY1\">Cadastro do Curso no MEC (CLIQUE AQUI)<\/a><\/p>\n\n\n\n<p><\/p>\n","protected":false},"excerpt":{"rendered":"<p>O Curso de Especializa\u00e7\u00e3o em Gest\u00e3o P\u00fablica, modalidade a dist\u00e2ncia, \u00e9 uma iniciativa da Universidade Aberta do Brasil (UAB) que integra o Programa Nacional de Forma\u00e7\u00e3o em Administra\u00e7\u00e3o P\u00fablica (PNAP). O PNAP, assim como outras iniciativas de fortalecimento das capacidades estatais no Brasil, \u00e9 impactado por tr\u00eas vetores: o processo de descentraliza\u00e7\u00e3o das pol\u00edticas p\u00fablicas [&hellip;]<\/p>\n","protected":false},"author":141,"featured_media":0,"parent":0,"menu_order":0,"comment_status":"closed","ping_status":"closed","template":"","meta":{"footnotes":""},"class_list":["post-25","page","type-page","status-publish","hentry"],"_links":{"self":[{"href":"https:\/\/www.ccsa.ufpb.br\/egp\/wp-json\/wp\/v2\/pages\/25","targetHints":{"allow":["GET"]}}],"collection":[{"href":"https:\/\/www.ccsa.ufpb.br\/egp\/wp-json\/wp\/v2\/pages"}],"about":[{"href":"https:\/\/www.ccsa.ufpb.br\/egp\/wp-json\/wp\/v2\/types\/page"}],"author":[{"embeddable":true,"href":"https:\/\/www.ccsa.ufpb.br\/egp\/wp-json\/wp\/v2\/users\/141"}],"replies":[{"embeddable":true,"href":"https:\/\/www.ccsa.ufpb.br\/egp\/wp-json\/wp\/v2\/comments?post=25"}],"version-history":[{"count":22,"href":"https:\/\/www.ccsa.ufpb.br\/egp\/wp-json\/wp\/v2\/pages\/25\/revisions"}],"predecessor-version":[{"id":331,"href":"https:\/\/www.ccsa.ufpb.br\/egp\/wp-json\/wp\/v2\/pages\/25\/revisions\/331"}],"wp:attachment":[{"href":"https:\/\/www.ccsa.ufpb.br\/egp\/wp-json\/wp\/v2\/media?parent=25"}],"curies":[{"name":"wp","href":"https:\/\/api.w.org\/{rel}","templated":true}]}}