{"id":30,"date":"2024-09-10T23:09:36","date_gmt":"2024-09-10T23:09:36","guid":{"rendered":"https:\/\/www.ccsa.ufpb.br\/egp\/?page_id=30"},"modified":"2024-12-02T13:40:05","modified_gmt":"2024-12-02T13:40:05","slug":"estrutura","status":"publish","type":"page","link":"https:\/\/www.ccsa.ufpb.br\/egp\/estrutura\/","title":{"rendered":"Estrutura"},"content":{"rendered":"\n<p><strong>Organiza\u00e7\u00e3o curricular<\/strong>:<\/p>\n\n\n\n<p>O curso \u00e9 estruturado em dois m\u00f3dulos (b\u00e1sico e espec\u00edfico). O m\u00f3dulo b\u00e1sico contempla disciplinas comuns a todos os cursos de especializa\u00e7\u00e3o UAB e o m\u00f3dulo espec\u00edfico apresenta disciplinas alinhadas aos objetivos do Curso de Especializa\u00e7\u00e3o em Gest\u00e3o P\u00fablica.<\/p>\n\n\n\n<p><strong>M\u00f3dulo B\u00e1sico<\/strong><\/p>\n\n\n\n<p>O M\u00f3dulo B\u00e1sico \u00e9 composto por 06 disciplinas de 30 horas, perfazendo um total de 180 horas:<\/p>\n\n\n\n<figure class=\"wp-block-table\"><table class=\"has-fixed-layout\"><tbody><tr><td><strong>Disciplinas<\/strong><\/td><td class=\"has-text-align-center\" data-align=\"center\"><strong>Carga Hor\u00e1ria<\/strong><\/td><\/tr><tr><td>Introdu\u00e7\u00e3o a EAD<\/td><td class=\"has-text-align-center\" data-align=\"center\">30<\/td><\/tr><tr><td>Pol\u00edtica e Sociedade<\/td><td class=\"has-text-align-center\" data-align=\"center\">30<\/td><\/tr><tr><td>Pol\u00edticas P\u00fablicas<\/td><td class=\"has-text-align-center\" data-align=\"center\">30<\/td><\/tr><tr><td>Gest\u00e3o P\u00fablica<\/td><td class=\"has-text-align-center\" data-align=\"center\">30<\/td><\/tr><tr><td>Metodologia da Pesquisa<\/td><td class=\"has-text-align-center\" data-align=\"center\">30<\/td><\/tr><tr><td>TCC<\/td><td class=\"has-text-align-center\" data-align=\"center\">30<\/td><\/tr><tr><td><strong>TOTAL DE HORAS<\/strong><\/td><td class=\"has-text-align-center\" data-align=\"center\"><strong>180<\/strong><\/td><\/tr><\/tbody><\/table><\/figure>\n\n\n\n<p>.<\/p>\n\n\n\n<p>A fun\u00e7\u00e3o do M\u00f3dulo B\u00e1sico \u00e9 propiciar ao estudante uma vis\u00e3o abrangente e atual das disciplinas que fundamentam a Gest\u00e3o P\u00fablica contempor\u00e2nea, contextualizando a sua aplica\u00e7\u00e3o na realidade brasileira e internacional. Esse referencial lhe permitir\u00e1 compreender melhor, ao longo do m\u00f3dulo espec\u00edfico, os problemas e quest\u00f5es da atua\u00e7\u00e3o do Estado contempor\u00e2neo e sua Administra\u00e7\u00e3o P\u00fablica.<\/p>\n\n\n\n<p><strong>M\u00f3dulo Espec\u00edfico<\/strong><\/p>\n\n\n\n<p>O M\u00f3dulo Espec\u00edfico em Gest\u00e3o P\u00fablica \u00e9 composto por 04 disciplinas de 30 horas e 02 disciplinas de 45 horas, perfazendo um total de 210 horas:<\/p>\n\n\n\n<figure class=\"wp-block-table\"><table class=\"has-fixed-layout\"><tbody><tr><td><strong>Disciplina<\/strong><\/td><td class=\"has-text-align-center\" data-align=\"center\"><strong>Carga Hor\u00e1ria<\/strong><\/td><\/tr><tr><td>Or\u00e7amento e Finan\u00e7as Governamentais<\/td><td class=\"has-text-align-center\" data-align=\"center\">30<\/td><\/tr><tr><td>Planejamento Estrat\u00e9gico e Gest\u00e3o de Projetos<\/td><td class=\"has-text-align-center\" data-align=\"center\">30<\/td><\/tr><tr><td>Licita\u00e7\u00f5es, Contratos e Conv\u00eanios<\/td><td class=\"has-text-align-center\" data-align=\"center\">30<\/td><\/tr><tr><td>Estruturas, Processos e Arranjos Organizacionais<\/td><td class=\"has-text-align-center\" data-align=\"center\">45<\/td><\/tr><tr><td>Gest\u00e3o de Pessoas<\/td><td class=\"has-text-align-center\" data-align=\"center\">30<\/td><\/tr><tr><td>Governo Digital<\/td><td class=\"has-text-align-center\" data-align=\"center\">45<\/td><\/tr><tr><td><strong>TOTAL DE HORAS<\/strong><\/td><td class=\"has-text-align-center\" data-align=\"center\"><strong>210<\/strong><\/td><\/tr><\/tbody><\/table><\/figure>\n\n\n\n<p>.<\/p>\n\n\n\n<p><strong>Estudos Individuais<\/strong><\/p>\n\n\n\n<p>Os estudos individuais t\u00eam carga hor\u00e1ria de 60h, sendo integralizada nos tr\u00eas primeiros semestres (20h de estudos individuais para cada semestre), sem o reconhecimento de cr\u00e9ditos, conforme prev\u00ea o art. 7\u00ba, \u00a72\u00ba, do Regulamento Geral dos Cursos e Programas de P\u00f3s-Gradua\u00e7\u00e3o <em>Lato Sensu<\/em> da Universidade Federal da Para\u00edba. Os estudos individuais s\u00e3o apoiados pelo sistema de tutoria.<\/p>\n","protected":false},"excerpt":{"rendered":"<p>Organiza\u00e7\u00e3o curricular: O curso \u00e9 estruturado em dois m\u00f3dulos (b\u00e1sico e espec\u00edfico). O m\u00f3dulo b\u00e1sico contempla disciplinas comuns a todos os cursos de especializa\u00e7\u00e3o UAB e o m\u00f3dulo espec\u00edfico apresenta disciplinas alinhadas aos objetivos do Curso de Especializa\u00e7\u00e3o em Gest\u00e3o P\u00fablica. M\u00f3dulo B\u00e1sico O M\u00f3dulo B\u00e1sico \u00e9 composto por 06 disciplinas de 30 horas, perfazendo [&hellip;]<\/p>\n","protected":false},"author":47,"featured_media":0,"parent":0,"menu_order":0,"comment_status":"closed","ping_status":"closed","template":"","meta":{"footnotes":""},"class_list":["post-30","page","type-page","status-publish","hentry"],"_links":{"self":[{"href":"https:\/\/www.ccsa.ufpb.br\/egp\/wp-json\/wp\/v2\/pages\/30","targetHints":{"allow":["GET"]}}],"collection":[{"href":"https:\/\/www.ccsa.ufpb.br\/egp\/wp-json\/wp\/v2\/pages"}],"about":[{"href":"https:\/\/www.ccsa.ufpb.br\/egp\/wp-json\/wp\/v2\/types\/page"}],"author":[{"embeddable":true,"href":"https:\/\/www.ccsa.ufpb.br\/egp\/wp-json\/wp\/v2\/users\/47"}],"replies":[{"embeddable":true,"href":"https:\/\/www.ccsa.ufpb.br\/egp\/wp-json\/wp\/v2\/comments?post=30"}],"version-history":[{"count":14,"href":"https:\/\/www.ccsa.ufpb.br\/egp\/wp-json\/wp\/v2\/pages\/30\/revisions"}],"predecessor-version":[{"id":209,"href":"https:\/\/www.ccsa.ufpb.br\/egp\/wp-json\/wp\/v2\/pages\/30\/revisions\/209"}],"wp:attachment":[{"href":"https:\/\/www.ccsa.ufpb.br\/egp\/wp-json\/wp\/v2\/media?parent=30"}],"curies":[{"name":"wp","href":"https:\/\/api.w.org\/{rel}","templated":true}]}}