{"id":32,"date":"2024-09-10T23:09:55","date_gmt":"2024-09-10T23:09:55","guid":{"rendered":"https:\/\/www.ccsa.ufpb.br\/egp\/?page_id=32"},"modified":"2025-02-07T22:58:39","modified_gmt":"2025-02-07T22:58:39","slug":"processo-seletivo","status":"publish","type":"page","link":"https:\/\/www.ccsa.ufpb.br\/egp\/processo-seletivo\/","title":{"rendered":"Processo Seletivo"},"content":{"rendered":"\n<p><strong>Consulte aqui o <a href=\"http:\/\/www.ccsa.ufpb.br\/egp\/wp-content\/uploads\/sites\/179\/sites\/202\/2024\/11\/Edital-retificado-1.pdf\">Edital de Sele\u00e7\u00e3o<\/a><\/strong><\/p>\n\n\n\n<p><strong>Per\u00edodo de inscri\u00e7\u00f5es<\/strong>: 11\/12\/2024 a 12\/01\/2025<\/p>\n\n\n\n<p><strong>Formul\u00e1rio de An\u00e1lise Curricular e Projeto de Pesquisa:<\/strong> Google Forms<\/p>\n\n\n\n<p><strong>Submiss\u00e3o das inscri\u00e7\u00f5es: SIGAA<\/strong><\/p>\n\n\n\n<p>.<\/p>\n\n\n\n<p><a href=\"https:\/\/www.ccsa.ufpb.br\/egp\/documentos\/\" data-type=\"page\" data-id=\"34\">Guia de Orienta\u00e7\u00e3o dos Estudantes<\/a><\/p>\n\n\n\n<p>.<\/p>\n\n\n\n<p>Edital de Convoca\u00e7\u00e3o para Matr\u00edcula (<a href=\"http:\/\/www.ccsa.ufpb.br\/egp\/wp-content\/uploads\/sites\/179\/sites\/202\/2025\/02\/Edital-de-Convocacao-2.pdf\">2\u00aa chamada<\/a>)<\/p>\n\n\n\n<p>Edital de Convoca\u00e7\u00e3o para Matr\u00edcula (<a href=\"http:\/\/www.ccsa.ufpb.br\/egp\/wp-content\/uploads\/sites\/179\/sites\/202\/2025\/02\/Edital-de-Convocacao-.pdf\">1\u00aa chamada<\/a>)<\/p>\n\n\n\n<p>.<\/p>\n\n\n\n<p>Resultado (<a href=\"http:\/\/www.ccsa.ufpb.br\/egp\/wp-content\/uploads\/sites\/179\/sites\/202\/2025\/02\/Resultado-final.pdf\">final<\/a>)<\/p>\n\n\n\n<p>Resultado (<a href=\"http:\/\/www.ccsa.ufpb.br\/egp\/wp-content\/uploads\/sites\/179\/sites\/202\/2025\/01\/Resultado-Preliminar.pdf\">preliminar<\/a>)<\/p>\n\n\n\n<p>.<\/p>\n\n\n\n<p>Homologa\u00e7\u00e3o das inscri\u00e7\u00f5es (<a href=\"http:\/\/www.ccsa.ufpb.br\/egp\/wp-content\/uploads\/sites\/179\/sites\/202\/2025\/01\/Homologacao-de-inscricoes-final.pdf\">resultado final<\/a>)<\/p>\n\n\n\n<p>Homologa\u00e7\u00e3o das inscri\u00e7\u00f5es (<a href=\"http:\/\/www.ccsa.ufpb.br\/egp\/wp-content\/uploads\/sites\/179\/sites\/202\/2025\/01\/Homologacao-de-inscricoes-preliminar.pdf\">resultado preliminar<\/a>)<\/p>\n\n\n\n<p>.<\/p>\n\n\n\n<p>Pedidos de isen\u00e7\u00e3o da taxa de inscri\u00e7\u00e3o (<a href=\"http:\/\/www.ccsa.ufpb.br\/egp\/wp-content\/uploads\/sites\/179\/sites\/202\/2024\/12\/Pedidos-de-Isencao-resultado.pdf\">resultado<\/a>)<\/p>\n\n\n\n<p>Pedidos de isen\u00e7\u00e3o da taxa de inscri\u00e7\u00e3o (<a href=\"http:\/\/www.ccsa.ufpb.br\/egp\/wp-content\/uploads\/sites\/179\/sites\/202\/2024\/11\/Pedos-de-Isencao-resultado-preliminar.pdf\">resultado preliminar<\/a>)<\/p>\n\n\n\n<p>.<\/p>\n\n\n\n<p><strong>FAQ &#8211; Perguntas frequentes<\/strong><\/p>\n\n\n\n<p><strong>1) As atividades acad\u00eamicas do curso de especializa\u00e7\u00e3o ser\u00e3o remotas?<\/strong><\/p>\n\n\n\n<p>Sim. Exceto as provas finais que exigem o comparecimento presencial no polo.<\/p>\n\n\n\n<p><strong>2) \u00c9 obrigat\u00f3rio residir na mesma cidade do polo para se candidatar ou matricular no curso?<\/strong><\/p>\n\n\n\n<p>N\u00e3o. A(O) candidata(o) pode residir em qualquer localidade. Entretanto, se convocado (em situa\u00e7\u00f5es excepcionais), dever\u00e1 comparecer ao polo no qual est\u00e1 matriculado. A matr\u00edcula, as aulas, as tutorias, as avalia\u00e7\u00f5es e a sess\u00e3o de defesa do TCC ser\u00e3o realizadas remotamente.<\/p>\n\n\n\n<p><strong>3) \u00c9 poss\u00edvel concorrer em mais de um polo?<\/strong><\/p>\n\n\n\n<p>Sim. Conforme o item 7.1. do Edital, a(o) candidata(o) pode concorrer as vagas de at\u00e9 2 polos. A(O) candidata(o) indicar\u00e1 sua ordem de prefer\u00eancia no formul\u00e1rio eletr\u00f4nico.<\/p>\n\n\n\n<p><strong>4) Quais s\u00e3o as orienta\u00e7\u00f5es da banca para a elabora\u00e7\u00e3o do Projeto de Pesquisa?<\/strong><\/p>\n\n\n\n<p>A banca de sele\u00e7\u00e3o recomenda que, respeitando os par\u00e2metros do Edital, as(os) candidatas(os) desenvolvam projetos de pesquisa que sejam relevantes, inovadores, vi\u00e1veis e alinhados \u00e0s disciplinas do Curso de Especializa\u00e7\u00e3o em Gest\u00e3o P\u00fablica. \u00c9 essencial realizar um estudo pr\u00e9vio da literatura acad\u00eamica recente sobre o tema e justificar a pesquisa com base nas lacunas existentes na produ\u00e7\u00e3o cient\u00edfica atual. Recomenda-se, para uma fundamenta\u00e7\u00e3o s\u00f3lida, consultar reposit\u00f3rios como <a href=\"https:\/\/www.scielo.br\">Scielo<\/a>, <a href=\"https:\/\/www.scopus.com\/home.uri\">Scopus<\/a>, <a href=\"https:\/\/mjl.clarivate.com\/search-results\">Web of Science<\/a>, <a href=\"https:\/\/www.periodicos.capes.gov.br\">Portal Peri\u00f3dicos CAPES<\/a>, <a href=\"https:\/\/scholar.google.com\/\">Google Scholar<\/a>, <a href=\"https:\/\/catalogodeteses.capes.gov.br\/catalogo-teses\/#!\/\">Banco de Teses e Disserta\u00e7\u00f5es<\/a>.<\/p>\n\n\n\n<p><strong>5) H\u00e1 um formato espec\u00edfico para o Projeto de Pesquisa?<\/strong><\/p>\n\n\n\n<p>Sim. A(o) candidata(o) deve preencher os dados do ap\u00eandice C do Edital diretamente nos campos do formul\u00e1rio eletr\u00f4nico do <em>Google Forms<\/em>. <\/p>\n\n\n\n<p><strong>6) Os documentos comprobat\u00f3rios da An\u00e1lise Curricular precisam ser identificados e ordenados, conforme o quadro do ap\u00eandice B?<\/strong><\/p>\n\n\n\n<p>Sim, sob pena de indeferimento da pontua\u00e7\u00e3o, conforme o item 10.8 do Edital. A identifica\u00e7\u00e3o dos documentos comprobat\u00f3rios deve ser inequ\u00edvoca.<\/p>\n\n\n\n<p><strong>7) O que fazer se meu documento PDF tiver um tamanho maior do que o limite?<\/strong><\/p>\n\n\n\n<p>A(O) candidata(o) deve compactar o arquivo at\u00e9 que esteja no limite estipulado.<\/p>\n\n\n\n<p><strong>8) H\u00e1 garantias de que o <em>Google Forms<\/em> ou o SIGAA estar\u00e3o funcionando no \u00faltimo dia de inscri\u00e7\u00e3o (domingo, 12 de janeiro de 2025)?<\/strong><\/p>\n\n\n\n<p>N\u00e3o. O curso n\u00e3o se responsabiliza por problemas t\u00e9cnicos, conforme item 6.4. do Edital. Por isso, recomendamos que as(os) candidatas(os) submetam sua inscri\u00e7\u00e3o com anteced\u00eancia m\u00ednima de 96 horas. O pagamento da taxa de inscri\u00e7\u00e3o poder\u00e1 ser realizado at\u00e9 o dia 13 de janeiro de 2025.<\/p>\n\n\n\n<p><strong>9) H\u00e1 cobran\u00e7a de mensalidade?<\/strong><\/p>\n\n\n\n<p>N\u00e3o. O curso de especializa\u00e7\u00e3o \u00e9 financiado pelo Edital CAPES\/UAB n\u00b0 25\/2023.<\/p>\n","protected":false},"excerpt":{"rendered":"<p>Consulte aqui o Edital de Sele\u00e7\u00e3o Per\u00edodo de inscri\u00e7\u00f5es: 11\/12\/2024 a 12\/01\/2025 Formul\u00e1rio de An\u00e1lise Curricular e Projeto de Pesquisa: Google Forms Submiss\u00e3o das inscri\u00e7\u00f5es: SIGAA . Guia de Orienta\u00e7\u00e3o dos Estudantes . Edital de Convoca\u00e7\u00e3o para Matr\u00edcula (2\u00aa chamada) Edital de Convoca\u00e7\u00e3o para Matr\u00edcula (1\u00aa chamada) . Resultado (final) Resultado (preliminar) . Homologa\u00e7\u00e3o das [&hellip;]<\/p>\n","protected":false},"author":47,"featured_media":0,"parent":0,"menu_order":0,"comment_status":"closed","ping_status":"closed","template":"","meta":{"footnotes":""},"class_list":["post-32","page","type-page","status-publish","hentry"],"_links":{"self":[{"href":"https:\/\/www.ccsa.ufpb.br\/egp\/wp-json\/wp\/v2\/pages\/32","targetHints":{"allow":["GET"]}}],"collection":[{"href":"https:\/\/www.ccsa.ufpb.br\/egp\/wp-json\/wp\/v2\/pages"}],"about":[{"href":"https:\/\/www.ccsa.ufpb.br\/egp\/wp-json\/wp\/v2\/types\/page"}],"author":[{"embeddable":true,"href":"https:\/\/www.ccsa.ufpb.br\/egp\/wp-json\/wp\/v2\/users\/47"}],"replies":[{"embeddable":true,"href":"https:\/\/www.ccsa.ufpb.br\/egp\/wp-json\/wp\/v2\/comments?post=32"}],"version-history":[{"count":42,"href":"https:\/\/www.ccsa.ufpb.br\/egp\/wp-json\/wp\/v2\/pages\/32\/revisions"}],"predecessor-version":[{"id":284,"href":"https:\/\/www.ccsa.ufpb.br\/egp\/wp-json\/wp\/v2\/pages\/32\/revisions\/284"}],"wp:attachment":[{"href":"https:\/\/www.ccsa.ufpb.br\/egp\/wp-json\/wp\/v2\/media?parent=32"}],"curies":[{"name":"wp","href":"https:\/\/api.w.org\/{rel}","templated":true}]}}