{"id":34,"date":"2024-09-10T23:10:12","date_gmt":"2024-09-10T23:10:12","guid":{"rendered":"https:\/\/www.ccsa.ufpb.br\/egp\/?page_id=34"},"modified":"2026-03-05T20:05:14","modified_gmt":"2026-03-05T20:05:14","slug":"documentos","status":"publish","type":"page","link":"https:\/\/www.ccsa.ufpb.br\/egp\/documentos\/","title":{"rendered":"Documentos"},"content":{"rendered":"\n<p><a href=\"http:\/\/www.ccsa.ufpb.br\/egp\/wp-content\/uploads\/sites\/179\/sites\/202\/2024\/10\/Resolucao.pdf\">Regulamento<\/a><\/p>\n\n\n\n<p><a href=\"http:\/\/www.ccsa.ufpb.br\/egp\/wp-content\/uploads\/sites\/179\/sites\/202\/2025\/01\/Calendario-Academico.pdf\">Calend\u00e1rio Acad\u00eamico<\/a><\/p>\n\n\n\n<div class=\"wp-block-file\"><a id=\"wp-block-file--media-99b056ef-23d0-4977-bd6d-0cb75baf182f\" href=\"http:\/\/www.ccsa.ufpb.br\/egp\/wp-content\/uploads\/sites\/179\/sites\/202\/2025\/05\/MATRIZ-CURRICULAR_EGP_2024-2.pdf\">Matriz Curricular<\/a><a href=\"http:\/\/www.ccsa.ufpb.br\/egp\/wp-content\/uploads\/sites\/179\/sites\/202\/2025\/05\/MATRIZ-CURRICULAR_EGP_2024-2.pdf\" class=\"wp-block-file__button wp-element-button\" download aria-describedby=\"wp-block-file--media-99b056ef-23d0-4977-bd6d-0cb75baf182f\">Baixar<\/a><\/div>\n\n\n\n<div class=\"wp-block-file\"><a id=\"wp-block-file--media-6699f2c9-44e9-497e-90d7-9935fbb1c103\" href=\"http:\/\/www.ccsa.ufpb.br\/egp\/wp-content\/uploads\/sites\/179\/sites\/202\/2025\/04\/Calendario-de-Atividades_EGP_2025_2026.pdf\">Calend\u00e1rio de Atividades 2025-2026<\/a><a href=\"http:\/\/www.ccsa.ufpb.br\/egp\/wp-content\/uploads\/sites\/179\/sites\/202\/2025\/04\/Calendario-de-Atividades_EGP_2025_2026.pdf\" class=\"wp-block-file__button wp-element-button\" download aria-describedby=\"wp-block-file--media-6699f2c9-44e9-497e-90d7-9935fbb1c103\">Baixar<\/a><\/div>\n\n\n\n<p><a href=\"http:\/\/www.ccsa.ufpb.br\/egp\/wp-content\/uploads\/sites\/179\/sites\/202\/2026\/03\/Guia-de-Orientacao-aos-Estudantes_3.pdf\">Guia de Orienta\u00e7\u00e3o aos Estudantes (3\u00aa vers\u00e3o)<\/a><\/p>\n\n\n\n<p><a href=\"http:\/\/www.ccsa.ufpb.br\/egp\/wp-content\/uploads\/sites\/179\/sites\/202\/2024\/09\/Projeto-Pedagogico-Especializacao-em-Gestao-Publica-PNAP-publicado.pdf\">Projeto Pedag\u00f3gico do Curso de Especializa\u00e7\u00e3o em Gest\u00e3o P\u00fablica &#8211; PNAP<\/a><\/p>\n\n\n\n<div class=\"wp-block-group is-nowrap is-layout-flex wp-container-core-group-is-layout-ad2f72ca wp-block-group-is-layout-flex\">\n<div data-wp-interactive=\"core\/file\" class=\"wp-block-file\"><object data-wp-bind--hidden=\"!state.hasPdfPreview\" hidden class=\"wp-block-file__embed\" data=\"https:\/\/www.ccsa.ufpb.br\/egp\/wp-content\/uploads\/sites\/179\/sites\/202\/2025\/09\/Resolucao-No-1_2025-EGP_-EaD_Regulamento-do-TCC.pdf\" type=\"application\/pdf\" style=\"width:100%;height:600px\" aria-label=\"Incorporado de Regulamento do TCC_EGP-EaD Resolu\u00e7\u00e3o n\u00ba 1\/2025  (REVOGADA).\"><\/object><a id=\"wp-block-file--media-6b97d852-1392-4c26-af94-0cab48fb976e\" href=\"https:\/\/www.ccsa.ufpb.br\/egp\/wp-content\/uploads\/sites\/179\/sites\/202\/2025\/09\/Resolucao-No-1_2025-EGP_-EaD_Regulamento-do-TCC.pdf\">Regulamento do TCC_EGP-EaD Resolu\u00e7\u00e3o n\u00ba 1\/2025  (REVOGADA)<\/a><a href=\"https:\/\/www.ccsa.ufpb.br\/egp\/wp-content\/uploads\/sites\/179\/sites\/202\/2025\/09\/Resolucao-No-1_2025-EGP_-EaD_Regulamento-do-TCC.pdf\" class=\"wp-block-file__button wp-element-button\" download aria-describedby=\"wp-block-file--media-6b97d852-1392-4c26-af94-0cab48fb976e\">Baixar<\/a><\/div>\n<\/div>\n\n\n\n<div class=\"wp-block-group is-nowrap is-layout-flex wp-container-core-group-is-layout-ad2f72ca wp-block-group-is-layout-flex\">\n<div data-wp-interactive=\"core\/file\" class=\"wp-block-file\"><object data-wp-bind--hidden=\"!state.hasPdfPreview\" hidden class=\"wp-block-file__embed\" data=\"https:\/\/www.ccsa.ufpb.br\/egp\/wp-content\/uploads\/sites\/179\/sites\/202\/2025\/09\/Resolucao_No-1_2025A_EGP__EaD_Regulamento_do_TCC.pdf\" type=\"application\/pdf\" style=\"width:100%;height:600px\" aria-label=\"Incorporado de Regulamento do TCC_EGP-EaD Resolu\u00e7\u00e3o N\u00ba 1\/2025A (ATUAL).\"><\/object><a id=\"wp-block-file--media-320817b4-2408-4ff6-8218-478c008a631a\" href=\"https:\/\/www.ccsa.ufpb.br\/egp\/wp-content\/uploads\/sites\/179\/sites\/202\/2025\/09\/Resolucao_No-1_2025A_EGP__EaD_Regulamento_do_TCC.pdf\">Regulamento do TCC_EGP-EaD Resolu\u00e7\u00e3o N\u00ba 1\/2025A (ATUAL)<\/a><a href=\"https:\/\/www.ccsa.ufpb.br\/egp\/wp-content\/uploads\/sites\/179\/sites\/202\/2025\/09\/Resolucao_No-1_2025A_EGP__EaD_Regulamento_do_TCC.pdf\" class=\"wp-block-file__button wp-element-button\" download aria-describedby=\"wp-block-file--media-320817b4-2408-4ff6-8218-478c008a631a\">Baixar<\/a><\/div>\n<\/div>\n\n\n\n<p><\/p>\n","protected":false},"excerpt":{"rendered":"<p>Regulamento Calend\u00e1rio Acad\u00eamico Guia de Orienta\u00e7\u00e3o aos Estudantes (3\u00aa vers\u00e3o) Projeto Pedag\u00f3gico do Curso de Especializa\u00e7\u00e3o em Gest\u00e3o P\u00fablica &#8211; PNAP<\/p>\n","protected":false},"author":47,"featured_media":0,"parent":0,"menu_order":0,"comment_status":"closed","ping_status":"closed","template":"","meta":{"footnotes":""},"class_list":["post-34","page","type-page","status-publish","hentry"],"_links":{"self":[{"href":"https:\/\/www.ccsa.ufpb.br\/egp\/wp-json\/wp\/v2\/pages\/34","targetHints":{"allow":["GET"]}}],"collection":[{"href":"https:\/\/www.ccsa.ufpb.br\/egp\/wp-json\/wp\/v2\/pages"}],"about":[{"href":"https:\/\/www.ccsa.ufpb.br\/egp\/wp-json\/wp\/v2\/types\/page"}],"author":[{"embeddable":true,"href":"https:\/\/www.ccsa.ufpb.br\/egp\/wp-json\/wp\/v2\/users\/47"}],"replies":[{"embeddable":true,"href":"https:\/\/www.ccsa.ufpb.br\/egp\/wp-json\/wp\/v2\/comments?post=34"}],"version-history":[{"count":26,"href":"https:\/\/www.ccsa.ufpb.br\/egp\/wp-json\/wp\/v2\/pages\/34\/revisions"}],"predecessor-version":[{"id":370,"href":"https:\/\/www.ccsa.ufpb.br\/egp\/wp-json\/wp\/v2\/pages\/34\/revisions\/370"}],"wp:attachment":[{"href":"https:\/\/www.ccsa.ufpb.br\/egp\/wp-json\/wp\/v2\/media?parent=34"}],"curies":[{"name":"wp","href":"https:\/\/api.w.org\/{rel}","templated":true}]}}