{"id":58,"date":"2024-09-12T13:17:19","date_gmt":"2024-09-12T13:17:19","guid":{"rendered":"https:\/\/www.ccsa.ufpb.br\/egp\/?page_id=58"},"modified":"2026-04-16T17:53:09","modified_gmt":"2026-04-16T17:53:09","slug":"editais-e-eselecoes","status":"publish","type":"page","link":"https:\/\/www.ccsa.ufpb.br\/egp\/editais-e-eselecoes\/","title":{"rendered":"Editais e Sele\u00e7\u00f5es"},"content":{"rendered":"\n<p><strong>Consulta Eleitoral Complementar para Vice Coordenador<\/strong> &#8211; Edital EGP\/CCSA n\u00ba1\/2026<\/p>\n\n\n\n<p><a href=\"http:\/\/www.ccsa.ufpb.br\/egp\/wp-content\/uploads\/sites\/179\/sites\/202\/2026\/03\/Edital_EGP-CCSA_no1-2026_-_Consulta_Eleitoral_Complementar_Vice_Coord.pdf\">Edital<\/a><\/p>\n\n\n\n<p><a href=\"http:\/\/www.ccsa.ufpb.br\/egp\/wp-content\/uploads\/sites\/179\/sites\/202\/2026\/03\/lista_de_inscritos-_Consulta_Eleitoral_Complementar_Vice_Coordenador.docx_EGP.pdf\">Lista de candidaturas Inscritas<\/a><\/p>\n\n\n\n<p><a href=\"http:\/\/www.ccsa.ufpb.br\/egp\/wp-content\/uploads\/sites\/179\/sites\/202\/2026\/03\/Resultado_Pedido_de_Impugnacao_-_Consulta_Eleitoral_Complementar_Vice_Coordenado.pdf\">Resultado de Impugna\u00e7\u00e3o<\/a><\/p>\n\n\n\n<p><a href=\"http:\/\/www.ccsa.ufpb.br\/egp\/wp-content\/uploads\/sites\/179\/sites\/202\/2026\/03\/Resultado-Homologacao-das-Candidaturas.pdf\">Homologa\u00e7\u00e3o das Candidaturas<\/a><\/p>\n\n\n\n<p><a href=\"http:\/\/www.ccsa.ufpb.br\/egp\/wp-content\/uploads\/sites\/179\/sites\/202\/2026\/04\/Apuracao-e-divulgacao-do-resultado.pdf\">Resultado Provis\u00f3rio<\/a><\/p>\n\n\n\n<p><a href=\"http:\/\/www.ccsa.ufpb.br\/egp\/wp-content\/uploads\/sites\/179\/sites\/202\/2026\/04\/Impugnacao-do-Resultado-Provisorio_NAO-HOUVE.pdf\">Impugna\u00e7\u00e3o do Resultado<\/a><\/p>\n\n\n\n<p><a href=\"http:\/\/www.ccsa.ufpb.br\/egp\/wp-content\/uploads\/sites\/179\/sites\/202\/2026\/04\/RESULTADO_FINAL_DA_CONSULTA_ELEITORAL.docx_assinado.pdf\">Resultado Final<\/a><\/p>\n\n\n\n<p>.<\/p>\n\n\n\n<p><strong>Consulta Eleitoral Complementar para Vice Coordenador(a)<\/strong> &#8211; Edital EGP\/CCSA n<strong>\u00b0<\/strong> 3\/2024<\/p>\n\n\n\n<p><a href=\"http:\/\/www.ccsa.ufpb.br\/egp\/wp-content\/uploads\/sites\/179\/sites\/202\/2024\/12\/Edital-Consulta-Eleitoral-Complementar.pdf\">Edital<\/a><\/p>\n\n\n\n<p><a href=\"http:\/\/www.ccsa.ufpb.br\/egp\/wp-content\/uploads\/sites\/179\/sites\/202\/2024\/12\/Homologacao-das-Inscricoes.pdf\">Homologa\u00e7\u00e3o das candidaturas<\/a><\/p>\n\n\n\n<p><a href=\"http:\/\/www.ccsa.ufpb.br\/egp\/wp-content\/uploads\/sites\/179\/sites\/202\/2024\/12\/Resultado.pdf\">Resultado<\/a><\/p>\n\n\n\n<p>.<\/p>\n\n\n\n<p><strong>Credenciamento de Professor Formador Bolsista<\/strong> &#8211; Edital SEAD\/UFPB n<strong>\u00b0<\/strong> 3\/2024<\/p>\n\n\n\n<p><a href=\"https:\/\/www.sead.ufpb.br\/sead\/contents\/paginas\/processos-seletivos-uab-professor-formador\/2024\/edital-uab-ufpb-no-03-2024-processo-seletivo-para-professor-formador\">Edital<\/a><\/p>\n\n\n\n<p><a href=\"https:\/\/www.sead.ufpb.br\/sead\/contents\/paginas\/processos-seletivos-uab-professor-formador\/2024\/edital-uab-ufpb-no-03-2024-processo-seletivo-para-professor-formador\">Resultado<\/a><\/p>\n\n\n\n<p>.<\/p>\n\n\n\n<p><strong>Cadastro de Reserva de Tutores<\/strong> &#8211; Edital EGP\/CCSA n<strong>\u00b0<\/strong> 2\/2024<\/p>\n\n\n\n<p><a href=\"https:\/\/www.ccsa.ufpb.br\/ccsa\/contents\/documentos\/Edital_retificado1.pdf\">Edital<\/a><\/p>\n\n\n\n<p><a href=\"http:\/\/www.ccsa.ufpb.br\/egp\/wp-content\/uploads\/sites\/179\/sites\/202\/2024\/09\/Homologacao-das-inscricoes-1.pdf\">Homologa\u00e7\u00e3o das Inscri\u00e7\u00f5es (preliminar)<\/a><\/p>\n\n\n\n<p><a href=\"http:\/\/www.ccsa.ufpb.br\/egp\/wp-content\/uploads\/sites\/179\/sites\/202\/2024\/09\/Homologacao-das-inscricoes-FINAL.pdf\">Homologa\u00e7\u00e3o das Inscri\u00e7\u00f5es (final)<\/a><\/p>\n\n\n\n<p><a href=\"http:\/\/www.ccsa.ufpb.br\/egp\/wp-content\/uploads\/sites\/179\/sites\/202\/2024\/09\/Resultados-preliminar.pdf\">Resultado (preliminar)<\/a><\/p>\n\n\n\n<p><a href=\"http:\/\/www.ccsa.ufpb.br\/egp\/wp-content\/uploads\/sites\/179\/sites\/202\/2024\/10\/Resultado-final.pdf\">Resultado (definitivo)<\/a><\/p>\n\n\n\n<p>.<\/p>\n\n\n\n<p><strong>Consulta Eleitoral para a Coordena\u00e7\u00e3o<\/strong> &#8211; Edital EGP\/CCSA n<strong>\u00b0<\/strong> 1\/2024<\/p>\n\n\n\n<p><a href=\"https:\/\/www.ccsa.ufpb.br\/dgp\/contents\/noticias\/edital-01-2024-egp-ccsa-consulta-eleitoral-para-coordenador-e-vice-coordenador-do-curso-de-especializacao-em-gestao-publica\">Edital<\/a><\/p>\n\n\n\n<p><a href=\"https:\/\/www.ccsa.ufpb.br\/dgp\/contents\/documentos\/Resultado_preliminar.pdf\">Resultado<\/a><\/p>\n\n\n\n<p>.<\/p>\n\n\n\n<p><strong>Credenciamento de Professor Formador Bolsista<\/strong> &#8211; Edital UAB\/UFPB n<strong>\u00b0<\/strong> 04\/2025<\/p>\n\n\n\n<p><a href=\"http:\/\/www.sead.ufpb.br\/sead\/contents\/documentos\/documentos-uab\/EditalUAB042025.pdf\">Edital<\/a><\/p>\n\n\n\n<p><a href=\"https:\/\/www.sead.ufpb.br\/sead\/contents\/paginas\/processos-seletivos-uab-professor-formador\/2025\/edital-uab-ufpb-no-04-2025-professor-formador\/2025EditalUAB042025_final_classificacao.pdf\">Resultado<\/a><\/p>\n\n\n\n<p><\/p>\n\n\n\n<p><\/p>\n","protected":false},"excerpt":{"rendered":"<p>Consulta Eleitoral Complementar para Vice Coordenador &#8211; Edital EGP\/CCSA n\u00ba1\/2026 Edital Lista de candidaturas Inscritas Resultado de Impugna\u00e7\u00e3o Homologa\u00e7\u00e3o das Candidaturas Resultado Provis\u00f3rio Impugna\u00e7\u00e3o do Resultado Resultado Final . Consulta Eleitoral Complementar para Vice Coordenador(a) &#8211; Edital EGP\/CCSA n\u00b0 3\/2024 Edital Homologa\u00e7\u00e3o das candidaturas Resultado . Credenciamento de Professor Formador Bolsista &#8211; Edital SEAD\/UFPB n\u00b0 [&hellip;]<\/p>\n","protected":false},"author":141,"featured_media":0,"parent":0,"menu_order":0,"comment_status":"closed","ping_status":"closed","template":"","meta":{"footnotes":""},"class_list":["post-58","page","type-page","status-publish","hentry"],"_links":{"self":[{"href":"https:\/\/www.ccsa.ufpb.br\/egp\/wp-json\/wp\/v2\/pages\/58","targetHints":{"allow":["GET"]}}],"collection":[{"href":"https:\/\/www.ccsa.ufpb.br\/egp\/wp-json\/wp\/v2\/pages"}],"about":[{"href":"https:\/\/www.ccsa.ufpb.br\/egp\/wp-json\/wp\/v2\/types\/page"}],"author":[{"embeddable":true,"href":"https:\/\/www.ccsa.ufpb.br\/egp\/wp-json\/wp\/v2\/users\/141"}],"replies":[{"embeddable":true,"href":"https:\/\/www.ccsa.ufpb.br\/egp\/wp-json\/wp\/v2\/comments?post=58"}],"version-history":[{"count":33,"href":"https:\/\/www.ccsa.ufpb.br\/egp\/wp-json\/wp\/v2\/pages\/58\/revisions"}],"predecessor-version":[{"id":403,"href":"https:\/\/www.ccsa.ufpb.br\/egp\/wp-json\/wp\/v2\/pages\/58\/revisions\/403"}],"wp:attachment":[{"href":"https:\/\/www.ccsa.ufpb.br\/egp\/wp-json\/wp\/v2\/media?parent=58"}],"curies":[{"name":"wp","href":"https:\/\/api.w.org\/{rel}","templated":true}]}}