{"id":134,"date":"2025-06-16T22:38:47","date_gmt":"2025-06-16T22:38:47","guid":{"rendered":"https:\/\/www.ccsa.ufpb.br\/gadm\/?page_id=134"},"modified":"2026-04-10T14:15:30","modified_gmt":"2026-04-10T14:15:30","slug":"tcc-i","status":"publish","type":"page","link":"https:\/\/www.ccsa.ufpb.br\/gadm\/tcc-i-e-ii\/tcc-i\/","title":{"rendered":"TCC I"},"content":{"rendered":"\n<p><a href=\"https:\/\/docs.google.com\/document\/d\/1o1-Y9ZcBaCj8i73Na5Drf4A1Fu1HYFuI\/edit#heading=h.gjdgxs\" target=\"_blank\" rel=\"noreferrer noopener\">Cronograma TCC I<\/a><\/p>\n\n\n\n<p><a href=\"https:\/\/www.ccsa.ufpb.br\/cadm\/contents\/documentos\/tcc\/manual-de-tcc-i.pdf\">Manual de TCC I<\/a><\/p>\n\n\n\n<p><a href=\"https:\/\/docs.google.com\/spreadsheets\/d\/1xNc0-Oejv_CU16utHdVkDmcysQpfgLVk\/edit?usp=sharing&amp;ouid=114004132850918635521&amp;rtpof=true&amp;sd=true\">Disponibilidade para orienta\u00e7\u00e3o de TCC I <\/a><\/p>\n\n\n\n<p><a href=\"https:\/\/docs.google.com\/document\/d\/1oYS_AheL8k6CPx2SrNGpyL382UW9vCPk\/edit\" target=\"_blank\" rel=\"noreferrer noopener\">Pr\u00e9-requisitos para matr\u00edcula em TCC I<\/a><\/p>\n\n\n\n<p><a href=\"https:\/\/docs.google.com\/document\/d\/13l9tPtiztB3bjJmdW7vAkA0OD1CGL3Cb\/edit?usp=sharing&amp;ouid=117754411751472416115&amp;rtpof=true&amp;sd=true\" target=\"_blank\" rel=\"noreferrer noopener\">Cadastro TCC I e II &#8211; Termo de Aceite de Orienta\u00e7\u00e3o<\/a><\/p>\n\n\n\n<p><a href=\"https:\/\/docs.google.com\/document\/d\/1v69WhVl4KrylS-rYFjASCxrZ0preL-Cn\/edit?usp=sharing&amp;ouid=117754411751472416115&amp;rtpof=true&amp;sd=true\" target=\"_blank\" rel=\"noreferrer noopener\">Requerimento &#8211; Mudan\u00e7a de orientador(a)<\/a><\/p>\n\n\n\n<p><\/p>\n","protected":false},"excerpt":{"rendered":"<p>Cronograma TCC I Manual de TCC I Disponibilidade para orienta\u00e7\u00e3o de TCC I Pr\u00e9-requisitos para matr\u00edcula em TCC I Cadastro TCC I e II &#8211; Termo de Aceite de Orienta\u00e7\u00e3o Requerimento &#8211; Mudan\u00e7a de orientador(a)<\/p>\n","protected":false},"author":218,"featured_media":0,"parent":118,"menu_order":0,"comment_status":"closed","ping_status":"closed","template":"","meta":{"footnotes":""},"class_list":["post-134","page","type-page","status-publish","hentry"],"_links":{"self":[{"href":"https:\/\/www.ccsa.ufpb.br\/gadm\/wp-json\/wp\/v2\/pages\/134","targetHints":{"allow":["GET"]}}],"collection":[{"href":"https:\/\/www.ccsa.ufpb.br\/gadm\/wp-json\/wp\/v2\/pages"}],"about":[{"href":"https:\/\/www.ccsa.ufpb.br\/gadm\/wp-json\/wp\/v2\/types\/page"}],"author":[{"embeddable":true,"href":"https:\/\/www.ccsa.ufpb.br\/gadm\/wp-json\/wp\/v2\/users\/218"}],"replies":[{"embeddable":true,"href":"https:\/\/www.ccsa.ufpb.br\/gadm\/wp-json\/wp\/v2\/comments?post=134"}],"version-history":[{"count":4,"href":"https:\/\/www.ccsa.ufpb.br\/gadm\/wp-json\/wp\/v2\/pages\/134\/revisions"}],"predecessor-version":[{"id":404,"href":"https:\/\/www.ccsa.ufpb.br\/gadm\/wp-json\/wp\/v2\/pages\/134\/revisions\/404"}],"up":[{"embeddable":true,"href":"https:\/\/www.ccsa.ufpb.br\/gadm\/wp-json\/wp\/v2\/pages\/118"}],"wp:attachment":[{"href":"https:\/\/www.ccsa.ufpb.br\/gadm\/wp-json\/wp\/v2\/media?parent=134"}],"curies":[{"name":"wp","href":"https:\/\/api.w.org\/{rel}","templated":true}]}}