{"id":136,"date":"2025-06-16T22:41:33","date_gmt":"2025-06-16T22:41:33","guid":{"rendered":"https:\/\/www.ccsa.ufpb.br\/gadm\/?page_id=136"},"modified":"2026-03-13T21:37:53","modified_gmt":"2026-03-13T21:37:53","slug":"tcc-ii","status":"publish","type":"page","link":"https:\/\/www.ccsa.ufpb.br\/gadm\/tcc-i-e-ii\/tcc-ii\/","title":{"rendered":"TCC II"},"content":{"rendered":"\n<p><a href=\"https:\/\/www.ccsa.ufpb.br\/gadm\/wp-content\/uploads\/sites\/179\/sites\/259\/2025\/10\/Calendario-Geral-2025.2-GADM-UFPB.pdf\" target=\"_blank\" rel=\"noreferrer noopener\">Cronograma TCC II &#8211; P\u00e1gina 3 no Calend\u00e1rio Geral  <\/a><\/p>\n\n\n\n<p><a href=\"https:\/\/docs.google.com\/document\/d\/13l9tPtiztB3bjJmdW7vAkA0OD1CGL3Cb\/edit?usp=sharing&amp;ouid=117754411751472416115&amp;rtpof=true&amp;sd=true\" target=\"_blank\" rel=\"noreferrer noopener\">Cadastro TCC I e II &#8211; Termo de Aceite de Orienta\u00e7\u00e3o<\/a><\/p>\n\n\n\n<p><a href=\"https:\/\/docs.google.com\/document\/d\/1v69WhVl4KrylS-rYFjASCxrZ0preL-Cn\/edit?usp=sharing&amp;ouid=117754411751472416115&amp;rtpof=true&amp;sd=true\" target=\"_blank\" rel=\"noreferrer noopener\">Requerimento &#8211; Mudan\u00e7a de orientador(a)<\/a><\/p>\n\n\n\n<p><a href=\"https:\/\/docs.google.com\/document\/d\/1QyfLXApKmCPBS0dzdOlIhPMBe2SzwfyR\/edit?usp=sharing&amp;ouid=117754411751472416115&amp;rtpof=true&amp;sd=true\" target=\"_blank\" rel=\"noreferrer noopener\">Entrega de TCC II &#8211; Antes (1\u00aa etapa) e Depois (Entrega Final) da Defesa P\u00fablica<\/a><\/p>\n\n\n\n<p><a href=\"https:\/\/docs.google.com\/presentation\/d\/1k5ruazDrjXLm5OB3KCsj8cdZALoJiTLl\/edit#slide=id.p1\" target=\"_blank\" rel=\"noreferrer noopener\">Slide Padr\u00e3o para Defesa de TCC II &#8211; GADM<\/a><\/p>\n\n\n\n<p><a href=\"https:\/\/docs.google.com\/document\/d\/1uCu5dCwwv9yGjJcPzossjsQAX8Nn7URV\/edit\">Bancas TCC II 2025.2<\/a><\/p>\n\n\n\n<p><a href=\"https:\/\/repositorio.ufpb.br\/jspui\/simple-search?filterquery=TCC&amp;filtername=type&amp;filtertype=equals\">Acesso aos Trabalhos de Conclus\u00e3o de Curso do curso de Administra\u00e7\u00e3o (CCSA)<\/a><\/p>\n\n\n\n<p><\/p>\n","protected":false},"excerpt":{"rendered":"<p>Cronograma TCC II &#8211; P\u00e1gina 3 no Calend\u00e1rio Geral Cadastro TCC I e II &#8211; Termo de Aceite de Orienta\u00e7\u00e3o Requerimento &#8211; Mudan\u00e7a de orientador(a) Entrega de TCC II &#8211; Antes (1\u00aa etapa) e Depois (Entrega Final) da Defesa P\u00fablica Slide Padr\u00e3o para Defesa de TCC II &#8211; GADM Bancas TCC II 2025.2 Acesso aos [&hellip;]<\/p>\n","protected":false},"author":218,"featured_media":0,"parent":118,"menu_order":0,"comment_status":"closed","ping_status":"closed","template":"","meta":{"footnotes":""},"class_list":["post-136","page","type-page","status-publish","hentry"],"_links":{"self":[{"href":"https:\/\/www.ccsa.ufpb.br\/gadm\/wp-json\/wp\/v2\/pages\/136","targetHints":{"allow":["GET"]}}],"collection":[{"href":"https:\/\/www.ccsa.ufpb.br\/gadm\/wp-json\/wp\/v2\/pages"}],"about":[{"href":"https:\/\/www.ccsa.ufpb.br\/gadm\/wp-json\/wp\/v2\/types\/page"}],"author":[{"embeddable":true,"href":"https:\/\/www.ccsa.ufpb.br\/gadm\/wp-json\/wp\/v2\/users\/218"}],"replies":[{"embeddable":true,"href":"https:\/\/www.ccsa.ufpb.br\/gadm\/wp-json\/wp\/v2\/comments?post=136"}],"version-history":[{"count":4,"href":"https:\/\/www.ccsa.ufpb.br\/gadm\/wp-json\/wp\/v2\/pages\/136\/revisions"}],"predecessor-version":[{"id":373,"href":"https:\/\/www.ccsa.ufpb.br\/gadm\/wp-json\/wp\/v2\/pages\/136\/revisions\/373"}],"up":[{"embeddable":true,"href":"https:\/\/www.ccsa.ufpb.br\/gadm\/wp-json\/wp\/v2\/pages\/118"}],"wp:attachment":[{"href":"https:\/\/www.ccsa.ufpb.br\/gadm\/wp-json\/wp\/v2\/media?parent=136"}],"curies":[{"name":"wp","href":"https:\/\/api.w.org\/{rel}","templated":true}]}}