{"id":139,"date":"2025-06-16T22:43:46","date_gmt":"2025-06-16T22:43:46","guid":{"rendered":"https:\/\/www.ccsa.ufpb.br\/gadm\/?page_id=139"},"modified":"2026-03-12T15:18:33","modified_gmt":"2026-03-12T15:18:33","slug":"formularios","status":"publish","type":"page","link":"https:\/\/www.ccsa.ufpb.br\/gadm\/tcc-i-e-ii\/formularios\/","title":{"rendered":"Formul\u00e1rios"},"content":{"rendered":"\n<h3 class=\"wp-block-heading\">Os formul\u00e1rios a serem usados no TCC s\u00e3o os seguintes:<\/h3>\n\n\n\n<h3 class=\"wp-block-heading\">&nbsp;<\/h3>\n\n\n\n<ul class=\"wp-block-list\">\n<li><strong>Termo de aceite de orienta\u00e7\u00e3o<\/strong>: no in\u00edcio de cada semestre, o(a) discente deve apresentar ao(\u00e0) respons\u00e1vel pela disciplina o formul\u00e1rio de aceite, que ser devidamente preenchido e assinado. O formul\u00e1rio pode ser encontrado aqui.&nbsp;<strong><a href=\"https:\/\/docs.google.com\/document\/d\/13l9tPtiztB3bjJmdW7vAkA0OD1CGL3Cb\/edit\" target=\"_blank\" rel=\"noreferrer noopener\">Link<\/a><\/strong><\/li>\n\n\n\n<li><strong>Termo de mudan\u00e7a de orientador(a)<\/strong>: caso o aluno passe por mudan\u00e7a de orienta\u00e7\u00e3o, deve encaminhar ao(\u00e0) respons\u00e1vel pelo TCC, em formul\u00e1rio espec\u00edfico, que deve ser devidamente preenchido e assinado. O formul\u00e1rio pode ser encontrado aqui.&nbsp;<strong><a href=\"https:\/\/docs.google.com\/document\/d\/1v69WhVl4KrylS-rYFjASCxrZ0preL-Cn\/edit\" target=\"_blank\" rel=\"noreferrer noopener\">Link<\/a><\/strong><\/li>\n\n\n\n<li><strong>Declara\u00e7\u00e3o de Orientador(a) &#8211; Membro Externo:&nbsp;<\/strong>caso o orientador escolha um dos avaliadores que n\u00e3o seja um docente vinculado \u00e0 UFPB, \u00e9 necess\u00e1rio que este envie \u00e0 Coordena\u00e7\u00e3o a Declara\u00e7\u00e3o de Membro Externo que consta neste<strong><a href=\"https:\/\/docs.google.com\/document\/d\/1JAxsdiQXjorDgDBY17U188wZlRmez7iR\/edit\" target=\"_blank\" rel=\"noreferrer noopener\">&nbsp;Link<\/a>.<\/strong>&nbsp;&nbsp;<\/li>\n\n\n\n<li><strong>Termo de originalidade:<\/strong>&nbsp;o termo dever\u00e1 ser enviado \u00e0 Coordena\u00e7\u00e3o juntamente com a entrega da primeira etapa do TCC II (anterior \u00e0 defesa), com data prevista no cronograma de TCC II. O formul\u00e1rio pode ser encontrado aqui.&nbsp;<strong><a href=\"https:\/\/docs.google.com\/document\/d\/1ncdDNAbUaJfFdD7-GFemD8Ndl3YcEDt_\/edit?usp=sharing&amp;ouid=117754411751472416115&amp;rtpof=true&amp;sd=true\" target=\"_blank\" rel=\"noreferrer noopener\">Link<\/a><\/strong>&nbsp;<\/li>\n\n\n\n<li><strong>Parecer do orientador<\/strong>&nbsp;(entrega da 1\u00aa Etapa &#8211; anterior \u00e0 defesa): o parecer do orientador deve constar na terceira folha do TCC II,&nbsp;assinado pelo orientador aprovando o trabalho, relatando que est\u00e1 apto para a entrega e a apresenta\u00e7\u00e3o.&nbsp;<strong><a href=\"https:\/\/docs.google.com\/document\/d\/1MByhQiIu7ECBYF1pFXHhTlV1Cv6aDw4F\/edit?usp=sharing&amp;ouid=117754411751472416115&amp;rtpof=true&amp;sd=true\" target=\"_blank\" rel=\"noreferrer noopener\">Link<\/a><\/strong>&nbsp;<\/li>\n\n\n\n<li><strong>Ficha de avalia\u00e7\u00e3o &#8211; TCC I<\/strong>: no prazo estabelecido no cronograma de TCC I, os alunos (curr\u00edculo 2019) dever\u00e3o enviar ao e-mail da Coordena\u00e7\u00e3o a ficha de avalia\u00e7\u00e3o com a m\u00e9dia final atribu\u00edda pelo(a) orientador(a) . O formul\u00e1rio pode ser encontrado aqui.\u00a0<a href=\"https:\/\/docs.google.com\/document\/d\/1-gIsBAHHCOKtTeYajX8jbmmC7uKufauc\/edit\" data-type=\"link\" data-id=\"https:\/\/docs.google.com\/document\/d\/1-gIsBAHHCOKtTeYajX8jbmmC7uKufauc\/edit\"><strong>Link\u00a0<\/strong>\u00a0<\/a><\/li>\n\n\n\n<li><strong>Instrumento de avalia\u00e7\u00e3o do TCC II em defesa p\u00fablica<\/strong>: quando da defesa do TCC, o(a) discente ter\u00e1 seu trabalho avaliado por cada membro avaliador, em formul\u00e1rio espec\u00edfico. No documento deste link, o orientador e avaliadores ter\u00e3o as Fichas de Avalia\u00e7\u00e3o individual e coletiva, bem como a Ata de Defesa de Trabalho de Conclus\u00e3o de Curso, que dever\u00e1 ser preenchida pelo orientador e assinada por todos os membros da banca. Os formul\u00e1rios podem ser encontrados neste<strong><a href=\"https:\/\/docs.google.com\/document\/d\/1s_md4ixG6H1cAbckP1iglGFs2O-Y4uqV\/edit\" data-type=\"link\" data-id=\"https:\/\/docs.google.com\/document\/d\/1s_md4ixG6H1cAbckP1iglGFs2O-Y4uqV\/edit\" target=\"_blank\" rel=\"noreferrer noopener\">\u00a0Link.<\/a><\/strong><\/li>\n<\/ul>\n","protected":false},"excerpt":{"rendered":"<p>Os formul\u00e1rios a serem usados no TCC s\u00e3o os seguintes: &nbsp;<\/p>\n","protected":false},"author":218,"featured_media":0,"parent":118,"menu_order":0,"comment_status":"closed","ping_status":"closed","template":"","meta":{"footnotes":""},"class_list":["post-139","page","type-page","status-publish","hentry"],"_links":{"self":[{"href":"https:\/\/www.ccsa.ufpb.br\/gadm\/wp-json\/wp\/v2\/pages\/139","targetHints":{"allow":["GET"]}}],"collection":[{"href":"https:\/\/www.ccsa.ufpb.br\/gadm\/wp-json\/wp\/v2\/pages"}],"about":[{"href":"https:\/\/www.ccsa.ufpb.br\/gadm\/wp-json\/wp\/v2\/types\/page"}],"author":[{"embeddable":true,"href":"https:\/\/www.ccsa.ufpb.br\/gadm\/wp-json\/wp\/v2\/users\/218"}],"replies":[{"embeddable":true,"href":"https:\/\/www.ccsa.ufpb.br\/gadm\/wp-json\/wp\/v2\/comments?post=139"}],"version-history":[{"count":3,"href":"https:\/\/www.ccsa.ufpb.br\/gadm\/wp-json\/wp\/v2\/pages\/139\/revisions"}],"predecessor-version":[{"id":368,"href":"https:\/\/www.ccsa.ufpb.br\/gadm\/wp-json\/wp\/v2\/pages\/139\/revisions\/368"}],"up":[{"embeddable":true,"href":"https:\/\/www.ccsa.ufpb.br\/gadm\/wp-json\/wp\/v2\/pages\/118"}],"wp:attachment":[{"href":"https:\/\/www.ccsa.ufpb.br\/gadm\/wp-json\/wp\/v2\/media?parent=139"}],"curies":[{"name":"wp","href":"https:\/\/api.w.org\/{rel}","templated":true}]}}