{"id":167,"date":"2025-07-23T21:39:37","date_gmt":"2025-07-23T21:39:37","guid":{"rendered":"https:\/\/www.ccsa.ufpb.br\/gadm\/?page_id=167"},"modified":"2026-04-07T18:30:09","modified_gmt":"2026-04-07T18:30:09","slug":"estagio-nao-obrigatorio","status":"publish","type":"page","link":"https:\/\/www.ccsa.ufpb.br\/gadm\/neppa\/estagio-nao-obrigatorio\/","title":{"rendered":"Est\u00e1gio N\u00e3o-obrigat\u00f3rio"},"content":{"rendered":"\n<p><\/p>\n\n\n\n<ol class=\"wp-block-list\">\n<li><a href=\"https:\/\/www.ccsa.ufpb.br\/gadm\/wp-content\/uploads\/sites\/179\/sites\/259\/2025\/07\/formalizando-o-estagio-nao-obrigatorio.pdf\" data-type=\"attachment\" data-id=\"173\">Etapas para formalizar um est\u00e1gio<\/a><\/li>\n\n\n\n<li><a href=\"https:\/\/www.ccsa.ufpb.br\/gadm\/wp-content\/uploads\/sites\/179\/sites\/259\/2025\/07\/cadastro-no-sigaa-estagio-nao-obrigatorio.pdf\" data-type=\"attachment\" data-id=\"170\">Cadastro no SIGAA<\/a><\/li>\n\n\n\n<li><a href=\"https:\/\/www.ccsa.ufpb.br\/gadm\/wp-content\/uploads\/sites\/179\/sites\/259\/2025\/07\/estag-NAO-obrig-relatorio.pdf\" data-type=\"attachment\" data-id=\"172\">Relat\u00f3rio<\/a><\/li>\n\n\n\n<li><a href=\"https:\/\/www.ccsa.ufpb.br\/gadm\/wp-content\/uploads\/sites\/179\/sites\/259\/2025\/07\/aditar-TCE.pdf\" data-type=\"attachment\" data-id=\"169\">Termo aditivo\/prorroga\u00e7\u00e3o de est\u00e1gio<\/a><\/li>\n\n\n\n<li><a href=\"https:\/\/www.ccsa.ufpb.br\/gadm\/wp-content\/uploads\/sites\/179\/sites\/259\/2025\/07\/cancelamento-de-estagio.pdf\" data-type=\"attachment\" data-id=\"171\">Cancelamento de est\u00e1gio<\/a><\/li>\n\n\n\n<li><a href=\"https:\/\/docs.google.com\/document\/d\/1EtKxMHvuydJfbf-k_IEpe357eaa70Z9y\/edit?usp=sharing&amp;ouid=114004132850918635521&amp;rtpof=true&amp;sd=true\">D\u00favidas frequentes<\/a><\/li>\n\n\n\n<li><a href=\"https:\/\/www.prg.ufpb.br\/convenios\/\">Como a empresa solicita conv\u00eanio com a UFPB<\/a><\/li>\n\n\n\n<li><a href=\"https:\/\/docs.google.com\/document\/d\/1Eegg1Wj5Ae5wtmqLuAI6AbpJIIN2p898\/edit?usp=sharing&amp;ouid=114004132850918635521&amp;rtpof=true&amp;sd=true\">Como cadastrar supervisor de est\u00e1gio<\/a><\/li>\n<\/ol>\n\n\n\n<p><\/p>\n\n\n\n<p>ATEN\u00c7\u00c3O(!): Para que a Coordena\u00e7\u00e3o do curso possa assinar o Termo de Compromisso de Est\u00e1gio (TCE) \u00e9 <strong>obrigat\u00f3rio<\/strong> que o discente fa\u00e7a o <strong>cadastro do est\u00e1gio no SIGAA<\/strong> (e para isso a empresa DEVE ter conv\u00eanio ativo com a UFPB ou com um agente de integra\u00e7\u00e3o conveniado \u00e0 UFPB). Veja como cadastrar o est\u00e1gio no sigaa clicando no item 2 acima.<\/p>\n","protected":false},"excerpt":{"rendered":"<p>ATEN\u00c7\u00c3O(!): Para que a Coordena\u00e7\u00e3o do curso possa assinar o Termo de Compromisso de Est\u00e1gio (TCE) \u00e9 obrigat\u00f3rio que o discente fa\u00e7a o cadastro do est\u00e1gio no SIGAA (e para isso a empresa DEVE ter conv\u00eanio ativo com a UFPB ou com um agente de integra\u00e7\u00e3o conveniado \u00e0 UFPB). Veja como cadastrar o est\u00e1gio no [&hellip;]<\/p>\n","protected":false},"author":218,"featured_media":0,"parent":41,"menu_order":2,"comment_status":"closed","ping_status":"closed","template":"","meta":{"footnotes":""},"class_list":["post-167","page","type-page","status-publish","hentry"],"_links":{"self":[{"href":"https:\/\/www.ccsa.ufpb.br\/gadm\/wp-json\/wp\/v2\/pages\/167","targetHints":{"allow":["GET"]}}],"collection":[{"href":"https:\/\/www.ccsa.ufpb.br\/gadm\/wp-json\/wp\/v2\/pages"}],"about":[{"href":"https:\/\/www.ccsa.ufpb.br\/gadm\/wp-json\/wp\/v2\/types\/page"}],"author":[{"embeddable":true,"href":"https:\/\/www.ccsa.ufpb.br\/gadm\/wp-json\/wp\/v2\/users\/218"}],"replies":[{"embeddable":true,"href":"https:\/\/www.ccsa.ufpb.br\/gadm\/wp-json\/wp\/v2\/comments?post=167"}],"version-history":[{"count":5,"href":"https:\/\/www.ccsa.ufpb.br\/gadm\/wp-json\/wp\/v2\/pages\/167\/revisions"}],"predecessor-version":[{"id":400,"href":"https:\/\/www.ccsa.ufpb.br\/gadm\/wp-json\/wp\/v2\/pages\/167\/revisions\/400"}],"up":[{"embeddable":true,"href":"https:\/\/www.ccsa.ufpb.br\/gadm\/wp-json\/wp\/v2\/pages\/41"}],"wp:attachment":[{"href":"https:\/\/www.ccsa.ufpb.br\/gadm\/wp-json\/wp\/v2\/media?parent=167"}],"curies":[{"name":"wp","href":"https:\/\/api.w.org\/{rel}","templated":true}]}}