{"id":177,"date":"2025-07-23T22:11:17","date_gmt":"2025-07-23T22:11:17","guid":{"rendered":"https:\/\/www.ccsa.ufpb.br\/gadm\/?page_id=177"},"modified":"2026-04-07T19:02:19","modified_gmt":"2026-04-07T19:02:19","slug":"estagio-obrigatorio","status":"publish","type":"page","link":"https:\/\/www.ccsa.ufpb.br\/gadm\/neppa\/estagio-obrigatorio\/","title":{"rendered":"Est\u00e1gio Obrigat\u00f3rio"},"content":{"rendered":"\n<p><\/p>\n\n\n\n<p><a href=\"https:\/\/www.ccsa.ufpb.br\/gadm\/wp-content\/uploads\/sites\/179\/sites\/259\/2025\/10\/Calendario-Geral-2025.2-GADM-UFPB.pdf\" data-type=\"attachment\" data-id=\"302\">Cronograma ESA&#8217;s (I, II, III e IV) e ECS II<\/a> (Cronograma do NEPPA)<\/p>\n\n\n\n<p><\/p>\n\n\n\n<ol class=\"wp-block-list\">\n<li><a href=\"https:\/\/www.canva.com\/design\/DAFpY6rwja0\/xqNFXKMfKePextOz7CmN4A\/edit\">O que \u00e9 est\u00e1gio obrigat\u00f3rio?<\/a><\/li>\n\n\n\n<li><a href=\"https:\/\/www.ccsa.ufpb.br\/gadm\/wp-content\/uploads\/sites\/179\/sites\/259\/2025\/07\/Fluxograma-ESA-Estagio-Obrigatorio.pdf\" data-type=\"attachment\" data-id=\"182\">Fluxograma ESA (I, II, III e IV)<\/a><\/li>\n\n\n\n<li><a href=\"https:\/\/docs.google.com\/document\/d\/1RoxNSgl2uYfHu6D7Tavme2QyyxRmZLlR0fLasDA63uE\/edit?usp=sharing\">Formul\u00e1rio de matr\u00edcula<\/a><\/li>\n\n\n\n<li><a href=\"https:\/\/www.ccsa.ufpb.br\/gadm\/wp-content\/uploads\/sites\/179\/sites\/259\/2025\/07\/cadastro-no-neppa.pdf\" data-type=\"attachment\" data-id=\"179\">Cadastro do Aproveitamento para os ESA&#8217;s<\/a><\/li>\n\n\n\n<li><a href=\"https:\/\/docs.google.com\/document\/d\/1rNgJry8E9Zg43tFpfThFlCTuH47rNBRC\/edit\">Est\u00e1gio Obrigat\u00f3rio Integralmente pelo NEPPA<\/a><\/li>\n\n\n\n<li><a href=\"https:\/\/www.ccsa.ufpb.br\/gadm\/wp-content\/uploads\/sites\/179\/sites\/259\/2025\/06\/ESA-modelo-de-relatorio.pdf\" data-type=\"attachment\" data-id=\"150\">Relat\u00f3rio ESA<\/a><\/li>\n\n\n\n<li><a href=\"https:\/\/docs.google.com\/document\/d\/1PE_xks3haGn1xKabLOkjKgh2t5uqxdwU\/edit\">D\u00favidas Frequentes<\/a><\/li>\n<\/ol>\n\n\n\n<p><\/p>\n\n\n\n<p>OBS: Para <strong>aproveitar seu est\u00e1gio <\/strong>N\u00c3O-OBRIGAT\u00d3RIO ou sua <strong>experi\u00eancia<\/strong> PROFISSIONAL para os <strong>ESA&#8217;s (I, II, III e IV) <\/strong>\u00e9 necess\u00e1rio que voc\u00ea solicite a matr\u00edcula no ESA no in\u00edcio do semestre, para que, posteriormente, na data prevista no cronograma do NEPPA, solicite o aproveitamento enviando toda a documenta\u00e7\u00e3o de aproveitamento necess\u00e1ria (indicada no cronograma).<\/p>\n\n\n\n<p>O cronogrma do NEPPA &#8211; Est\u00e1gio est\u00e1 contido no Calend\u00e1rio Geral do GADM publicado neste site.<\/p>\n\n\n\n<p><\/p>\n","protected":false},"excerpt":{"rendered":"<p>Cronograma ESA&#8217;s (I, II, III e IV) e ECS II (Cronograma do NEPPA) OBS: Para aproveitar seu est\u00e1gio N\u00c3O-OBRIGAT\u00d3RIO ou sua experi\u00eancia PROFISSIONAL para os ESA&#8217;s (I, II, III e IV) \u00e9 necess\u00e1rio que voc\u00ea solicite a matr\u00edcula no ESA no in\u00edcio do semestre, para que, posteriormente, na data prevista no cronograma do NEPPA, solicite [&hellip;]<\/p>\n","protected":false},"author":218,"featured_media":0,"parent":41,"menu_order":1,"comment_status":"closed","ping_status":"closed","template":"","meta":{"footnotes":""},"class_list":["post-177","page","type-page","status-publish","hentry"],"_links":{"self":[{"href":"https:\/\/www.ccsa.ufpb.br\/gadm\/wp-json\/wp\/v2\/pages\/177","targetHints":{"allow":["GET"]}}],"collection":[{"href":"https:\/\/www.ccsa.ufpb.br\/gadm\/wp-json\/wp\/v2\/pages"}],"about":[{"href":"https:\/\/www.ccsa.ufpb.br\/gadm\/wp-json\/wp\/v2\/types\/page"}],"author":[{"embeddable":true,"href":"https:\/\/www.ccsa.ufpb.br\/gadm\/wp-json\/wp\/v2\/users\/218"}],"replies":[{"embeddable":true,"href":"https:\/\/www.ccsa.ufpb.br\/gadm\/wp-json\/wp\/v2\/comments?post=177"}],"version-history":[{"count":8,"href":"https:\/\/www.ccsa.ufpb.br\/gadm\/wp-json\/wp\/v2\/pages\/177\/revisions"}],"predecessor-version":[{"id":402,"href":"https:\/\/www.ccsa.ufpb.br\/gadm\/wp-json\/wp\/v2\/pages\/177\/revisions\/402"}],"up":[{"embeddable":true,"href":"https:\/\/www.ccsa.ufpb.br\/gadm\/wp-json\/wp\/v2\/pages\/41"}],"wp:attachment":[{"href":"https:\/\/www.ccsa.ufpb.br\/gadm\/wp-json\/wp\/v2\/media?parent=177"}],"curies":[{"name":"wp","href":"https:\/\/api.w.org\/{rel}","templated":true}]}}