{"id":184,"date":"2025-07-23T22:16:53","date_gmt":"2025-07-23T22:16:53","guid":{"rendered":"https:\/\/www.ccsa.ufpb.br\/gadm\/?page_id=184"},"modified":"2025-11-11T21:29:19","modified_gmt":"2025-11-11T21:29:19","slug":"aproveitamento-de-experiencia-profissional","status":"publish","type":"page","link":"https:\/\/www.ccsa.ufpb.br\/gadm\/neppa\/aproveitamento-de-experiencia-profissional\/","title":{"rendered":"Aproveitamento de Experi\u00eancia Profissional"},"content":{"rendered":"\n<p><\/p>\n\n\n\n<p>O&nbsp;<strong>Aproveitamento de Experi\u00eancia Profissional<\/strong>&nbsp;\u00e9 vi\u00e1vel para dispensar as horas pr\u00e1ticas dos componentes de est\u00e1gio obrigat\u00f3rio da grade curricular do curso: ESA&#8217;s I, II, III e IV (curr\u00edculo 2019) e ECS II (curr\u00edculo 2011).<\/p>\n\n\n\n<p>Para isso, o discente deve possuir experi\u00eancia profissional oficialmente v\u00e1lida (com os devidos registros do trabalho\/atividade empresarial, etc) e correlata \u00e0s atividades profissionais relativas ao curso de Administra\u00e7\u00e3o. A experi\u00eancia deve ter ocorrido h\u00e1, no m\u00e1ximo, cinco anos anteriores ao pedido do aproveitamento. N\u00e3o \u00e9 necess\u00e1rio que a empresa em que se deu a experi\u00eancia profissional tenha conv\u00eanio com a UFPB.<\/p>\n\n\n\n<h2 class=\"wp-block-heading\">Como fazer aproveitamento de experi\u00eancia profissional para dispensar o ESA?<\/h2>\n\n\n\n<p><\/p>\n\n\n\n<ol class=\"wp-block-list\">\n<li>Solicite a <strong>MATR\u00cdCULA(in\u00edcio do semestre)<\/strong> no ESA enviando <a href=\"https:\/\/docs.google.com\/document\/d\/1RoxNSgl2uYfHu6D7Tavme2QyyxRmZLlR0fLasDA63uE\/edit?tab=t.0\" data-type=\"link\" data-id=\"https:\/\/docs.google.com\/document\/d\/1RoxNSgl2uYfHu6D7Tavme2QyyxRmZLlR0fLasDA63uE\/edit?tab=t.0\">formul\u00e1rio<\/a> para o e-mail do NEPPA.<\/li>\n\n\n\n<li>Consulte o <a href=\"https:\/\/www.ccsa.ufpb.br\/gadm\/calendario\/\" data-type=\"link\" data-id=\"https:\/\/www.ccsa.ufpb.br\/gadm\/calendario\/\">cronograma do NEPPA<\/a> e observe a data para <strong>envio da documenta\u00e7\u00e3o<\/strong> de Aproveitamento de Experi\u00eancia Profissional. O cronograma do NEPPA est\u00e1 no Calend\u00e1rio Geral do GADM.<\/li>\n\n\n\n<li>Por fim, elabore o <strong>relat\u00f3rio<\/strong> para o ESA (modelo do ap\u00eandice A5 da Resolu\u00e7\u00e3o de Est\u00e1gio do curso).<\/li>\n<\/ol>\n\n\n\n<p><\/p>\n\n\n\n<p><strong>Outras informa\u00e7\u00f5es:&nbsp;<\/strong><\/p>\n\n\n\n<p>a) <strong>N\u00e3o \u00e9 necess\u00e1rio realizar cadastro da atividade no SIGAA<\/strong> (o cadastro no SIGAA s\u00f3 \u00e9 obrigat\u00f3rio nos demais tipos de aproveitamento: est\u00e1gio obrigat\u00f3rio e n\u00e3o-obrigat\u00f3rio, e atividades complementares do NEPPA).<\/p>\n\n\n\n<p>b)&nbsp;Enquadram-se no aproveitamento de experi\u00eancia profissional: <strong>discentes s\u00f3cios, propriet\u00e1rios (inclusive MEI), empregados de empresa ou jovem aprendiz<\/strong>, desde que comprovem realizar atividades compat\u00edveis com os conhecimentos do curso de Administra\u00e7\u00e3o e comprovem, tamb\u00e9m, a formalidade da empresa.<\/p>\n\n\n\n<p>c) Para qualquer ESA (I, II, III, IV) e ECS (II), o modelo do Relat\u00f3rio Final a ser entregue no fim do semestre \u00e9 o do&nbsp;Ap\u00eandice A5 da Resolu\u00e7\u00e3o de Est\u00e1gio do curso &#8211; ver aba &#8220;Normas&#8221;.<\/p>\n\n\n\n<p>d) <strong>A empresa n\u00e3o precisa de conv\u00eanio com a UFPB<\/strong> ou com agente de integra\u00e7\u00e3o. O colegiado do curso \u00e9 que deliberar\u00e1 sobre esses pedidos.<\/p>\n\n\n\n<p>e) Aproveita-se a experi\u00eancia profissional dos <strong>\u00faltimos 5 anos<\/strong>, a contar de seu pedido.<\/p>\n\n\n\n<p>f) Qualquer docente do Departamento de Administra\u00e7\u00e3o pode ser professor (a) orientador (a) de est\u00e1gio. \u00c9 obrigat\u00f3rio ter orientador de est\u00e1gio para realizar a matr\u00edcula em est\u00e1gio, independentemente de qual tipo de aproveitamento far\u00e1 (mesmo que seja de exp. profissional).<\/p>\n\n\n\n<p><\/p>\n\n\n\n<p>Caso tenha alguma d\u00favida, encaminhar para:&nbsp;<strong>neppa.adm.ufpb@gmail.com<\/strong><\/p>\n","protected":false},"excerpt":{"rendered":"<p>O&nbsp;Aproveitamento de Experi\u00eancia Profissional&nbsp;\u00e9 vi\u00e1vel para dispensar as horas pr\u00e1ticas dos componentes de est\u00e1gio obrigat\u00f3rio da grade curricular do curso: ESA&#8217;s I, II, III e IV (curr\u00edculo 2019) e ECS II (curr\u00edculo 2011). Para isso, o discente deve possuir experi\u00eancia profissional oficialmente v\u00e1lida (com os devidos registros do trabalho\/atividade empresarial, etc) e correlata \u00e0s atividades [&hellip;]<\/p>\n","protected":false},"author":218,"featured_media":0,"parent":41,"menu_order":3,"comment_status":"closed","ping_status":"closed","template":"","meta":{"footnotes":""},"class_list":["post-184","page","type-page","status-publish","hentry"],"_links":{"self":[{"href":"https:\/\/www.ccsa.ufpb.br\/gadm\/wp-json\/wp\/v2\/pages\/184","targetHints":{"allow":["GET"]}}],"collection":[{"href":"https:\/\/www.ccsa.ufpb.br\/gadm\/wp-json\/wp\/v2\/pages"}],"about":[{"href":"https:\/\/www.ccsa.ufpb.br\/gadm\/wp-json\/wp\/v2\/types\/page"}],"author":[{"embeddable":true,"href":"https:\/\/www.ccsa.ufpb.br\/gadm\/wp-json\/wp\/v2\/users\/218"}],"replies":[{"embeddable":true,"href":"https:\/\/www.ccsa.ufpb.br\/gadm\/wp-json\/wp\/v2\/comments?post=184"}],"version-history":[{"count":4,"href":"https:\/\/www.ccsa.ufpb.br\/gadm\/wp-json\/wp\/v2\/pages\/184\/revisions"}],"predecessor-version":[{"id":306,"href":"https:\/\/www.ccsa.ufpb.br\/gadm\/wp-json\/wp\/v2\/pages\/184\/revisions\/306"}],"up":[{"embeddable":true,"href":"https:\/\/www.ccsa.ufpb.br\/gadm\/wp-json\/wp\/v2\/pages\/41"}],"wp:attachment":[{"href":"https:\/\/www.ccsa.ufpb.br\/gadm\/wp-json\/wp\/v2\/media?parent=184"}],"curies":[{"name":"wp","href":"https:\/\/api.w.org\/{rel}","templated":true}]}}