{"id":186,"date":"2025-07-23T22:18:15","date_gmt":"2025-07-23T22:18:15","guid":{"rendered":"https:\/\/www.ccsa.ufpb.br\/gadm\/?page_id=186"},"modified":"2025-07-29T22:30:39","modified_gmt":"2025-07-29T22:30:39","slug":"outras-informacoes","status":"publish","type":"page","link":"https:\/\/www.ccsa.ufpb.br\/gadm\/neppa\/outras-informacoes\/","title":{"rendered":"Outras informa\u00e7\u00f5es"},"content":{"rendered":"\n<p><\/p>\n\n\n\n<h2 class=\"wp-block-heading\">Instru\u00e7\u00f5es aos Discentes<\/h2>\n\n\n\n<p><a href=\"https:\/\/docs.google.com\/document\/d\/1PE_xks3haGn1xKabLOkjKgh2t5uqxdwU\/edit?usp=sharing&amp;ouid=118090248955224155707&amp;rtpof=true&amp;sd=true\" target=\"_blank\" rel=\"noreferrer noopener\">Manual de Est\u00e1gio Obrigat\u00f3rio Curr\u00edculo 2019<\/a><\/p>\n\n\n\n<p><a href=\"https:\/\/docs.google.com\/document\/d\/1SLsactUrbNVUIAjfLvtbYraVNq0LsU2A\/edit?usp=sharing&amp;ouid=118090248955224155707&amp;rtpof=true&amp;sd=true\" target=\"_blank\" rel=\"noreferrer noopener\">Manual de Est\u00e1gio Obrigat\u00f3rio Curr\u00edculo 2011<\/a><\/p>\n\n\n\n<p><a href=\"https:\/\/docs.google.com\/document\/d\/1EtKxMHvuydJfbf-k_IEpe357eaa70Z9y\/edit?usp=sharing&amp;ouid=118090248955224155707&amp;rtpof=true&amp;sd=true\" target=\"_blank\" rel=\"noreferrer noopener\">Manual de Est\u00e1gio N\u00e3o-obrigat\u00f3rio<\/a><\/p>\n\n\n\n<p><a href=\"https:\/\/academicoufpb-my.sharepoint.com\/:u:\/g\/personal\/suelle_cariele_academico_ufpb_br\/ETB_JvsSFNpOoVJuMv74_AIBspCOL4In2etull-SqPJkYQ?rtime=tjB0Op_y20g\" target=\"_blank\" rel=\"noreferrer noopener\">Passo a Passo para realiza\u00e7\u00e3o de Est\u00e1gio Obrigat\u00f3rio<\/a><\/p>\n\n\n\n<p><a href=\"https:\/\/www.canva.com\/design\/DAFp-Gczl6g\/2pmPnkz5GbgiYcY1W92F6Q\/edit?utm_content=DAFp-Gczl6g&amp;utm_campaign=designshare&amp;utm_medium=link2&amp;utm_source=sharebutton\" target=\"_blank\" rel=\"noreferrer noopener\">Passo a Passo para realiza\u00e7\u00e3o de Est\u00e1gio N\u00e3o-obrigat\u00f3rio<\/a><\/p>\n\n\n\n<p><a href=\"https:\/\/www.prg.ufpb.br\/prg\/cem\/menu-cem\/estagio-1\" target=\"_blank\" rel=\"noreferrer noopener\">Informa\u00e7\u00f5es CGE\/PRG<\/a><\/p>\n\n\n\n<h2 class=\"wp-block-heading\">Instru\u00e7\u00f5es aos Docentes<\/h2>\n\n\n\n<p><a href=\"https:\/\/www.ccsa.ufpb.br\/gadm\/wp-content\/uploads\/sites\/179\/sites\/259\/2025\/07\/Guia_docente_para_orientao_de_estgio.pdf\" data-type=\"attachment\" data-id=\"245\">Guia Docente de orienta\u00e7\u00e3o para est\u00e1gio<\/a><\/p>\n\n\n\n<p><a href=\"https:\/\/docs.google.com\/document\/d\/1D4oIB_nskICniMoHgUjXT2Rhjq3IUqOL\/edit?usp=sharing&amp;ouid=118090248955224155707&amp;rtpof=true&amp;sd=true\" target=\"_blank\" rel=\"noreferrer noopener\">D\u00favidas Frequentes<\/a><\/p>\n\n\n\n<p><a href=\"https:\/\/www.prg.ufpb.br\/prg\/cem\/menu-cem\/estagio-1\" target=\"_blank\" rel=\"noreferrer noopener\">Informa\u00e7\u00f5es CGE\/PRG<\/a><\/p>\n","protected":false},"excerpt":{"rendered":"<p>Instru\u00e7\u00f5es aos Discentes Manual de Est\u00e1gio Obrigat\u00f3rio Curr\u00edculo 2019 Manual de Est\u00e1gio Obrigat\u00f3rio Curr\u00edculo 2011 Manual de Est\u00e1gio N\u00e3o-obrigat\u00f3rio Passo a Passo para realiza\u00e7\u00e3o de Est\u00e1gio Obrigat\u00f3rio Passo a Passo para realiza\u00e7\u00e3o de Est\u00e1gio N\u00e3o-obrigat\u00f3rio Informa\u00e7\u00f5es CGE\/PRG Instru\u00e7\u00f5es aos Docentes Guia Docente de orienta\u00e7\u00e3o para est\u00e1gio D\u00favidas Frequentes Informa\u00e7\u00f5es CGE\/PRG<\/p>\n","protected":false},"author":218,"featured_media":0,"parent":41,"menu_order":5,"comment_status":"closed","ping_status":"closed","template":"","meta":{"footnotes":""},"class_list":["post-186","page","type-page","status-publish","hentry"],"_links":{"self":[{"href":"https:\/\/www.ccsa.ufpb.br\/gadm\/wp-json\/wp\/v2\/pages\/186","targetHints":{"allow":["GET"]}}],"collection":[{"href":"https:\/\/www.ccsa.ufpb.br\/gadm\/wp-json\/wp\/v2\/pages"}],"about":[{"href":"https:\/\/www.ccsa.ufpb.br\/gadm\/wp-json\/wp\/v2\/types\/page"}],"author":[{"embeddable":true,"href":"https:\/\/www.ccsa.ufpb.br\/gadm\/wp-json\/wp\/v2\/users\/218"}],"replies":[{"embeddable":true,"href":"https:\/\/www.ccsa.ufpb.br\/gadm\/wp-json\/wp\/v2\/comments?post=186"}],"version-history":[{"count":2,"href":"https:\/\/www.ccsa.ufpb.br\/gadm\/wp-json\/wp\/v2\/pages\/186\/revisions"}],"predecessor-version":[{"id":247,"href":"https:\/\/www.ccsa.ufpb.br\/gadm\/wp-json\/wp\/v2\/pages\/186\/revisions\/247"}],"up":[{"embeddable":true,"href":"https:\/\/www.ccsa.ufpb.br\/gadm\/wp-json\/wp\/v2\/pages\/41"}],"wp:attachment":[{"href":"https:\/\/www.ccsa.ufpb.br\/gadm\/wp-json\/wp\/v2\/media?parent=186"}],"curies":[{"name":"wp","href":"https:\/\/api.w.org\/{rel}","templated":true}]}}