{"id":193,"date":"2025-07-23T23:04:30","date_gmt":"2025-07-23T23:04:30","guid":{"rendered":"https:\/\/www.ccsa.ufpb.br\/gadm\/?page_id=193"},"modified":"2025-07-29T22:43:54","modified_gmt":"2025-07-29T22:43:54","slug":"dilatacao-e-abreviacao-de-curso","status":"publish","type":"page","link":"https:\/\/www.ccsa.ufpb.br\/gadm\/contato\/dilatacao-e-abreviacao-de-curso\/","title":{"rendered":"Dilata\u00e7\u00e3o e abrevia\u00e7\u00e3o de curso"},"content":{"rendered":"\n<p><\/p>\n\n\n\n<ul class=\"wp-block-list\">\n<li><a href=\"https:\/\/docs.google.com\/document\/d\/1ApAqOd6nWWUQqrncAQuP9vrTi-O-65jz\/edit?usp=sharing&amp;ouid=114004132850918635521&amp;rtpof=true&amp;sd=true\">Informa\u00e7\u00f5es<\/a><\/li>\n<\/ul>\n\n\n\n<div class=\"wp-block-group is-vertical is-layout-flex wp-container-core-group-is-layout-8cf370e7 wp-block-group-is-layout-flex\">\n<p><a href=\"https:\/\/docs.google.com\/document\/d\/1nIQa7088uGgKtBZPHHv2yfcnDL2EuKAZ\/edit?tab=t.0\">Requerimento de Abrevia\u00e7\u00e3o de Curso<\/a><\/p>\n\n\n\n<p><a href=\"https:\/\/docs.google.com\/document\/d\/1pFSOh_i5FVZZAaLilIWGehYFn6_HI3mm\/edit?usp=sharing&amp;ouid=114004132850918635521&amp;rtpof=true&amp;sd=true\">Requerimento de Dilata\u00e7\u00e3o de Curso<\/a><\/p>\n<\/div>\n\n\n\n<p><\/p>\n","protected":false},"excerpt":{"rendered":"<p>Requerimento de Abrevia\u00e7\u00e3o de Curso Requerimento de Dilata\u00e7\u00e3o de Curso<\/p>\n","protected":false},"author":218,"featured_media":0,"parent":27,"menu_order":0,"comment_status":"closed","ping_status":"closed","template":"","meta":{"footnotes":""},"class_list":["post-193","page","type-page","status-publish","hentry"],"_links":{"self":[{"href":"https:\/\/www.ccsa.ufpb.br\/gadm\/wp-json\/wp\/v2\/pages\/193","targetHints":{"allow":["GET"]}}],"collection":[{"href":"https:\/\/www.ccsa.ufpb.br\/gadm\/wp-json\/wp\/v2\/pages"}],"about":[{"href":"https:\/\/www.ccsa.ufpb.br\/gadm\/wp-json\/wp\/v2\/types\/page"}],"author":[{"embeddable":true,"href":"https:\/\/www.ccsa.ufpb.br\/gadm\/wp-json\/wp\/v2\/users\/218"}],"replies":[{"embeddable":true,"href":"https:\/\/www.ccsa.ufpb.br\/gadm\/wp-json\/wp\/v2\/comments?post=193"}],"version-history":[{"count":2,"href":"https:\/\/www.ccsa.ufpb.br\/gadm\/wp-json\/wp\/v2\/pages\/193\/revisions"}],"predecessor-version":[{"id":250,"href":"https:\/\/www.ccsa.ufpb.br\/gadm\/wp-json\/wp\/v2\/pages\/193\/revisions\/250"}],"up":[{"embeddable":true,"href":"https:\/\/www.ccsa.ufpb.br\/gadm\/wp-json\/wp\/v2\/pages\/27"}],"wp:attachment":[{"href":"https:\/\/www.ccsa.ufpb.br\/gadm\/wp-json\/wp\/v2\/media?parent=193"}],"curies":[{"name":"wp","href":"https:\/\/api.w.org\/{rel}","templated":true}]}}