{"id":196,"date":"2025-07-23T23:07:27","date_gmt":"2025-07-23T23:07:27","guid":{"rendered":"https:\/\/www.ccsa.ufpb.br\/gadm\/?page_id=196"},"modified":"2026-04-30T13:56:26","modified_gmt":"2026-04-30T13:56:26","slug":"atividades-complementares-flexiveis","status":"publish","type":"page","link":"https:\/\/www.ccsa.ufpb.br\/gadm\/contato\/atividades-complementares-flexiveis\/","title":{"rendered":"Atividades Complementares Flex\u00edveis"},"content":{"rendered":"\n<p class=\"has-black-color has-text-color has-link-color has-medium-font-size wp-elements-4d590b2326385c7cb89fd49c36de2076\"><a href=\"https:\/\/drive.google.com\/file\/d\/1Mn43rFSvuulCnbq33dnDmRcYmU0vpdtf\/view\">Resolu\u00e7\u00f5es<\/a><\/p>\n\n\n\n<p class=\"has-vivid-cyan-blue-color has-text-color has-link-color has-medium-font-size wp-elements-152059fb2072a2dc9caa8f49377705b5\"><a href=\"https:\/\/drive.google.com\/file\/d\/1HtA5oW0KwtdKKdflqLmk3vitWmLG9nOU\/view?usp=sharing\"><strong>RESOLU\u00c7\u00c3O GADM\/CCSA no 02\/2021 (Curr\u00edculo 2019)<\/strong><\/a><\/p>\n\n\n\n<p class=\"has-vivid-cyan-blue-color has-text-color has-link-color has-medium-font-size wp-elements-23d8e4dbf6692af7a2beda6524009c39\"><strong><a href=\"https:\/\/drive.google.com\/file\/d\/1eDl1QbmsA3p2JKHZG6l06bUkDmBxwW_d\/view?usp=sharing\">RESOLU\u00c7\u00c3O GADM\/CCSA n\u00ba 04\/2026 (Curr\u00edculo 2024)<\/a><\/strong><\/p>\n\n\n\n<p class=\"has-vivid-cyan-blue-color has-text-color has-link-color has-medium-font-size wp-elements-bcfdd9d7c258ed0d405842fb568c986f\"><strong><a href=\"https:\/\/docs.google.com\/document\/d\/1ix5ngS6qGvMcAAz2u-s2E7SDJu_9fA11\/edit?usp=sharing&amp;ouid=114004132850918635521&amp;rtpof=true&amp;sd=true\">CRONOGRAMA ATIVIDADES COMPLEMENTARES FLEX\u00cdVEIS 2026.1<\/a><\/strong><\/p>\n\n\n\n<p><\/p>\n","protected":false},"excerpt":{"rendered":"<p>Resolu\u00e7\u00f5es RESOLU\u00c7\u00c3O GADM\/CCSA no 02\/2021 (Curr\u00edculo 2019) RESOLU\u00c7\u00c3O GADM\/CCSA n\u00ba 04\/2026 (Curr\u00edculo 2024) CRONOGRAMA ATIVIDADES COMPLEMENTARES FLEX\u00cdVEIS 2026.1<\/p>\n","protected":false},"author":218,"featured_media":0,"parent":27,"menu_order":1,"comment_status":"closed","ping_status":"closed","template":"","meta":{"footnotes":""},"class_list":["post-196","page","type-page","status-publish","hentry"],"_links":{"self":[{"href":"https:\/\/www.ccsa.ufpb.br\/gadm\/wp-json\/wp\/v2\/pages\/196","targetHints":{"allow":["GET"]}}],"collection":[{"href":"https:\/\/www.ccsa.ufpb.br\/gadm\/wp-json\/wp\/v2\/pages"}],"about":[{"href":"https:\/\/www.ccsa.ufpb.br\/gadm\/wp-json\/wp\/v2\/types\/page"}],"author":[{"embeddable":true,"href":"https:\/\/www.ccsa.ufpb.br\/gadm\/wp-json\/wp\/v2\/users\/218"}],"replies":[{"embeddable":true,"href":"https:\/\/www.ccsa.ufpb.br\/gadm\/wp-json\/wp\/v2\/comments?post=196"}],"version-history":[{"count":9,"href":"https:\/\/www.ccsa.ufpb.br\/gadm\/wp-json\/wp\/v2\/pages\/196\/revisions"}],"predecessor-version":[{"id":463,"href":"https:\/\/www.ccsa.ufpb.br\/gadm\/wp-json\/wp\/v2\/pages\/196\/revisions\/463"}],"up":[{"embeddable":true,"href":"https:\/\/www.ccsa.ufpb.br\/gadm\/wp-json\/wp\/v2\/pages\/27"}],"wp:attachment":[{"href":"https:\/\/www.ccsa.ufpb.br\/gadm\/wp-json\/wp\/v2\/media?parent=196"}],"curies":[{"name":"wp","href":"https:\/\/api.w.org\/{rel}","templated":true}]}}