{"id":211,"date":"2025-07-23T23:21:26","date_gmt":"2025-07-23T23:21:26","guid":{"rendered":"https:\/\/www.ccsa.ufpb.br\/gadm\/?page_id=211"},"modified":"2026-04-27T16:55:16","modified_gmt":"2026-04-27T16:55:16","slug":"diploma","status":"publish","type":"page","link":"https:\/\/www.ccsa.ufpb.br\/gadm\/contato\/diploma\/","title":{"rendered":"Diploma"},"content":{"rendered":"\n<p><\/p>\n\n\n\n<p>Para solicitar seu diploma, siga o passo a passo a seguir:<\/p>\n\n\n\n<p><strong>Solicitar a emiss\u00e3o do diploma \u00e0 Coordena\u00e7\u00e3o do curso atrav\u00e9s do e-mail: gadmufpb@gmail.com&nbsp;mediante envio de toda a documenta\u00e7\u00e3o abaixo em formato pdf.<\/strong><\/p>\n\n\n\n<p class=\"has-black-color has-text-color has-link-color wp-elements-df5df7ecb89ce468c08a20e4b3d914ab\">I &#8211; <a href=\"https:\/\/www.ccsa.ufpb.br\/gadm\/wp-content\/uploads\/sites\/179\/sites\/259\/2026\/02\/DECLARACAO-de-conferencia-de-dados-cadastrais-ANEXO-II.pdf\" data-type=\"attachment\" data-id=\"343\">Declara\u00e7\u00e3o discente de confer\u00eancia de dados cadastrais;<\/a><br>II &#8211; Documenta\u00e7\u00e3o oficial de identifica\u00e7\u00e3o civil com foto (Ex. RG, CNH, Passaporte etc.) do\/a&nbsp;discente;<br>III &#8211; Certid\u00e3o de Nascimento ou de Casamento do\/a discente;<br>IV &#8211; Certid\u00e3o de Quita\u00e7\u00e3o Eleitoral do\/a discente;<br>V &#8211; Prova de Conclus\u00e3o do Ensino M\u00e9dio (Certificado de Conclus\u00e3o de Ensino M\u00e9dio) do\/a&nbsp;discente;<br>VI &#8211; Ato de naturaliza\u00e7\u00e3o do\/a discente, publicado no Di\u00e1rio Oficial da Uni\u00e3o (exclusivamente&nbsp;para estrangeiros naturalizados no Brasil);<br>VII &#8211; Comprova\u00e7\u00e3o de conclus\u00e3o de est\u00e1gio curricular do\/a discente (opcional).<br>VIII &#8211; Hist\u00f3rico Acad\u00eamico da Gradua\u00e7\u00e3o do\/a discente;<br>IX &#8211; Prova de Cola\u00e7\u00e3o de Grau (Certificado de Conclus\u00e3o do Curso de Gradua\u00e7\u00e3o emitido no&nbsp;SIGAA pela Coordena\u00e7\u00e3o do curso &#8211; ap\u00f3s a cola\u00e7\u00e3o de grau pelo(a) discente);<br><\/p>\n\n\n\n<p><strong>DO ACESSO DO DISCENTE EGRESSO AO DIPLOMA DIGITAL<\/strong><br>Art. 14 O discente egresso ter\u00e1 acesso ao diploma digital no formato\u00a0<em>Extensible Markup\u00a0Language<\/em>\u00a0&#8211; XML ap\u00f3s a finaliza\u00e7\u00e3o do registro, utilizando os seguintes comandos no Portal\u00a0Discente do SIGAA: <strong>Ensino &gt; Diploma Digital &gt; Diploma Digital Assinado (XML).<\/strong><br>Art. 15 O discente poder\u00e1 baixar o arquivo em formato PDF referente \u00e0 representa\u00e7\u00e3o visual do Diploma Digital (RVDD) ap\u00f3s valida\u00e7\u00e3o do documento, utilizando os seguintes comandos no\u00a0Portal Discente do SIGAA: Portal Discente &gt; Ensino &gt; Diploma Digital &gt; Visualizar\u00a0Representa\u00e7\u00e3o Visual do Diploma Digital.<br>Art. 16 A RVDD possui o mesmo visual do diploma outrora impresso pela UFPB.<\/p>\n\n\n\n<p><\/p>\n\n\n\n<p><strong>VALIDA\u00c7\u00c3O DO\u00a0DIPLOMA DIGITAL<\/strong><br>Art. 17 A valida\u00e7\u00e3o do diploma digital ser\u00e1 efetuada no Portal P\u00fablico do SIGAA (dispon\u00edvel em), por meio dos seguintes comandos: Acad\u00eamico &gt;\u00a0Autentica\u00e7\u00e3o de Documentos &gt; Ensino &gt; Diploma Digital.<br>Art. 18 Para ter acesso ao c\u00f3digo de valida\u00e7\u00e3o, o usu\u00e1rio precisa possuir o XML do Diploma\u00a0Digital ou a RVDD.<br>Art. 19 Caso o Diploma Digital esteja v\u00e1lido, ser\u00e3o apresentadas as seguintes informa\u00e7\u00f5es na\u00a0p\u00e1gina de valida\u00e7\u00e3o: dados p\u00fablicos do registro do diploma, status e hist\u00f3rico do processo de\u00a0registro, links para baixara representa\u00e7\u00e3o visual e para que o usu\u00e1rio seja redirecionado para o\u00a0validador do XML do diploma no portal do Minist\u00e9rio da Educa\u00e7\u00e3o (MEC).<br>Art. 20 Caso o Diploma Digital esteja suspenso ou revogado, ser\u00e1 apresentado apenas o status\u00a0e o hist\u00f3rico do diploma.<\/p>\n\n\n\n<p><\/p>\n\n\n\n<p class=\"has-vivid-cyan-blue-color has-text-color has-link-color wp-elements-ef3b227fcaba53e4e3829627937240f6\"><strong><a href=\"https:\/\/docs.google.com\/document\/d\/13mBnM8Nlobb19tXtrGrovKOWrhrK1bQC\/edit?usp=sharing&amp;ouid=114004132850918635521&amp;rtpof=true&amp;sd=true\">CRONOGRAMA DIPLOMA<\/a><\/strong><\/p>\n\n\n\n<p><a href=\"https:\/\/drive.ufpb.br\/s\/ADX4Ex2eJ7HbLiL\">INSTRU\u00c7\u00c3O N\u00ba 4\/2025 &#8211; PRG<\/a><\/p>\n\n\n\n<p><a href=\"https:\/\/www.ccsa.ufpb.br\/cadm\/contents\/documentos\/diploma\/bs_19-2021_2-revalidacao-de-diploma.pdf\">Revalida\u00e7\u00e3o de Diploma<\/a><\/p>\n\n\n\n<p><\/p>\n","protected":false},"excerpt":{"rendered":"<p>Para solicitar seu diploma, siga o passo a passo a seguir: Solicitar a emiss\u00e3o do diploma \u00e0 Coordena\u00e7\u00e3o do curso atrav\u00e9s do e-mail: gadmufpb@gmail.com&nbsp;mediante envio de toda a documenta\u00e7\u00e3o abaixo em formato pdf. I &#8211; Declara\u00e7\u00e3o discente de confer\u00eancia de dados cadastrais;II &#8211; Documenta\u00e7\u00e3o oficial de identifica\u00e7\u00e3o civil com foto (Ex. RG, CNH, Passaporte etc.) [&hellip;]<\/p>\n","protected":false},"author":218,"featured_media":0,"parent":27,"menu_order":6,"comment_status":"closed","ping_status":"closed","template":"","meta":{"footnotes":""},"class_list":["post-211","page","type-page","status-publish","hentry"],"_links":{"self":[{"href":"https:\/\/www.ccsa.ufpb.br\/gadm\/wp-json\/wp\/v2\/pages\/211","targetHints":{"allow":["GET"]}}],"collection":[{"href":"https:\/\/www.ccsa.ufpb.br\/gadm\/wp-json\/wp\/v2\/pages"}],"about":[{"href":"https:\/\/www.ccsa.ufpb.br\/gadm\/wp-json\/wp\/v2\/types\/page"}],"author":[{"embeddable":true,"href":"https:\/\/www.ccsa.ufpb.br\/gadm\/wp-json\/wp\/v2\/users\/218"}],"replies":[{"embeddable":true,"href":"https:\/\/www.ccsa.ufpb.br\/gadm\/wp-json\/wp\/v2\/comments?post=211"}],"version-history":[{"count":6,"href":"https:\/\/www.ccsa.ufpb.br\/gadm\/wp-json\/wp\/v2\/pages\/211\/revisions"}],"predecessor-version":[{"id":446,"href":"https:\/\/www.ccsa.ufpb.br\/gadm\/wp-json\/wp\/v2\/pages\/211\/revisions\/446"}],"up":[{"embeddable":true,"href":"https:\/\/www.ccsa.ufpb.br\/gadm\/wp-json\/wp\/v2\/pages\/27"}],"wp:attachment":[{"href":"https:\/\/www.ccsa.ufpb.br\/gadm\/wp-json\/wp\/v2\/media?parent=211"}],"curies":[{"name":"wp","href":"https:\/\/api.w.org\/{rel}","templated":true}]}}