{"id":218,"date":"2025-07-24T23:16:18","date_gmt":"2025-07-24T23:16:18","guid":{"rendered":"https:\/\/www.ccsa.ufpb.br\/gadm\/?page_id=218"},"modified":"2025-11-18T22:06:46","modified_gmt":"2025-11-18T22:06:46","slug":"contato","status":"publish","type":"page","link":"https:\/\/www.ccsa.ufpb.br\/gadm\/informacoes-relavantes\/contato\/","title":{"rendered":"Contato"},"content":{"rendered":"\n<p><\/p>\n\n\n\n<p>A Coordena\u00e7\u00e3o e a secretaria do curso de Administra\u00e7\u00e3o (CCSA\/UFPB) atendem pelo e-mail: gadmufpb@gmail.com<\/p>\n\n\n\n<p>Para assuntos relacionados a est\u00e1gio, atendendemos pelo e-mail: neppa.adm.ufpb@gmail.com<\/p>\n\n\n\n<p>O atendimento presencial \u00e9 feito na sala da Coordena\u00e7\u00e3o do Curso (bloco 1 do CCSA), das 08h \u00e0s 12h e das 13h \u00e0s 17h nas segundas, quartas e sextas-feiras (setor em PGD); e at\u00e9 \u00e0s 21h nas ter\u00e7as e quintas-feiras.<\/p>\n\n\n\n<p>OBS: nas segundas, quartas e sextas-feiras o atendimento noturno (das 17h \u00e0s 21h) \u00e9 realizado remotamente via videochamada (necess\u00e1rio agendamento via e-mail: neppa.adm.ufpb@gmail.com).<\/p>\n\n\n\n<p><\/p>\n","protected":false},"excerpt":{"rendered":"<p>A Coordena\u00e7\u00e3o e a secretaria do curso de Administra\u00e7\u00e3o (CCSA\/UFPB) atendem pelo e-mail: gadmufpb@gmail.com Para assuntos relacionados a est\u00e1gio, atendendemos pelo e-mail: neppa.adm.ufpb@gmail.com O atendimento presencial \u00e9 feito na sala da Coordena\u00e7\u00e3o do Curso (bloco 1 do CCSA), das 08h \u00e0s 12h e das 13h \u00e0s 17h nas segundas, quartas e sextas-feiras (setor em PGD); [&hellip;]<\/p>\n","protected":false},"author":218,"featured_media":0,"parent":106,"menu_order":0,"comment_status":"closed","ping_status":"closed","template":"","meta":{"footnotes":""},"class_list":["post-218","page","type-page","status-publish","hentry"],"_links":{"self":[{"href":"https:\/\/www.ccsa.ufpb.br\/gadm\/wp-json\/wp\/v2\/pages\/218","targetHints":{"allow":["GET"]}}],"collection":[{"href":"https:\/\/www.ccsa.ufpb.br\/gadm\/wp-json\/wp\/v2\/pages"}],"about":[{"href":"https:\/\/www.ccsa.ufpb.br\/gadm\/wp-json\/wp\/v2\/types\/page"}],"author":[{"embeddable":true,"href":"https:\/\/www.ccsa.ufpb.br\/gadm\/wp-json\/wp\/v2\/users\/218"}],"replies":[{"embeddable":true,"href":"https:\/\/www.ccsa.ufpb.br\/gadm\/wp-json\/wp\/v2\/comments?post=218"}],"version-history":[{"count":3,"href":"https:\/\/www.ccsa.ufpb.br\/gadm\/wp-json\/wp\/v2\/pages\/218\/revisions"}],"predecessor-version":[{"id":320,"href":"https:\/\/www.ccsa.ufpb.br\/gadm\/wp-json\/wp\/v2\/pages\/218\/revisions\/320"}],"up":[{"embeddable":true,"href":"https:\/\/www.ccsa.ufpb.br\/gadm\/wp-json\/wp\/v2\/pages\/106"}],"wp:attachment":[{"href":"https:\/\/www.ccsa.ufpb.br\/gadm\/wp-json\/wp\/v2\/media?parent=218"}],"curies":[{"name":"wp","href":"https:\/\/api.w.org\/{rel}","templated":true}]}}