{"id":274,"date":"2025-09-30T21:22:01","date_gmt":"2025-09-30T21:22:01","guid":{"rendered":"https:\/\/www.ccsa.ufpb.br\/gadm\/?page_id=274"},"modified":"2026-04-14T23:43:00","modified_gmt":"2026-04-14T23:43:00","slug":"horarios","status":"publish","type":"page","link":"https:\/\/www.ccsa.ufpb.br\/gadm\/calendario\/horarios\/","title":{"rendered":"Hor\u00e1rios"},"content":{"rendered":"\n<p class=\"has-vivid-cyan-blue-color has-text-color has-link-color wp-elements-131581fa54e799e226f4ee3c995a8db0\"><strong><a href=\"https:\/\/docs.google.com\/document\/d\/1tHrURc-MwlIOm9j4yjI9vCch7b-qmn6g\/edit?usp=sharing&amp;ouid=114004132850918635521&amp;rtpof=true&amp;sd=true\">Hor\u00e1rios 2026.1<\/a><\/strong><\/p>\n\n\n\n<p><a href=\"https:\/\/www.ccsa.ufpb.br\/gadm\/wp-content\/uploads\/sites\/179\/sites\/259\/2025\/09\/HORARIOS-GADM-2025.2.pdf\" data-type=\"attachment\" data-id=\"263\">Hor\u00e1rios 2025.2<\/a><\/p>\n\n\n\n<p><a href=\"https:\/\/www.ccsa.ufpb.br\/gadm\/wp-content\/uploads\/sites\/179\/sites\/259\/2025\/06\/horarios-gadm-2025-1.pdf\" data-type=\"attachment\" data-id=\"100\">Hor\u00e1rios 2025.1 <\/a><\/p>\n\n\n\n<p><a href=\"https:\/\/www.ccsa.ufpb.br\/cadm\/contents\/documentos\/horarios-gadm-2024-2.pdf\">Hor\u00e1rios 2024.2<\/a><\/p>\n\n\n\n<p><a href=\"https:\/\/drive.google.com\/file\/d\/1Iw-1vO8zD7Qe1xafP4YbbNtGJfVpBooO\/view\">Hor\u00e1rios 2024.1<\/a><\/p>\n\n\n\n<p><a href=\"https:\/\/www.ccsa.ufpb.br\/cadm\/contents\/documentos\/HorariosGADM2023.2.pdf\">Hor\u00e1rios 2023.2<\/a><\/p>\n\n\n\n<p><a href=\"https:\/\/www.ccsa.ufpb.br\/cadm\/contents\/documentos\/horarios-gadm-2023-1.pdf\">Hor\u00e1rios 2023.1<\/a><\/p>\n\n\n\n<p><a href=\"https:\/\/www.ccsa.ufpb.br\/cadm\/contents\/documentos\/informativos\/horarios-gadm_2022-2.pdf\">Hor\u00e1rios 2022.2<\/a><\/p>\n\n\n\n<p><a href=\"https:\/\/www.ccsa.ufpb.br\/cadm\/contents\/documentos\/horario-disciplinas-cadm-2022-1-6-29.pdf\">Hor\u00e1rios 2022.1<\/a><\/p>\n","protected":false},"excerpt":{"rendered":"<p>Hor\u00e1rios 2026.1 Hor\u00e1rios 2025.2 Hor\u00e1rios 2025.1 Hor\u00e1rios 2024.2 Hor\u00e1rios 2024.1 Hor\u00e1rios 2023.2 Hor\u00e1rios 2023.1 Hor\u00e1rios 2022.2 Hor\u00e1rios 2022.1<\/p>\n","protected":false},"author":218,"featured_media":0,"parent":37,"menu_order":0,"comment_status":"closed","ping_status":"closed","template":"","meta":{"footnotes":""},"class_list":["post-274","page","type-page","status-publish","hentry"],"_links":{"self":[{"href":"https:\/\/www.ccsa.ufpb.br\/gadm\/wp-json\/wp\/v2\/pages\/274","targetHints":{"allow":["GET"]}}],"collection":[{"href":"https:\/\/www.ccsa.ufpb.br\/gadm\/wp-json\/wp\/v2\/pages"}],"about":[{"href":"https:\/\/www.ccsa.ufpb.br\/gadm\/wp-json\/wp\/v2\/types\/page"}],"author":[{"embeddable":true,"href":"https:\/\/www.ccsa.ufpb.br\/gadm\/wp-json\/wp\/v2\/users\/218"}],"replies":[{"embeddable":true,"href":"https:\/\/www.ccsa.ufpb.br\/gadm\/wp-json\/wp\/v2\/comments?post=274"}],"version-history":[{"count":2,"href":"https:\/\/www.ccsa.ufpb.br\/gadm\/wp-json\/wp\/v2\/pages\/274\/revisions"}],"predecessor-version":[{"id":413,"href":"https:\/\/www.ccsa.ufpb.br\/gadm\/wp-json\/wp\/v2\/pages\/274\/revisions\/413"}],"up":[{"embeddable":true,"href":"https:\/\/www.ccsa.ufpb.br\/gadm\/wp-json\/wp\/v2\/pages\/37"}],"wp:attachment":[{"href":"https:\/\/www.ccsa.ufpb.br\/gadm\/wp-json\/wp\/v2\/media?parent=274"}],"curies":[{"name":"wp","href":"https:\/\/api.w.org\/{rel}","templated":true}]}}