{"id":39,"date":"2025-02-18T19:33:01","date_gmt":"2025-02-18T19:33:01","guid":{"rendered":"https:\/\/www.ccsa.ufpb.br\/gadm\/?page_id=39"},"modified":"2026-03-31T20:53:20","modified_gmt":"2026-03-31T20:53:20","slug":"formularios","status":"publish","type":"page","link":"https:\/\/www.ccsa.ufpb.br\/gadm\/calendario\/formularios\/","title":{"rendered":"Formul\u00e1rios"},"content":{"rendered":"\n<p class=\" \"><a href=\"https:\/\/docs.google.com\/document\/d\/1nIQa7088uGgKtBZPHHv2yfcnDL2EuKAZ\/edit?usp=sharing&amp;ouid=117754411751472416115&amp;rtpof=true&amp;sd=true\">Requerimento &#8211; Abrevia\u00e7\u00e3o de Curso<\/a><\/p>\n\n\n\n<p class=\" \"><a href=\"https:\/\/docs.google.com\/document\/d\/1y6bVbmNDFjdydw1BFrSDAtOW2d-XmkZZ\/edit?usp=sharing&amp;ouid=117754411751472416115&amp;rtpof=true&amp;sd=true\">Requerimento &#8211; Aproveitamento e Dispensa<\/a><\/p>\n\n\n\n<p class=\" \"><a href=\"https:\/\/docs.google.com\/document\/d\/1nubhXRHBCC5fEA5I5LyG6XD627tuUASE\/edit?usp=sharing&amp;ouid=117754411751472416115&amp;rtpof=true&amp;sd=true\">Requerimento &#8211; Antecipa\u00e7\u00e3o de Cola\u00e7\u00e3o de Grau<\/a><\/p>\n\n\n\n<p class=\" \"><a href=\"https:\/\/drive.ufpb.br\/s\/Zq48FxrbqMWnrx6\">Requerimento &#8211; Atualiza\u00e7\u00e3o de Dados Cadastrais<\/a><\/p>\n\n\n\n<p class=\" \"><a href=\"https:\/\/docs.google.com\/document\/d\/1_MwT_fGxsnqB4goWnVpUUyEBQ3eQC46r\/edit?usp=sharing&amp;ouid=117754411751472416115&amp;rtpof=true&amp;sd=true\">Requerimento &#8211; Cancelamento (Trancamento) de Atividades &#8211; TCC e ESA<\/a><\/p>\n\n\n\n<p class=\" \"><a href=\"https:\/\/docs.google.com\/document\/d\/1KH4tT6Y8TIBEsqB0gWA_6vm9Gb4OE4Ye\/edit\">Requerimento &#8211; Cancelamento de Componente Curricular<\/a><\/p>\n\n\n\n<p class=\" \"><a href=\"https:\/\/drive.ufpb.br\/s\/6qpzHmsGePAoLo9\">Requerimento &#8211; Cancelamento de v\u00ednculo com a Universidade (desist\u00eancia do curso)<\/a><\/p>\n\n\n\n<p class=\" \"><a href=\"https:\/\/docs.google.com\/document\/d\/1fr40clmqMOU6OdBpIpHDAGNAC6I33dq_\/edit?usp=sharing&amp;ouid=117754411751472416115&amp;rtpof=true&amp;sd=true\">Requerimento &#8211; Cola\u00e7\u00e3o de Grau Individual<\/a><\/p>\n\n\n\n<p class=\" \"><a href=\"https:\/\/docs.google.com\/document\/d\/1QTCsLX4kpzzEuAsjdmmIFaj2a41og2CY\/edit?usp=sharing&amp;ouid=114004132850918635521&amp;rtpof=true&amp;sd=true\">Requerimento &#8211; Diploma de Gradua\u00e7\u00e3o &#8211; 1\u00aa via<\/a><\/p>\n\n\n\n<p class=\" \"><a href=\"https:\/\/docs.google.com\/document\/d\/1cXm5M62j_I-M0as-92IE9TSBIUG2OE99\/edit?usp=sharing&amp;ouid=117754411751472416115&amp;rtpof=true&amp;sd=true\">Requerimento &#8211; Exerc\u00edcios Domiciliares<\/a><\/p>\n\n\n\n<p class=\" \"><a href=\"https:\/\/docs.google.com\/document\/d\/1Z_8JPeBpcpx9kcqlL1QDF_4FQrCPm2Nl\/edit\">Requerimento &#8211; Geral &#8211; GADM<\/a><\/p>\n\n\n\n<p class=\" \"><a href=\"https:\/\/docs.google.com\/document\/d\/1RoxNSgl2uYfHu6D7Tavme2QyyxRmZLlR0fLasDA63uE\/edit?usp=sharing\">Requerimento &#8211; Matr\u00edcula Est\u00e1gio Supervisionado (curr\u00edculo 2019)<\/a><\/p>\n\n\n\n<p class=\" \"><a href=\"https:\/\/docs.google.com\/document\/d\/15FvI9FAUFY1U9iNlsSyXgGoxTUyT67GN\/edit?usp=sharing&amp;ouid=118090248955224155707&amp;rtpof=true&amp;sd=true\">Requerimento &#8211; Mudan\u00e7a de orientador de Est\u00e1gio<\/a><\/p>\n\n\n\n<p class=\" \"><a href=\"https:\/\/docs.google.com\/document\/d\/1xaanvqGSF5Uv9q6fBd8CRtP0_AnYhO30\/edit\">Requerimento &#8211; Mudan\u00e7a de Turno<\/a><\/p>\n\n\n\n<p class=\" \"><a href=\"https:\/\/docs.google.com\/document\/d\/1Cc64ghBGmpNLo-7RFalScoYy0KGBb0KI\/edit?usp=sharing&amp;ouid=114004132850918635521&amp;rtpof=true&amp;sd=true\">Requerimento &#8211; Optativa de Livre Escolha<\/a><\/p>\n\n\n\n<p class=\" \"><a href=\"https:\/\/docs.google.com\/document\/d\/1pFSOh_i5FVZZAaLilIWGehYFn6_HI3mm\/edit?usp=sharing&amp;ouid=114004132850918635521&amp;rtpof=true&amp;sd=true\">Requerimento &#8211; Prorroga\u00e7\u00e3o\/Dilata\u00e7\u00e3o de Curso<\/a><\/p>\n\n\n\n<p class=\" \"><a href=\"https:\/\/docs.google.com\/document\/d\/1L3VgrKVgyTdsCkUlsUkWeN462W2vDoGs\/edit?usp=sharing&amp;ouid=117754411751472416115&amp;rtpof=true&amp;sd=true\">Requerimento &#8211; Quebra de Pr\u00e9-requisito<\/a><\/p>\n\n\n\n<p class=\" \"><a href=\"https:\/\/docs.google.com\/document\/d\/1Ehd2SQ3CB9xBqEY7O3lyNdZ6myORc9Rx\/edit?usp=sharing&amp;ouid=117754411751472416115&amp;rtpof=true&amp;sd=true\">Requerimento &#8211; Reposi\u00e7\u00e3o de Atividade Acad\u00eamica<\/a><\/p>\n\n\n\n<p class=\" \"><a href=\"https:\/\/drive.ufpb.br\/s\/dF66rLgWkAfxZ3e\">Requerimento &#8211; Reingresso no Curso<\/a><\/p>\n\n\n\n<p class=\" \"><a href=\"https:\/\/docs.google.com\/document\/d\/1GtkOwYp5pHQcGexm4O6eYbQpO5KXyDTc\/edit?usp=sharing&amp;ouid=117754411751472416115&amp;rtpof=true&amp;sd=true\">Requerimento &#8211; Reserva de Salas<\/a><\/p>\n\n\n\n<p class=\" \"><a href=\"https:\/\/docs.google.com\/document\/d\/1QqDujcaDJ_Uwy4afaK-5G1yJqgveu3v1\/edit\">Requerimento &#8211; Recurso ao Consepe<\/a><\/p>\n\n\n\n<p class=\" \"><a href=\"https:\/\/docs.google.com\/document\/d\/1MGViN96uf3CXG_3ubeNF0JvV0bnB4D5P\/edit?usp=sharing&amp;ouid=118090248955224155707&amp;rtpof=true&amp;sd=true\">Requerimento &#8211; Termo de Aceite para orienta\u00e7\u00e3o em Est\u00e1gio<\/a><\/p>\n\n\n\n<p class=\" \"><a href=\"https:\/\/docs.google.com\/document\/d\/1OOrdmMyKt1HUdzN4uoDTmr0qwrb-vpVy0JcP0yymmxw\/edit\">&nbsp;Requerimento &#8211;&nbsp; Mudan\u00e7a de Sala<\/a><\/p>\n\n\n\n<p class=\" \"><a href=\"https:\/\/docs.google.com\/document\/d\/1iGoGCunsKs4ZD0gX5Y6NhxOZRfK361oR\/edit?usp=sharing&amp;ouid=114004132850918635521&amp;rtpof=true&amp;sd=true\">Declara\u00e7\u00e3o de Prova &#8211; Est\u00e1gio<\/a><\/p>\n","protected":false},"excerpt":{"rendered":"<p>Requerimento &#8211; Abrevia\u00e7\u00e3o de Curso Requerimento &#8211; Aproveitamento e Dispensa Requerimento &#8211; Antecipa\u00e7\u00e3o de Cola\u00e7\u00e3o de Grau Requerimento &#8211; Atualiza\u00e7\u00e3o de Dados Cadastrais Requerimento &#8211; Cancelamento (Trancamento) de Atividades &#8211; TCC e ESA Requerimento &#8211; Cancelamento de Componente Curricular Requerimento &#8211; Cancelamento de v\u00ednculo com a Universidade (desist\u00eancia do curso) Requerimento &#8211; Cola\u00e7\u00e3o de Grau [&hellip;]<\/p>\n","protected":false},"author":47,"featured_media":0,"parent":37,"menu_order":3,"comment_status":"closed","ping_status":"closed","template":"","meta":{"footnotes":""},"class_list":["post-39","page","type-page","status-publish","hentry"],"_links":{"self":[{"href":"https:\/\/www.ccsa.ufpb.br\/gadm\/wp-json\/wp\/v2\/pages\/39","targetHints":{"allow":["GET"]}}],"collection":[{"href":"https:\/\/www.ccsa.ufpb.br\/gadm\/wp-json\/wp\/v2\/pages"}],"about":[{"href":"https:\/\/www.ccsa.ufpb.br\/gadm\/wp-json\/wp\/v2\/types\/page"}],"author":[{"embeddable":true,"href":"https:\/\/www.ccsa.ufpb.br\/gadm\/wp-json\/wp\/v2\/users\/47"}],"replies":[{"embeddable":true,"href":"https:\/\/www.ccsa.ufpb.br\/gadm\/wp-json\/wp\/v2\/comments?post=39"}],"version-history":[{"count":3,"href":"https:\/\/www.ccsa.ufpb.br\/gadm\/wp-json\/wp\/v2\/pages\/39\/revisions"}],"predecessor-version":[{"id":376,"href":"https:\/\/www.ccsa.ufpb.br\/gadm\/wp-json\/wp\/v2\/pages\/39\/revisions\/376"}],"up":[{"embeddable":true,"href":"https:\/\/www.ccsa.ufpb.br\/gadm\/wp-json\/wp\/v2\/pages\/37"}],"wp:attachment":[{"href":"https:\/\/www.ccsa.ufpb.br\/gadm\/wp-json\/wp\/v2\/media?parent=39"}],"curies":[{"name":"wp","href":"https:\/\/api.w.org\/{rel}","templated":true}]}}