{"id":41,"date":"2025-02-18T19:34:42","date_gmt":"2025-02-18T19:34:42","guid":{"rendered":"https:\/\/www.ccsa.ufpb.br\/gadm\/?page_id=41"},"modified":"2025-07-23T21:43:50","modified_gmt":"2025-07-23T21:43:50","slug":"neppa","status":"publish","type":"page","link":"https:\/\/www.ccsa.ufpb.br\/gadm\/neppa\/","title":{"rendered":"Est\u00e1gio &#8211; NEPPA"},"content":{"rendered":"\n<p>N\u00facleo de Estudo, Pesquisa e Pr\u00e1tica em Administra\u00e7\u00e3o &#8211; NEPPA<\/p>\n\n\n\n<p><\/p>\n","protected":false},"excerpt":{"rendered":"<p>N\u00facleo de Estudo, Pesquisa e Pr\u00e1tica em Administra\u00e7\u00e3o &#8211; NEPPA<\/p>\n","protected":false},"author":47,"featured_media":0,"parent":0,"menu_order":6,"comment_status":"closed","ping_status":"closed","template":"","meta":{"footnotes":""},"class_list":["post-41","page","type-page","status-publish","hentry"],"_links":{"self":[{"href":"https:\/\/www.ccsa.ufpb.br\/gadm\/wp-json\/wp\/v2\/pages\/41","targetHints":{"allow":["GET"]}}],"collection":[{"href":"https:\/\/www.ccsa.ufpb.br\/gadm\/wp-json\/wp\/v2\/pages"}],"about":[{"href":"https:\/\/www.ccsa.ufpb.br\/gadm\/wp-json\/wp\/v2\/types\/page"}],"author":[{"embeddable":true,"href":"https:\/\/www.ccsa.ufpb.br\/gadm\/wp-json\/wp\/v2\/users\/47"}],"replies":[{"embeddable":true,"href":"https:\/\/www.ccsa.ufpb.br\/gadm\/wp-json\/wp\/v2\/comments?post=41"}],"version-history":[{"count":4,"href":"https:\/\/www.ccsa.ufpb.br\/gadm\/wp-json\/wp\/v2\/pages\/41\/revisions"}],"predecessor-version":[{"id":176,"href":"https:\/\/www.ccsa.ufpb.br\/gadm\/wp-json\/wp\/v2\/pages\/41\/revisions\/176"}],"wp:attachment":[{"href":"https:\/\/www.ccsa.ufpb.br\/gadm\/wp-json\/wp\/v2\/media?parent=41"}],"curies":[{"name":"wp","href":"https:\/\/api.w.org\/{rel}","templated":true}]}}