{"id":57,"date":"2025-02-20T12:09:54","date_gmt":"2025-02-20T12:09:54","guid":{"rendered":"https:\/\/www.ccsa.ufpb.br\/gadm\/?page_id=57"},"modified":"2026-04-30T19:38:48","modified_gmt":"2026-04-30T19:38:48","slug":"relatorios-de-estagio","status":"publish","type":"page","link":"https:\/\/www.ccsa.ufpb.br\/gadm\/neppa\/relatorios-de-estagio\/","title":{"rendered":"Relat\u00f3rios de Est\u00e1gio"},"content":{"rendered":"\n<p><\/p>\n\n\n\n<p><a href=\"https:\/\/www.ccsa.ufpb.br\/gadm\/wp-content\/uploads\/sites\/179\/sites\/259\/2025\/06\/estag-NAO-obrig-relatorio.pdf\" data-type=\"attachment\" data-id=\"147\">Relat\u00f3rios de Est\u00e1gio N\u00e3o-Obrigat\u00f3rio<\/a><\/p>\n\n\n\n<p>\u00c9 obrigat\u00f3rio realizar:<\/p>\n\n\n\n<ul class=\"wp-block-list\">\n<li>Relat\u00f3rio parcial (inserir no SIGAA a cada 6 meses de est\u00e1gio n\u00e3o-obrigat\u00f3rio)<\/li>\n\n\n\n<li>Relat\u00f3rio final (inserir no SIGAA ao concluir um est\u00e1gio n\u00e3o-obrigat\u00f3rio)<\/li>\n\n\n\n<li>O modelo para ambos os relat\u00f3rios \u00e9 o do Ap\u00eandice A5 da <a href=\"https:\/\/www.ccsa.ufpb.br\/gadm\/documentos\/\" data-type=\"page\" data-id=\"34\">Resolu\u00e7\u00e3o de Est\u00e1gio do Curso de Administra\u00e7\u00e3o<\/a><\/li>\n<\/ul>\n\n\n\n<p>OBS: a assinatura dos relat\u00f3rios de est\u00e1gio n\u00e3o-obrigat\u00f3rio s\u00e3o realizadas pela Coordena\u00e7\u00e3o de Est\u00e1gio\/NEPPA: coordenacaoneppaufpb@gmail.com<\/p>\n\n\n\n<p><\/p>\n\n\n\n<p><a href=\"https:\/\/www.ccsa.ufpb.br\/gadm\/wp-content\/uploads\/sites\/179\/sites\/259\/2025\/06\/ESA-modelo-de-relatorio.pdf\" data-type=\"attachment\" data-id=\"150\">Relat\u00f3rios de Est\u00e1gio Supervisionado em Administra\u00e7\u00e3o (ESA)<\/a><\/p>\n\n\n\n<p>\u00c9 obrigat\u00f3rio realizar:<\/p>\n\n\n\n<ul class=\"wp-block-list\">\n<li>Um relat\u00f3rio para concluir a atividade ESA no qual o aluno estiver matriculado.<\/li>\n\n\n\n<li>O modelo para cada Relat\u00f3rio de cada ESA est\u00e1 indicado na <a href=\"https:\/\/www.ccsa.ufpb.br\/gadm\/documentos\/\" data-type=\"page\" data-id=\"34\">Resolu\u00e7\u00e3o de Est\u00e1gio do Curso de Administra\u00e7\u00e3o<\/a> (ap\u00eandices)<\/li>\n\n\n\n<li>Deve ser enviado com a assinatura e nota do orientador(a); e assinaturas do supervisor no est\u00e1gio e da coordena\u00e7\u00e3o do NEPPA para o e-mail do NEPPA no prazo indicado no Cronograma do NEPPA publicado no site (o cronograma est\u00e1 no Calend\u00e1rio Geral GADM: <a href=\"https:\/\/www.ccsa.ufpb.br\/gadm\/calendario\/\">https:\/\/www.ccsa.ufpb.br\/gadm\/calendario\/<\/a>)<\/li>\n<\/ul>\n\n\n\n<p>OBS: a assinatura dos relat\u00f3rios dos ESA&#8217;s s\u00e3o realizadas pela Coordena\u00e7\u00e3o de Est\u00e1gio\/NEPPA: coordenacaoneppaufpb@gmail.com<\/p>\n","protected":false},"excerpt":{"rendered":"<p>Relat\u00f3rios de Est\u00e1gio N\u00e3o-Obrigat\u00f3rio \u00c9 obrigat\u00f3rio realizar: OBS: a assinatura dos relat\u00f3rios de est\u00e1gio n\u00e3o-obrigat\u00f3rio s\u00e3o realizadas pela Coordena\u00e7\u00e3o de Est\u00e1gio\/NEPPA: coordenacaoneppaufpb@gmail.com Relat\u00f3rios de Est\u00e1gio Supervisionado em Administra\u00e7\u00e3o (ESA) \u00c9 obrigat\u00f3rio realizar: OBS: a assinatura dos relat\u00f3rios dos ESA&#8217;s s\u00e3o realizadas pela Coordena\u00e7\u00e3o de Est\u00e1gio\/NEPPA: coordenacaoneppaufpb@gmail.com<\/p>\n","protected":false},"author":47,"featured_media":0,"parent":41,"menu_order":4,"comment_status":"closed","ping_status":"closed","template":"","meta":{"footnotes":""},"class_list":["post-57","page","type-page","status-publish","hentry"],"_links":{"self":[{"href":"https:\/\/www.ccsa.ufpb.br\/gadm\/wp-json\/wp\/v2\/pages\/57","targetHints":{"allow":["GET"]}}],"collection":[{"href":"https:\/\/www.ccsa.ufpb.br\/gadm\/wp-json\/wp\/v2\/pages"}],"about":[{"href":"https:\/\/www.ccsa.ufpb.br\/gadm\/wp-json\/wp\/v2\/types\/page"}],"author":[{"embeddable":true,"href":"https:\/\/www.ccsa.ufpb.br\/gadm\/wp-json\/wp\/v2\/users\/47"}],"replies":[{"embeddable":true,"href":"https:\/\/www.ccsa.ufpb.br\/gadm\/wp-json\/wp\/v2\/comments?post=57"}],"version-history":[{"count":7,"href":"https:\/\/www.ccsa.ufpb.br\/gadm\/wp-json\/wp\/v2\/pages\/57\/revisions"}],"predecessor-version":[{"id":493,"href":"https:\/\/www.ccsa.ufpb.br\/gadm\/wp-json\/wp\/v2\/pages\/57\/revisions\/493"}],"up":[{"embeddable":true,"href":"https:\/\/www.ccsa.ufpb.br\/gadm\/wp-json\/wp\/v2\/pages\/41"}],"wp:attachment":[{"href":"https:\/\/www.ccsa.ufpb.br\/gadm\/wp-json\/wp\/v2\/media?parent=57"}],"curies":[{"name":"wp","href":"https:\/\/api.w.org\/{rel}","templated":true}]}}