{"id":59,"date":"2025-02-20T12:10:32","date_gmt":"2025-02-20T12:10:32","guid":{"rendered":"https:\/\/www.ccsa.ufpb.br\/gadm\/?page_id=59"},"modified":"2025-07-23T21:29:25","modified_gmt":"2025-07-23T21:29:25","slug":"documentos","status":"publish","type":"page","link":"https:\/\/www.ccsa.ufpb.br\/gadm\/neppa\/documentos\/","title":{"rendered":"Diferen\u00e7a entre Est\u00e1gio Obrigat\u00f3rio e N\u00e3o-obrigat\u00f3rio"},"content":{"rendered":"\n<p><\/p>\n\n\n\n<ul class=\"wp-block-list\">\n<li>O <strong>Est\u00e1gio Obrigat\u00f3rio<\/strong> s\u00e3o os componentes curriculares obrigat\u00f3rios de Est\u00e1gio que todos os dicentes matriculados no curso de Administra\u00e7\u00e3o (CCSA) devem cursar. S\u00e3o os chamados ESA&#8217;s &#8211; Est\u00e1gio Supervisionado em Administra\u00e7\u00e3o I, II, III e IV (cada um com 75h &#8211; curr\u00edculo 2019; e 60h &#8211; curr\u00edculo 2024). Para curs\u00e1-los, o discente deve ter realizado um est\u00e1gio n\u00e3o-obrigat\u00f3rio, ou ter experi\u00eancia profissional realizada h\u00e1 no m\u00e1ximo 5 anos (atividade compat\u00edvel com o curso de Administra\u00e7\u00e3o), ou, caso n\u00e3o tenha nehuma das duas op\u00e7\u00f5es anteriores, dever\u00e1 realizar um est\u00e1gio obrigat\u00f3rio interno ou externo \u00e0 UFPB.<\/li>\n<\/ul>\n\n\n\n<p><\/p>\n\n\n\n<ul class=\"wp-block-list\">\n<li>J\u00e1 o <strong>Est\u00e1gio N\u00e3o-obrigat\u00f3rio<\/strong> s\u00e3o os est\u00e1gios remunerados realizados pelos discentes em empresas conveniadas \u00e0 UFPB ou a agentes de integra\u00e7\u00e3o conveniadas \u00e0 UFPB (CIEE, IEL, SuperEst\u00e1gios, MaisEst\u00e1gios etc).<\/li>\n<\/ul>\n\n\n\n<p><\/p>\n\n\n\n<p>Veja mais informa\u00e7\u00f5es: <a href=\"http:\/\/www.ccsa.ufpb.br\/gadm\/wp-content\/uploads\/sites\/179\/sites\/259\/2025\/07\/neppa-estagio-supervisionado-em-administracao-gadm.pdf\">O que s\u00e3o est\u00e1gios em Administra\u00e7\u00e3o?<\/a><\/p>\n","protected":false},"excerpt":{"rendered":"<p>Veja mais informa\u00e7\u00f5es: O que s\u00e3o est\u00e1gios em Administra\u00e7\u00e3o?<\/p>\n","protected":false},"author":47,"featured_media":0,"parent":41,"menu_order":0,"comment_status":"closed","ping_status":"closed","template":"","meta":{"footnotes":""},"class_list":["post-59","page","type-page","status-publish","hentry"],"_links":{"self":[{"href":"https:\/\/www.ccsa.ufpb.br\/gadm\/wp-json\/wp\/v2\/pages\/59","targetHints":{"allow":["GET"]}}],"collection":[{"href":"https:\/\/www.ccsa.ufpb.br\/gadm\/wp-json\/wp\/v2\/pages"}],"about":[{"href":"https:\/\/www.ccsa.ufpb.br\/gadm\/wp-json\/wp\/v2\/types\/page"}],"author":[{"embeddable":true,"href":"https:\/\/www.ccsa.ufpb.br\/gadm\/wp-json\/wp\/v2\/users\/47"}],"replies":[{"embeddable":true,"href":"https:\/\/www.ccsa.ufpb.br\/gadm\/wp-json\/wp\/v2\/comments?post=59"}],"version-history":[{"count":6,"href":"https:\/\/www.ccsa.ufpb.br\/gadm\/wp-json\/wp\/v2\/pages\/59\/revisions"}],"predecessor-version":[{"id":166,"href":"https:\/\/www.ccsa.ufpb.br\/gadm\/wp-json\/wp\/v2\/pages\/59\/revisions\/166"}],"up":[{"embeddable":true,"href":"https:\/\/www.ccsa.ufpb.br\/gadm\/wp-json\/wp\/v2\/pages\/41"}],"wp:attachment":[{"href":"https:\/\/www.ccsa.ufpb.br\/gadm\/wp-json\/wp\/v2\/media?parent=59"}],"curies":[{"name":"wp","href":"https:\/\/api.w.org\/{rel}","templated":true}]}}