{"id":90,"date":"2025-06-09T03:05:17","date_gmt":"2025-06-09T03:05:17","guid":{"rendered":"https:\/\/www.ccsa.ufpb.br\/gadm\/?page_id=90"},"modified":"2026-03-31T20:57:58","modified_gmt":"2026-03-31T20:57:58","slug":"matriculas","status":"publish","type":"page","link":"https:\/\/www.ccsa.ufpb.br\/gadm\/calendario\/matriculas\/","title":{"rendered":"Matr\u00edculas, Trancamentos e Equival\u00eancias"},"content":{"rendered":"\n<p><\/p>\n\n\n\n<p><a href=\"https:\/\/www.ccsa.ufpb.br\/gadm\/wp-content\/uploads\/sites\/179\/sites\/259\/2026\/03\/2026.1-INGRESSANTES-GADM_compressed.pdf\" data-type=\"attachment\" data-id=\"379\">Matr\u00edculas Ingressantes 2026.1<\/a><\/p>\n\n\n\n<p><a href=\"https:\/\/www.ccsa.ufpb.br\/gadm\/wp-content\/uploads\/sites\/179\/sites\/259\/2026\/03\/2026.1-INFORMATIVO-DE-MATRICULA-GADM-1080-x-1350-px.pdf\" data-type=\"attachment\" data-id=\"378\">Informativo Matr\u00edculas 2026.1<\/a><\/p>\n\n\n\n<p><a href=\"https:\/\/www.ccsa.ufpb.br\/gadm\/wp-content\/uploads\/sites\/179\/sites\/259\/2025\/06\/Infografico-Matricula-Rematricula-e-Extraordinaria.pdf\" data-type=\"attachment\" data-id=\"87\">Infogr\u00e1fico \u2013 Matr\u00edcula, Rematr\u00edcula e Extraordin\u00e1ria<\/a><\/p>\n\n\n\n<p><a href=\"https:\/\/www.ccsa.ufpb.br\/gadm\/wp-content\/uploads\/sites\/179\/sites\/259\/2025\/06\/passo-a-passo-para-cancelar-solicitacao-de-matricula-pelo-sigaa-discente.docx.pdf\" data-type=\"attachment\" data-id=\"89\">Cancelar solicita\u00e7\u00e3o de matr\u00edcula no SIGAA<\/a><\/p>\n\n\n\n<p><a href=\"https:\/\/www.ccsa.ufpb.br\/gadm\/wp-content\/uploads\/sites\/179\/sites\/259\/2025\/06\/INDEFERIMENTOS.docx.pdf\" data-type=\"attachment\" data-id=\"92\">Indeferimento e processamento de matr\u00edcula<\/a><\/p>\n\n\n\n<p><a href=\"https:\/\/www.ccsa.ufpb.br\/gadm\/wp-content\/uploads\/sites\/179\/sites\/259\/2025\/06\/PassoapassoparaCadastronoSIGAAatualizado.pdf\" data-type=\"attachment\" data-id=\"88\">Passo a passo para cadastro no SIGAA &#8211; INGRESSANTES<\/a><\/p>\n\n\n\n<p><\/p>\n\n\n\n<h2 class=\"wp-block-heading\">Fluxogramas\/Curr\u00edculos acad\u00eamicos<\/h2>\n\n\n\n<p><\/p>\n\n\n\n<p><a href=\"https:\/\/www.ccsa.ufpb.br\/gadm\/wp-content\/uploads\/sites\/179\/sites\/259\/2025\/09\/resoluo_consepe_n_30-2024-1-PPC-2024.pdf\" data-type=\"attachment\" data-id=\"269\">Curr\u00edculo 2024<\/a><\/p>\n\n\n\n<p><a href=\"https:\/\/www.ccsa.ufpb.br\/gadm\/wp-content\/uploads\/sites\/179\/sites\/259\/2025\/06\/fluxograma_do_currculo_2019.pdf\" data-type=\"attachment\" data-id=\"96\">Curr\u00edculo 2019<\/a><\/p>\n\n\n\n<p><a href=\"https:\/\/www.ccsa.ufpb.br\/gadm\/wp-content\/uploads\/sites\/179\/sites\/259\/2025\/06\/fluxograma_do_currculo_2011.pdf\" data-type=\"attachment\" data-id=\"95\">Curr\u00edculo 2011<\/a><\/p>\n\n\n\n<p><\/p>\n\n\n\n<h2 class=\"wp-block-heading\">Trancamentos<\/h2>\n\n\n\n<p><a href=\"https:\/\/docs.google.com\/document\/d\/14MvsPepuzaQbR7PM6J1ntR1GZlDiJ9LK\/edit\" target=\"_blank\" rel=\"noreferrer noopener\">Informa\u00e7\u00f5es<\/a><\/p>\n\n\n\n<p>Cronograma: o prazo para solicitar trancamento de curso ou de disciplina\/atividade para o semestre <strong>2025.2<\/strong> \u00e9 de <strong>19 a 24 de fevereiro de 2026<\/strong>.<\/p>\n\n\n\n<p><\/p>\n\n\n\n<h2 class=\"wp-block-heading\">Equival\u00eancia de disciplinas<\/h2>\n\n\n\n<p><a href=\"https:\/\/docs.google.com\/document\/d\/1Cavv7iTtss4rcYu5V_aLroJIS3Cl_GVM\/edit?usp=sharing&amp;ouid=117754411751472416115&amp;rtpof=true&amp;sd=true\" target=\"_blank\" rel=\"noreferrer noopener\">Principais d\u00favidas sobre&nbsp;Equival\u00eancias de disciplinas<\/a><\/p>\n\n\n\n<p><a href=\"https:\/\/www.ccsa.ufpb.br\/cadm\/contents\/documentos\/equivalencias\/equivalencias_disciplinas.pdf\">Tabela de Equival\u00eancias entre os curr\u00edculos de 2011 e 2019<\/a><\/p>\n","protected":false},"excerpt":{"rendered":"<p>Matr\u00edculas Ingressantes 2026.1 Informativo Matr\u00edculas 2026.1 Infogr\u00e1fico \u2013 Matr\u00edcula, Rematr\u00edcula e Extraordin\u00e1ria Cancelar solicita\u00e7\u00e3o de matr\u00edcula no SIGAA Indeferimento e processamento de matr\u00edcula Passo a passo para cadastro no SIGAA &#8211; INGRESSANTES Fluxogramas\/Curr\u00edculos acad\u00eamicos Curr\u00edculo 2024 Curr\u00edculo 2019 Curr\u00edculo 2011 Trancamentos Informa\u00e7\u00f5es Cronograma: o prazo para solicitar trancamento de curso ou de disciplina\/atividade para o [&hellip;]<\/p>\n","protected":false},"author":218,"featured_media":0,"parent":37,"menu_order":5,"comment_status":"closed","ping_status":"closed","template":"","meta":{"footnotes":""},"class_list":["post-90","page","type-page","status-publish","hentry"],"_links":{"self":[{"href":"https:\/\/www.ccsa.ufpb.br\/gadm\/wp-json\/wp\/v2\/pages\/90","targetHints":{"allow":["GET"]}}],"collection":[{"href":"https:\/\/www.ccsa.ufpb.br\/gadm\/wp-json\/wp\/v2\/pages"}],"about":[{"href":"https:\/\/www.ccsa.ufpb.br\/gadm\/wp-json\/wp\/v2\/types\/page"}],"author":[{"embeddable":true,"href":"https:\/\/www.ccsa.ufpb.br\/gadm\/wp-json\/wp\/v2\/users\/218"}],"replies":[{"embeddable":true,"href":"https:\/\/www.ccsa.ufpb.br\/gadm\/wp-json\/wp\/v2\/comments?post=90"}],"version-history":[{"count":13,"href":"https:\/\/www.ccsa.ufpb.br\/gadm\/wp-json\/wp\/v2\/pages\/90\/revisions"}],"predecessor-version":[{"id":380,"href":"https:\/\/www.ccsa.ufpb.br\/gadm\/wp-json\/wp\/v2\/pages\/90\/revisions\/380"}],"up":[{"embeddable":true,"href":"https:\/\/www.ccsa.ufpb.br\/gadm\/wp-json\/wp\/v2\/pages\/37"}],"wp:attachment":[{"href":"https:\/\/www.ccsa.ufpb.br\/gadm\/wp-json\/wp\/v2\/media?parent=90"}],"curies":[{"name":"wp","href":"https:\/\/api.w.org\/{rel}","templated":true}]}}