{"id":24,"date":"2024-09-12T12:53:00","date_gmt":"2024-09-12T12:53:00","guid":{"rendered":"https:\/\/www.ccsa.ufpb.br\/gets2\/?page_id=24"},"modified":"2024-09-25T11:23:34","modified_gmt":"2024-09-25T14:23:34","slug":"linhas-de-pesquisa","status":"publish","type":"page","link":"https:\/\/www.ccsa.ufpb.br\/gets\/linhas-de-pesquisa\/","title":{"rendered":"Linhas de pesquisa"},"content":{"rendered":"\n<p>I &#8211; Gest\u00e3o de Organiza\u00e7\u00f5es do Terceiro Setor: estuda temas relacionados \u00e0 gest\u00e3o de organiza\u00e7\u00f5es do Terceiro Setor, em vi\u00e9s gerencial ou acad\u00eamico, consideradas as caracter\u00edsticas que diferenciam estas institui\u00e7\u00f5es das do 1\u00b0 e 2\u00b0 setor.<\/p>\n\n\n\n<p>II &#8211; Sociedade Civil x 1\u00b0e 2\u00b0Setor: discute a rela\u00e7\u00e3o entre&nbsp;organiza\u00e7\u00f5es do terceiro setor, da economia solid\u00e1ria, n\u00e3o-governamentais, da sociedade civil e sem fins lucrativos&nbsp;(formais e informais da sociedade civil) e suas rela\u00e7\u00f5es com o mercado e\/ou Estado.&nbsp;Nestas rela\u00e7\u00f5es tem-se como bojo discuss\u00f5es sobre governan\u00e7a democr\u00e1tica, mecanismos de participa\u00e7\u00e3o, controle social, capital social e coprodu\u00e7\u00e3o, desenvolvimento local (Bancos sociais e comunit\u00e1rios).<\/p>\n\n\n\n<p><\/p>\n","protected":false},"excerpt":{"rendered":"<p>I &#8211; Gest\u00e3o de Organiza\u00e7\u00f5es do Terceiro Setor: estuda temas relacionados \u00e0 gest\u00e3o de organiza\u00e7\u00f5es do Terceiro Setor, em vi\u00e9s gerencial ou acad\u00eamico, consideradas as caracter\u00edsticas que diferenciam estas institui\u00e7\u00f5es das do 1\u00b0 e 2\u00b0 setor. II &#8211; Sociedade Civil x 1\u00b0e 2\u00b0Setor: discute a rela\u00e7\u00e3o entre&nbsp;organiza\u00e7\u00f5es do terceiro setor, da economia solid\u00e1ria, n\u00e3o-governamentais, da [&hellip;]<\/p>\n","protected":false},"author":47,"featured_media":0,"parent":0,"menu_order":0,"comment_status":"closed","ping_status":"closed","template":"","meta":{"footnotes":""},"class_list":["post-24","page","type-page","status-publish","hentry"],"_links":{"self":[{"href":"https:\/\/www.ccsa.ufpb.br\/gets\/wp-json\/wp\/v2\/pages\/24","targetHints":{"allow":["GET"]}}],"collection":[{"href":"https:\/\/www.ccsa.ufpb.br\/gets\/wp-json\/wp\/v2\/pages"}],"about":[{"href":"https:\/\/www.ccsa.ufpb.br\/gets\/wp-json\/wp\/v2\/types\/page"}],"author":[{"embeddable":true,"href":"https:\/\/www.ccsa.ufpb.br\/gets\/wp-json\/wp\/v2\/users\/47"}],"replies":[{"embeddable":true,"href":"https:\/\/www.ccsa.ufpb.br\/gets\/wp-json\/wp\/v2\/comments?post=24"}],"version-history":[{"count":2,"href":"https:\/\/www.ccsa.ufpb.br\/gets\/wp-json\/wp\/v2\/pages\/24\/revisions"}],"predecessor-version":[{"id":85,"href":"https:\/\/www.ccsa.ufpb.br\/gets\/wp-json\/wp\/v2\/pages\/24\/revisions\/85"}],"wp:attachment":[{"href":"https:\/\/www.ccsa.ufpb.br\/gets\/wp-json\/wp\/v2\/media?parent=24"}],"curies":[{"name":"wp","href":"https:\/\/api.w.org\/{rel}","templated":true}]}}