{"id":28,"date":"2024-09-12T12:54:25","date_gmt":"2024-09-12T12:54:25","guid":{"rendered":"https:\/\/www.ccsa.ufpb.br\/gets2\/?page_id=28"},"modified":"2024-10-13T22:17:20","modified_gmt":"2024-10-14T01:17:20","slug":"projetos-de-pesquisa","status":"publish","type":"page","link":"https:\/\/www.ccsa.ufpb.br\/gets\/projetos-de-pesquisa\/","title":{"rendered":"Projetos de Pesquisa"},"content":{"rendered":"\n<p class=\"has-text-align-left\"><strong>2022 &#8211; Atual<br>[Chamada CNPq\/MCTI\/FNDCT N\u00ba 18\/2021 &#8211; Universal] Efeitos comportamentais da participa\u00e7\u00e3o cidad\u00e3 em conselheiros volunt\u00e1rios dos Conselhos Regionais do Or\u00e7amento Democr\u00e1tico na Para\u00edba<br>Descri\u00e7\u00e3o:<\/strong> Historicamente o Brasil \u00e9 um pa\u00eds com baixa participa\u00e7\u00e3o social dos seus cidad\u00e3os, consequ\u00eancia das tradicionais formas de sociabilidade pol\u00edtica, do distanciamento do Estado da sociedade e do clientelismo presentes no sistema pol\u00edtico. Tamb\u00e9m \u00e9 um pa\u00eds de democracia aprisionada aos ritos eleitorais, o que refor\u00e7a uma esp\u00e9cie de &#8220;cidadania passiva&#8221;. Estudos conclu\u00edram pela rela\u00e7\u00e3o positiva entre o trabalho volunt\u00e1rio e a participa\u00e7\u00e3o cidad\u00e3. O voluntariado torna as pessoas mais conscientes da natureza dos problemas sociais e da necessidade de solu\u00e7\u00f5es pol\u00edticas; possibilita mais aprendizado sobre as quest\u00f5es e pol\u00edticas locais e ensina habilidades c\u00edvicas (JO, 2020; MUSICK; WILSON, 2008; NAVES, 2016). Todavia, apesar da conex\u00e3o entre aspectos da cidadania e o voluntariado, h\u00e1 lacunas de pesquisa: quais os n\u00edveis de participa\u00e7\u00e3o dos volunt\u00e1rios? qual a rela\u00e7\u00e3o das motiva\u00e7\u00f5es com os n\u00edveis de cidadania e, em especial, que efeitos acontecem no comportamento dos indiv\u00edduos ao final do per\u00edodo dedicado \u00e0 participa\u00e7\u00e3o?(CAVALCANTE, 2016; PINSKY; PINSKY, 2016; FERRAZ, 2017; CALDAS, 2020). Assim, questiona-se: Que efeitos ocorrem no comportamento de conselheiros volunt\u00e1rios, representantes da sociedade civil, ap\u00f3s sua participa\u00e7\u00e3o pelo per\u00edodo de 2 anos nos Conselhos Regionais do Or\u00e7amento Democr\u00e1tico na Para\u00edba? Esta inst\u00e2ncia vem ampliando a participa\u00e7\u00e3o dos cidad\u00e3os. No ciclo de 2019, mais de 50 mil pessoas se inscreveram, indicando crescimento de 14,1% na participa\u00e7\u00e3o social das audi\u00eancias(CARTILHA ODE, 2020). Por meio de estudo longitudinal censit\u00e1rio, no in\u00edcio e no final de seus mandatos, ser\u00e1 medida a percep\u00e7\u00e3o dos conselheiros volunt\u00e1rios de sua motiva\u00e7\u00e3o para voluntariar (CAVALCANTE, 2012) e sobre suas pr\u00e1ticas de cidadania (CALDAS, 2020). Em paralelo ser\u00e1 constru\u00eddo modelo conceitual de participa\u00e7\u00e3o cidad\u00e3 para avalia\u00e7\u00e3o de sua rela\u00e7\u00e3o com a motiva\u00e7\u00e3o volunt\u00e1ria. Para a an\u00e1lise de dados ser\u00e3o usadas t\u00e9cnicas estat\u00edsticas descritivas e modelagem de equa\u00e7\u00f5es estruturais.<br><strong>Situa\u00e7\u00e3o:<\/strong> Em andamento; Natureza: Pesquisa.<br><strong>Alunos envolvidos:<\/strong> Mestrado acad\u00eamico: (2) Doutorado: (1).<br><strong>Integrantes:<\/strong> Carlos Eduardo Cavalcante &#8211; Coordenador \/ Thiago Ferreira DIas &#8211; Integrante \/ Wagner Soares dos Santos &#8211; Integrante \/ Amanda Florense Amorim &#8211; Integrante \/ Stella Pereira Leite &#8211; Integrante \/ Arielly Carla Souza Silvestre &#8211; Integrante.<\/p>\n\n\n\n<p><strong>2021 &#8211; Atual<br>[PROPESQ\/PRPG\/UFPB No 03\/2020] &#8211; Motiva\u00e7\u00f5es e tipologias de coprodu\u00e7\u00e3o: proposta de modelo relacional de coprodu\u00e7\u00e3o do bem p\u00fablico<br>Descri\u00e7\u00e3o:<\/strong> O Brasil \u00e9 um pa\u00eds com baixa participa\u00e7\u00e3o cidad\u00e3. Consequ\u00eancia da conjuntura de forma\u00e7\u00e3o do estado brasileiro, fator determinante para a constru\u00e7\u00e3o das no\u00e7\u00f5es de cidadania e das rela\u00e7\u00f5es entre Estado e sociedade civil. Esta conjuntura estimulou tal afastamento por conta do contexto hist\u00f3rico de depend\u00eancia, distanciamento da justi\u00e7a e falta de identidade nacional. Entretanto, para Struecker e Hoffmann (2017), estudos evidenciam que o processo participativo pode ser usado como insumo para solu\u00e7\u00f5es que mitiguem os desafios associados \u00e0 participa\u00e7\u00e3o social. Al\u00e9m disso, houve o mea-culpa do Estado, que j\u00e1 utiliza estrat\u00e9gias de coprodu\u00e7\u00e3o para buscar uma reaproxima\u00e7\u00e3o com a sociedade. Isso ocorreria por meio de servi\u00e7os estatais que n\u00e3o sejam, simplesmente, entregues por agentes p\u00fablicos, mas coproduzidos por usu\u00e1rios, cidad\u00e3os e Organiza\u00e7\u00f5es da Sociedade Civil. Assim, o objetivo geral desta pesquisa \u00e9 propor um modelo de coprodu\u00e7\u00e3o do bem p\u00fablico que relacione as motiva\u00e7\u00f5es dos cidad\u00e3os e as tipologias de coprodu\u00e7\u00e3o. Espera-se fornecer subs\u00eddios aos gestores na elabora\u00e7\u00e3o e implementa\u00e7\u00e3o de pol\u00edticas p\u00fablicas que ser\u00e3o desenvolvidas em parceria com a sociedade al\u00e9m de suprir lacunas conceituais nessa \u00e1rea de estudos..<br><strong>Situa\u00e7\u00e3o:<\/strong> Em andamento; Natureza: Pesquisa.<br><strong>Alunos envolvidos:<\/strong> Doutorado: (2).<br><strong>Integrantes:<\/strong> Carlos Eduardo Cavalcante &#8211; Coordenador \/ Antonio Gouveia Junior &#8211; Integrante \/ Joacil Carlos Viana Bezerra &#8211; Integrante.<br><strong>Financiador(es):<\/strong> Universidade Federal da Para\u00edba &#8211; Aux\u00edlio financeiro.<\/p>\n\n\n\n<p><strong>2017 &#8211; 2020<br>Observat\u00f3rios de Gest\u00e3o Municipal: a sociedade civil engajada na fiscaliza\u00e7\u00e3o do Estado<br>Descri\u00e7\u00e3o:<\/strong> Projeto estuda a participa\u00e7\u00e3o cidad\u00e3 no controle social por meio dos Observat\u00f3rios Sociais. Um Observat\u00f3rio Social (OS) \u00e9 um espa\u00e7o para o exerc\u00edcio da cidadania, que deve ser democr\u00e1tico e apartid\u00e1rio e reunir o maior n\u00famero poss\u00edvel de entidades representativas da sociedade civil com o objetivo de contribuir para a melhoria da gest\u00e3o p\u00fablica. Cada OS \u00e9 integrado por cidad\u00e3os que transformaram o seu direito de indignar-se em atitude: em favor da transpar\u00eancia e da qualidade na aplica\u00e7\u00e3o dos recursos p\u00fablicos (OSB, 2018a).<br><strong>Situa\u00e7\u00e3o:<\/strong> Conclu\u00eddo; Natureza: Pesquisa.<br><strong>Alunos envolvidos:<\/strong> Mestrado acad\u00eamico: (2) Doutorado: (1).<br><strong>Integrantes:<\/strong> Carlos Eduardo Cavalcante &#8211; Coordenador \/ Antonio Gouveia Junior &#8211; Integrante \/ Joacil Carlos Viana Bezerra &#8211; Integrante.<br><strong>Financiador(es):<\/strong> Universidade Federal da Para\u00edba &#8211; Bolsa.<\/p>\n\n\n\n<p><strong>2016 &#8211; 2020<br>[Edital MCTI\/CNPQ N\u00ba 01\/2016 &#8211; Universal] Motiva\u00e7\u00e3o Volunt\u00e1ria, Racionalidade e Cidadania: vive-se uma nova fase?<br>Descri\u00e7\u00e3o:<\/strong> Nosso pa\u00eds tem bixos n\u00edveis de participa\u00e7\u00e3o cidad\u00e3, entretanto, parece estar havendo uma mudan\u00e7a de postura dos indiv\u00edduos: a partir dos anos 1990, aumentou o n\u00famero de ONGs no pa\u00eds (AVRITZER, 2010). Em paralelo, Knight (1993), Milligan (1998), Brown el all (2000) e Milligan e Fyfe (2005) conclu\u00edram pela exist\u00eancia de uma bifurca\u00e7\u00e3o no setor volunt\u00e1rio: organiza\u00e7\u00f5es substantivas\/humanas versus outras com caracter\u00edsticas corporativas. As primeiras estariam mais pr\u00f3ximas ao desenvolvimento de uma cidadania ativa e positiva, ao contr\u00e1rio das do segundo tipo. J\u00e1 outras pesquisas apontam que voluntariado estimula a cidadania (FLANAGAN et al, 1998; MUSICK e WILSON, 2008; FLANAGAM et al, 1999). Para o IBGE (2012), o Nordeste foi a regi\u00e3o que mais criou estas institui\u00e7\u00f5es nos \u00faltimos anos e a Para\u00edba, locus de pesquisa deste estudo, re\u00fane o menor n\u00famero proporcional, no Nordeste, de trabalhadores formais entre suas ONGs. Ainda, no Brasil, pesquisas que tenham como objeto de estudo os temas cidadania, voluntariado e racionalidade, s\u00e3o insipientes, quando n\u00e3o, inexistentes. Assim, este projeto relacionar\u00e1 estes constructos, por meio de t\u00e9cnicas de coleta e an\u00e1lise de dados qualitativas e quantitativas, com volunt\u00e1rios e n\u00e3o-volunt\u00e1rios, para reunir elementos que auxiliem tanto as ONGs na gest\u00e3o de seus volunt\u00e1rios quanto o Estado no entendimento deste fen\u00f4meno.<br><strong>Situa\u00e7\u00e3o: <\/strong>Conclu\u00eddo; Natureza: Pesquisa.<br><strong>Alunos envolvidos:<\/strong> Gradua\u00e7\u00e3o: (1) \/ Especializa\u00e7\u00e3o: (0) \/ Mestrado acad\u00eamico: (4) \/ Mestrado profissional: (0) \/ Doutorado: (1).<br><strong>Integrantes:<\/strong> Carlos Eduardo Cavalcante &#8211; Coordenador \/ Francisco Jos\u00e9 da Costa &#8211; Integrante \/ Washington Jos\u00e9 de Souza &#8211; Integrante \/ Tairine Vieira Ferraz &#8211; Integrante \/ H\u00e9lio Ara\u00fajo Pereira &#8211; Integrante \/ Patr\u00edcia Trindade Caldas &#8211; Integrante \/ Izaias Carlos de Mendon\u00e7a Junior &#8211; Integrante \/ Josiete da Silva Mendes &#8211; Integrante \/ Amanda Florense Alves Amorim &#8211; Integrante \/ B\u00e1rbara Stephanie Lira Maciel &#8211; Integrante.<\/p>\n\n\n\n<p><strong>2013 &#8211; 2015<br>[Edital CNPq 43\/2013 &#8211; Ci\u00eancias Humanas, Sociais e Sociais Aplicadas] Motiva\u00e7\u00e3o no Trabalho Volunt\u00e1rio: expectativas e motivos na Funda\u00e7\u00e3o Cidade Viva<br>Descri\u00e7\u00e3o:<\/strong> Este projeto busca compreender os motivos que levam indiv\u00edduos a tornar-se, manter-se e deixar de executar trabalho volunt\u00e1rio tomando como espa\u00e7o emp\u00edrico a Funda\u00e7\u00e3o Cidade Viva. Se espera chegar a resultados que sejam relevantes para o melhor entendimento do comportamento organizacional em a\u00e7\u00f5es volunt\u00e1rias, mas, principalmente, oferecer subs\u00eddios \u00e0 Funda\u00e7\u00e3o Cidade Viva para ela possa gerenciar a rotatividade de volunt\u00e1rios.<br><strong>Situa\u00e7\u00e3o:<\/strong> Conclu\u00eddo; Natureza: Pesquisa.<br><strong>Alunos envolvidos:<\/strong> Mestrado acad\u00eamico: (2).<br><strong>Integrantes:<\/strong> Carlos Eduardo Cavalcante &#8211; Coordenador \/ Joseilma Dantas Ageu &#8211; Integrante \/ Marcos Aurelio Gomes de Aquino &#8211; Integrante.<br><strong>Financiador(es):<\/strong> Conselho Nacional de Desenvolvimento Cient\u00edfico e Tecnol\u00f3gico &#8211; Aux\u00edlio financeiro.<\/p>\n\n\n\n<p><strong>2009 &#8211; 2010<br>Elementos do Trabalho Volunt\u00e1rio: motivos e expectativas na Pastoral da Crian\u00e7a da Zona Oeste de Jo\u00e3o Pessoa\/PB<br>Descri\u00e7\u00e3o<\/strong>: Delinear os motivos do trabalho volunt\u00e1rio na Pastoral da Crian\u00e7a, tomando como refer\u00eancia experi\u00eancias de volunt\u00e1rios da cidade de Jo\u00e3o Pessoa, capital da Para\u00edba. Em pesquisa anterior utilizando como amostra grupos pertencerem \u00e0 mesma organiza\u00e7\u00e3o em Natal\/RN (FERNANDES, 2006), mas que prestam o trabalho em bairros diferentes, observou-se que os motivos para executar este tipo de trabalho volunt\u00e1rio foram diferentes, uma vez que existiam contextos e processos diversos de socializa\u00e7\u00e3o dos volunt\u00e1rios e de assistidos.<br><strong>Situa\u00e7\u00e3o:<\/strong> Conclu\u00eddo; Natureza: Pesquisa.<br><strong>Alunos envolvidos:<\/strong> Gradua\u00e7\u00e3o: (1).<br><strong>Integrantes:<\/strong> Carlos Eduardo Cavalcante &#8211; Coordenador.<\/p>\n\n\n\n<p><strong>2009 &#8211; 2010<br>Diagn\u00f3stico dos motivos e expectativas de trabalhadores volunt\u00e1rios na Pastoral da Crian\u00e7a da Zona Leste de Jo\u00e3o Pessoa\/PB<\/strong><br><strong>Descri\u00e7\u00e3o:<\/strong> Delinear os motivos do trabalho volunt\u00e1rio na Pastoral da Crian\u00e7a, tomando como refer\u00eancia experi\u00eancias de volunt\u00e1rios da cidade de Jo\u00e3o Pessoa, capital da Para\u00edba. Em pesquisa anterior utilizando como amostra grupos pertencerem \u00e0 mesma organiza\u00e7\u00e3o em Natal\/RN (FERNANDES, 2006), mas que prestam o trabalho em bairros diferentes, observou-se que os motivos para executar este tipo de trabalho volunt\u00e1rio foram diferentes, uma vez que existiam contextos e processos diversos de socializa\u00e7\u00e3o dos volunt\u00e1rios e de assistidos.<br><strong>Situa\u00e7\u00e3o:<\/strong> Conclu\u00eddo; Natureza: Pesquisa.<br><strong>Alunos envolvidos:<\/strong> Gradua\u00e7\u00e3o: (1).<br><strong>Integrantes:<\/strong> Carlos Eduardo Cavalcante &#8211; Coordenador.<\/p>\n\n\n\n<p><strong>2009 &#8211; 2010<\/strong><br><strong>Elementos do Trabalho Volunt\u00e1rio: motivos e expectativas na Pastoral da Crian\u00e7a da Zona Norte de Jo\u00e3o Pessoa\/PB<\/strong><br><strong>Descri\u00e7\u00e3o:<\/strong> Delinear os motivos do trabalho volunt\u00e1rio na Pastoral da Crian\u00e7a, tomando como refer\u00eancia experi\u00eancias de volunt\u00e1rios da cidade de Jo\u00e3o Pessoa, capital da Para\u00edba. Em pesquisa anterior utilizando como amostra grupos pertencerem \u00e0 mesma organiza\u00e7\u00e3o em Natal\/RN (FERNANDES, 2006), mas que prestam o trabalho em bairros diferentes, observou-se que os motivos para executar este tipo de trabalho volunt\u00e1rio foram diferentes, uma vez que existiam contextos e processos diversos de socializa\u00e7\u00e3o dos volunt\u00e1rios e de assistidos.<br><strong>Situa\u00e7\u00e3o:<\/strong> Conclu\u00eddo; Natureza: Pesquisa.<br><strong>Alunos envolvidos:<\/strong> Gradua\u00e7\u00e3o: (1).<br><strong>Integrantes:<\/strong> Carlos Eduardo Cavalcante &#8211; Coordenador.<\/p>\n","protected":false},"excerpt":{"rendered":"<p>2022 &#8211; Atual[Chamada CNPq\/MCTI\/FNDCT N\u00ba 18\/2021 &#8211; Universal] Efeitos comportamentais da participa\u00e7\u00e3o cidad\u00e3 em conselheiros volunt\u00e1rios dos Conselhos Regionais do Or\u00e7amento Democr\u00e1tico na Para\u00edbaDescri\u00e7\u00e3o: Historicamente o Brasil \u00e9 um pa\u00eds com baixa participa\u00e7\u00e3o social dos seus cidad\u00e3os, consequ\u00eancia das tradicionais formas de sociabilidade pol\u00edtica, do distanciamento do Estado da sociedade e do clientelismo presentes no [&hellip;]<\/p>\n","protected":false},"author":47,"featured_media":0,"parent":0,"menu_order":0,"comment_status":"closed","ping_status":"closed","template":"","meta":{"footnotes":""},"class_list":["post-28","page","type-page","status-publish","hentry"],"_links":{"self":[{"href":"https:\/\/www.ccsa.ufpb.br\/gets\/wp-json\/wp\/v2\/pages\/28","targetHints":{"allow":["GET"]}}],"collection":[{"href":"https:\/\/www.ccsa.ufpb.br\/gets\/wp-json\/wp\/v2\/pages"}],"about":[{"href":"https:\/\/www.ccsa.ufpb.br\/gets\/wp-json\/wp\/v2\/types\/page"}],"author":[{"embeddable":true,"href":"https:\/\/www.ccsa.ufpb.br\/gets\/wp-json\/wp\/v2\/users\/47"}],"replies":[{"embeddable":true,"href":"https:\/\/www.ccsa.ufpb.br\/gets\/wp-json\/wp\/v2\/comments?post=28"}],"version-history":[{"count":5,"href":"https:\/\/www.ccsa.ufpb.br\/gets\/wp-json\/wp\/v2\/pages\/28\/revisions"}],"predecessor-version":[{"id":102,"href":"https:\/\/www.ccsa.ufpb.br\/gets\/wp-json\/wp\/v2\/pages\/28\/revisions\/102"}],"wp:attachment":[{"href":"https:\/\/www.ccsa.ufpb.br\/gets\/wp-json\/wp\/v2\/media?parent=28"}],"curies":[{"name":"wp","href":"https:\/\/api.w.org\/{rel}","templated":true}]}}