{"id":30,"date":"2024-09-12T12:55:31","date_gmt":"2024-09-12T12:55:31","guid":{"rendered":"https:\/\/www.ccsa.ufpb.br\/gets2\/?page_id=30"},"modified":"2024-10-15T20:46:43","modified_gmt":"2024-10-15T23:46:43","slug":"producao","status":"publish","type":"page","link":"https:\/\/www.ccsa.ufpb.br\/gets\/producao\/","title":{"rendered":"Produ\u00e7\u00e3o"},"content":{"rendered":"\n<p><strong>LIVROS PUBLICADOS\/ORGANIZADOS OU EDI\u00c7\u00d5ES<\/strong><\/p>\n\n\n\n<p>CAVALCANTE, C. E. <strong>Motiva\u00e7\u00e3o de volunt\u00e1rios:<\/strong> teoria e pr\u00e1tica. 1. ed. Curitiba\/PR: Appris, 2016. v. 1. 211p.<\/p>\n\n\n\n<p><img loading=\"lazy\" decoding=\"async\" width=\"342\" height=\"513\" class=\"wp-image-104\" style=\"width: 150px\" src=\"http:\/\/www.ccsa.ufpb.br\/gets\/wp-content\/uploads\/sites\/179\/sites\/209\/2024\/10\/Livro-Teoria-e-Pratica_Carlos-Eduardo-Cavalcante.jpeg\" alt=\"\" srcset=\"https:\/\/www.ccsa.ufpb.br\/gets\/wp-content\/uploads\/sites\/179\/sites\/209\/2024\/10\/Livro-Teoria-e-Pratica_Carlos-Eduardo-Cavalcante.jpeg 342w, https:\/\/www.ccsa.ufpb.br\/gets\/wp-content\/uploads\/sites\/179\/sites\/209\/2024\/10\/Livro-Teoria-e-Pratica_Carlos-Eduardo-Cavalcante-200x300.jpeg 200w\" sizes=\"auto, (max-width: 342px) 100vw, 342px\" \/><\/p>\n\n\n\n<p><strong>ARTIGOS COMPLETOS PUBLICADOS EM PERI\u00d3DICOS<\/strong><\/p>\n\n\n\n<p><strong>2024<\/strong><\/p>\n\n\n\n<ol class=\"wp-block-list\">\n<li>MAGUL, D. R.; CAVALCANTE, CARLOS EDUARDO. Retention of Civil Organizations Members and Political Participation: Possible Relationships. RAC. REVISTA DE ADMINISTRA\u00c7\u00c3O CONTEMPOR\u00c2NEA (ONLINE), v. 28, p. e240041, 2024. <a href=\"https:\/\/rac.anpad.org.br\/index.php\/rac\/article\/view\/1644\/2013\">https:\/\/rac.anpad.org.br\/index.php\/rac\/article\/view\/1644\/2013<\/a><\/li>\n<\/ol>\n\n\n\n<p><\/p>\n\n\n\n<p><strong>2023<\/strong><\/p>\n\n\n\n<ol class=\"wp-block-list\">\n<li>BEZERRA, J. C. V.; GOUVEIA JUNIOR, A.; CAVALCANTE, C. E. TIPOLOGIAS DE COPRODU\u00c7\u00c3O DO BEM P\u00daBLICO: estado da arte e agenda de pesquisa. GEST\u00c3O &amp; REGIONALIDADE (ONLINE), v. 39, p. e20237667, 2023. <a href=\"https:\/\/doi.org\/10.13037\/gr.vol39.e20237667\">https:\/\/doi.org\/10.13037\/gr.vol39.e20237667<\/a><\/li>\n\n\n\n<li>CALDAS, P. T.; CAVALCANTE, C. E. Praticando a cidadania: cria\u00e7\u00e3o e valida\u00e7\u00e3o de uma escala de mensura\u00e7\u00e3o. CADERNOS EBAPE.BR (FGV), v. 21, p. 4, 2023. <a href=\"https:\/\/doi.org\/10.1590\/1679-395120220132\">https:\/\/doi.org\/10.1590\/1679-395120220132<\/a><\/li>\n\n\n\n<li>GOUVEIA JUNIOR, A.; BEZERRA, J. C. V.; CAVALCANTE, C. E. Typologies of co-production of public services: A scale proposal. CONTEXTUS &#8211; REVISTA CONTEMPOR\u00c2NEA DE ECONOMIA E GEST\u00c3O, v. 21, p. e82156, 2023. <a href=\"https:\/\/doi.org\/10.19094\/contextus.2023.82156\">https:\/\/doi.org\/10.19094\/contextus.2023.82156<\/a><\/li>\n\n\n\n<li>MAGUL, D. R.; CAVALCANTE, C. E. Efeito domin\u00f3: organiza\u00e7\u00f5es da sociedade civil, reten\u00e7\u00e3o de membros e participa\u00e7\u00e3o pol\u00edtica cidad\u00e3 em Mo\u00e7ambique. Proposi\u00e7\u00f5es te\u00f3ricas. REVISTA ADMINISTRA\u00c7\u00c3O EM DI\u00c1LOGO &#8211; RAD, v. 24, p. 93-109, 2023. <a href=\"https:\/\/doi.org\/10.1590\/1413-2311.385.130267\">https:\/\/doi.org\/10.1590\/1413-2311.385.130267<\/a><\/li>\n\n\n\n<li>MAGUL, D. R.; CAVALCANTE, C. E. Desenvolvimento e valida\u00e7\u00e3o de uma escala de participa\u00e7\u00e3o pol\u00edtica. READ &#8211; REVISTA DE ADMINISTRA\u00c7\u00c3O DA EA\/UFRGS, v. 29, p. 4, 2023. <a href=\"https:\/\/doi.org\/10.1590\/1413-2311.385.130267\">https:\/\/doi.org\/10.1590\/1413-2311.385.130267<\/a><\/li>\n\n\n\n<li>LIMA COELHO, A. L. DE A.; CAVALCANTE, C. E.; CERQUEIRA, E. B.; BEZERRA LEAL, M. G. DE S. FINAN\u00c7AS SOLID\u00c1RIAS E BANCOS COMUNIT\u00c1RIOS DE DESENVOLVIMENTO: MAPEAMENTO DA PRODU\u00c7\u00c3O CIENT\u00cdFICA (1998-2020). MERCADO DE TRABALHO (RIO DE JANEIRO. 1996), v. 1, p. 157, 2023. <a href=\"https:\/\/repositorio.ipea.gov.br\/bitstream\/11058\/12708\/11\/BMT_76_financas_solidarias.pdf\">https:\/\/repositorio.ipea.gov.br\/bitstream\/11058\/12708\/11\/BMT_76_financas_solidarias.pdf<\/a><\/li>\n\n\n\n<li>PEREIRA, H. A.; CAVALCANTE, C. E. Volunteers Motivations in Brazillian\u00b4s Mega Sporting Events: Similar or Different?. REVISTA ORGANIZA\u00c7\u00d5ES EM CONTEXTO (ONLINE), v. 19, p. 417-439, 2023. <a href=\"https:\/\/revistas.metodista.br\/index.php\/organizacoesemcontexto\/article\/view\/43\">https:\/\/revistas.metodista.br\/index.php\/organizacoesemcontexto\/article\/view\/43<\/a><\/li>\n<\/ol>\n\n\n\n<p><\/p>\n\n\n\n<p><strong>2022<\/strong><\/p>\n\n\n\n<ol class=\"wp-block-list\">\n<li>BEZERRA, J. C. V.; CAVALCANTE, C. E.; GOUVEIA JUNIOR, A. Motiva\u00e7\u00e3o para coprodu\u00e7\u00e3o do bem p\u00fablico: proposta de uma escala. ADMINISTRA\u00c7\u00c3O P\u00daBLICA E GEST\u00c3O SOCIAL, p. 5, 2022. <a href=\"https:\/\/doi.org\/10.21118\/apgs.v14i1.11607\">https:\/\/doi.org\/10.21118\/apgs.v14i1.11607<\/a><\/li>\n\n\n\n<li>VIANA BEZERRA, J. C.; GOUVEIA J\u00daNIOR, A.; CAVALCANTE, C. E. Motiva\u00e7\u00e3o para coprodu\u00e7\u00e3o do bem p\u00fablico: reflex\u00f5es conceituais e apontamentos de pesquisa.. REVISTA DE ADMINISTRA\u00c7\u00c3O, SOCIEDADE E INOVA\u00c7\u00c3O, v. 8, p. 42, 2022. <a href=\"https:\/\/doi.org\/10.20401\/rasi.8.2.582\">https:\/\/doi.org\/10.20401\/rasi.8.2.582<\/a><\/li>\n<\/ol>\n\n\n\n<p><\/p>\n\n\n\n<p><strong>2021<\/strong><\/p>\n\n\n\n<ol class=\"wp-block-list\">\n<li>ALVES, J. A. G. R.; CAVALCANTE, C. E.; AMORIM, A. F.; PEREIRA, H. A. Tempo ao voluntariado: gest\u00e3o em organiza\u00e7\u00e3o de direitos sociais na Para\u00edba. PRINCIPIA (JO\u00c3O PESSOA), p. 1, 2021. <a href=\"https:\/\/periodicos.ifpb.edu.br\/index.php\/principia\/article\/view\/5171\">https:\/\/periodicos.ifpb.edu.br\/index.php\/principia\/article\/view\/5171<\/a><\/li>\n\n\n\n<li>FERRAZ, T. V.; CAVALCANTE, C. E.; CALDAS, P. T. Volunteering and Citizenship: First Empirical Evidences of the Positive Impact in Brazil. BASE (S\u00c3O LEOPOLDO. ONLINE), v. 18, p. 159-193, 2021. <a href=\"https:\/\/doi.org\/10.4013\/base.2021.182.01\">https:\/\/doi.org\/10.4013\/base.2021.182.01<\/a><\/li>\n\n\n\n<li>GOUVEIA J\u00daNIOR, A.; CAVALCANTE, C. E. COPRODU\u00c7\u00c3O DO BEM P\u00daBLICO: A RELA\u00c7\u00c3O ENTRE AS MOTIVA\u00c7\u00d5ES E TIPOLOGIAS. GESTAO E PLANEJAMENTO, v. 22, p. 153-170, 2021. <a href=\"https:\/\/revistas.unifacs.br\/index.php\/rgb\/article\/view\/6656\/4371\">https:\/\/revistas.unifacs.br\/index.php\/rgb\/article\/view\/6656\/4371<\/a><\/li>\n<\/ol>\n\n\n\n<p><\/p>\n\n\n\n<p><strong>2020<\/strong><\/p>\n\n\n\n<ol class=\"wp-block-list\">\n<li>AQUINO, M. A. G.; CAVALCANTE, C. E.; CALDAS, P. T.; MENDES, J. S. &#8216;IN SEARCH OF RETENTION: VOLUNTEERS IN A BRAZILIAN NGO&#8217;. Revista de administra\u00e7\u00e3o da UFSM, v. 13, p. 144-164, 2020. <a href=\"https:\/\/doi.org\/10.5902\/1983465924970\">https:\/\/doi.org\/10.5902\/1983465924970<\/a><\/li>\n\n\n\n<li>LEMOS, S. L. ; CAVALCANTE, C. E.; CALDAS, P. T.; PEREIRA, L. M. L. A LONGITUDINAL STUDY WITH VOLUNTEER CANDIDATES IN A BRAZILIAN FOUNDATION. Revista Alcance &#8211; Eletr\u00f4nica, v. 27, p. 233-250, 2020. <a href=\"https:\/\/www.redalyc.org\/articulo.oa?id=477763751007\">https:\/\/www.redalyc.org\/articulo.oa?id=477763751007<\/a><\/li>\n\n\n\n<li>BEZERRA LEAL, M. G. DE S.; CAVALCANTE, C. E.; LIMA COELHO, A. L. DE A. Bancos comunit\u00e1rios de desenvolvimento e cidadania: reflex\u00f5es te\u00f3ricas. REVISTA PENSAMENTO CONTEMPOR\u00c2NEO EM ADMINISTRA\u00c7\u00c3O (UFF), v. 14, p. 132, 2020. <a href=\"https:\/\/doi.org\/10.12712\/rpca.v14i3.41245\">https:\/\/doi.org\/10.12712\/rpca.v14i3.41245<\/a><\/li>\n<\/ol>\n\n\n\n<p><\/p>\n\n\n\n<p><strong>2019<\/strong><\/p>\n\n\n\n<ol class=\"wp-block-list\">\n<li>CALDAS, P. T.; DO VALE, S. C.; CAVALCANTE, C. E.; AMORIM, A. F.; DIAS, T. F. De onde vim? Para onde vou? O terceiro Setor em Jo\u00e3o Pessoa\/PB. DESENVOLVIMENTO EM QUEST\u00c3O, v. 17, p. 333-356, 2019. <a href=\"https:\/\/doi.org\/10.21527\/2237-6453.2019.46.333-356\">https:\/\/doi.org\/10.21527\/2237-6453.2019.46.333-356<\/a><\/li>\n\n\n\n<li>LEMOS, S. L.; CAVALCANTE, C. E.; CALDAS, P. T.; ALVES, J. A. G. R. -I&#8217;VE FALLEN IN LOVE AND I WANT TO MEET YOU-: A LONGITUDINAL STUDY ON NEW VOLUNTEERS` MOTIVATION. RAM. REVISTA DE ADMINISTRA\u00c7\u00c3O MACKENZIE (ONLINE), v. 20, p. 3, 2019. <a href=\"https:\/\/doi.org\/10.1590\/1678-6971\/eRAMG190173\">https:\/\/doi.org\/10.1590\/1678-6971\/eRAMG190173<\/a><\/li>\n\n\n\n<li>PEREIRA, H. A.; CAVALCANTE, C. E.; VIANA BEZERRA, J. C.; TORRES, R. S. Eventual voluntary motivation in sports: The F1 case. REVISTA PENSAMENTO CONTEMPOR\u00c2NEO EM ADMINISTRA\u00c7\u00c3O (UFF), v. 13, p. 34, 2019. <a href=\"https:\/\/doi.org\/10.12712\/rpca.v13i2.28132\">https:\/\/doi.org\/10.12712\/rpca.v13i2.28132<\/a><\/li>\n\n\n\n<li>DANTAS, B. L. L.; LEAL, J. S.; CARNEIRO, J. S.; PELLIZONNI, L. N.; CAVALCANTE, C. E. A gest\u00e3o de conflitos em concession\u00e1rias de ve\u00edculos. REVISTA DE ADMINISTRA\u00c7\u00c3O DA UNIMEP, v. 17, p. 185-206, 2019. <a href=\"https:\/\/www.academia.edu\/43226723\">https:\/\/www.academia.edu\/43226723<\/a><\/li>\n\n\n\n<li>PEREIRA, H. A.; CAVALCANTE, C. E. EVENTUAL VOLUNTARY MOTIVATION IN SPORTS IN YOUTH SCHOOL GAMES IN BRAZIL. HOLOS (NATAL. ONLINE), v. 7, p. 1-30, 2019. <a href=\"https:\/\/doi.org\/10.15628\/holos.2019.7411\">https:\/\/doi.org\/10.15628\/holos.2019.7411<\/a><\/li>\n<\/ol>\n","protected":false},"excerpt":{"rendered":"<p>LIVROS PUBLICADOS\/ORGANIZADOS OU EDI\u00c7\u00d5ES CAVALCANTE, C. E. Motiva\u00e7\u00e3o de volunt\u00e1rios: teoria e pr\u00e1tica. 1. ed. Curitiba\/PR: Appris, 2016. v. 1. 211p. ARTIGOS COMPLETOS PUBLICADOS EM PERI\u00d3DICOS 2024 2023 2022 2021 2020 2019<\/p>\n","protected":false},"author":47,"featured_media":0,"parent":0,"menu_order":0,"comment_status":"closed","ping_status":"closed","template":"","meta":{"footnotes":""},"class_list":["post-30","page","type-page","status-publish","hentry"],"_links":{"self":[{"href":"https:\/\/www.ccsa.ufpb.br\/gets\/wp-json\/wp\/v2\/pages\/30","targetHints":{"allow":["GET"]}}],"collection":[{"href":"https:\/\/www.ccsa.ufpb.br\/gets\/wp-json\/wp\/v2\/pages"}],"about":[{"href":"https:\/\/www.ccsa.ufpb.br\/gets\/wp-json\/wp\/v2\/types\/page"}],"author":[{"embeddable":true,"href":"https:\/\/www.ccsa.ufpb.br\/gets\/wp-json\/wp\/v2\/users\/47"}],"replies":[{"embeddable":true,"href":"https:\/\/www.ccsa.ufpb.br\/gets\/wp-json\/wp\/v2\/comments?post=30"}],"version-history":[{"count":3,"href":"https:\/\/www.ccsa.ufpb.br\/gets\/wp-json\/wp\/v2\/pages\/30\/revisions"}],"predecessor-version":[{"id":107,"href":"https:\/\/www.ccsa.ufpb.br\/gets\/wp-json\/wp\/v2\/pages\/30\/revisions\/107"}],"wp:attachment":[{"href":"https:\/\/www.ccsa.ufpb.br\/gets\/wp-json\/wp\/v2\/media?parent=30"}],"curies":[{"name":"wp","href":"https:\/\/api.w.org\/{rel}","templated":true}]}}