{"id":32,"date":"2024-09-12T13:01:59","date_gmt":"2024-09-12T13:01:59","guid":{"rendered":"https:\/\/www.ccsa.ufpb.br\/gets2\/?page_id=32"},"modified":"2024-09-24T18:34:57","modified_gmt":"2024-09-24T21:34:57","slug":"disciplinas","status":"publish","type":"page","link":"https:\/\/www.ccsa.ufpb.br\/gets\/disciplinas\/","title":{"rendered":"Disciplinas"},"content":{"rendered":"\n<p id=\"Fundamentos-de-Administra\u00e7\u00e3o\"><strong>Fundamentos de Administra\u00e7\u00e3o<\/strong><\/p>\n\n\n\n<p><strong>Teoria das Organiza\u00e7\u00f5es<\/strong><\/p>\n\n\n\n<p><strong>Terceiro setor: teoria e pr\u00e1tica<\/strong><\/p>\n\n\n\n<p><\/p>\n\n\n\n<p class=\"Fundamentos-de-Administra\u00e7\u00e3o\"><strong>Fundamentos de Administra\u00e7\u00e3o<\/strong><\/p>\n\n\n\n<p><a href=\"http:\/\/plone.ufpb.br\/gets\/contents\/menu\/disciplinas\/resolveuid\/b0a2f90926134cd9aabf7debbe5981c3\">Artigo_ambiente<\/a><\/p>\n\n\n\n<p><a href=\"http:\/\/plone.ufpb.br\/gets\/contents\/documentos\/artigos\/artigo_controle.pdf\">Artigo_controle<\/a><\/p>\n\n\n\n<p><a href=\"http:\/\/plone.ufpb.br\/gets\/contents\/documentos\/artigos\/artigo_direcao.pdf\">Artigo_dire\u00e7\u00e3o<\/a><\/p>\n\n\n\n<p><a href=\"http:\/\/plone.ufpb.br\/gets\/contents\/documentos\/artigos\/artigo_organizacao.pdf\">Artigo_organiza\u00e7\u00e3o<\/a><\/p>\n\n\n\n<p><a href=\"http:\/\/plone.ufpb.br\/gets\/contents\/documentos\/artigos\/artigo_planejamento.pdf\">Artigo_planejamento<\/a><\/p>\n\n\n\n<p><a href=\"http:\/\/plone.ufpb.br\/gets\/contents\/documentos\/avaliacao_360_controle.pdf\">Avalia\u00e7\u00e3o_360_controle<\/a><\/p>\n\n\n\n<p><a href=\"http:\/\/plone.ufpb.br\/gets\/contents\/documentos\/cronograma_2017_1.pdf\">Cronograma_2017_1<\/a><\/p>\n\n\n\n<p><a href=\"http:\/\/plone.ufpb.br\/gets\/contents\/documentos\/exercicio-controle.pdf\">Exerc\u00edcio_controle<\/a><\/p>\n\n\n\n<p><a href=\"http:\/\/plone.ufpb.br\/gets\/contents\/documentos\/flexibilidade-e-vantagem-competitiva_organizacao.pdf\">Flexibilidade e vantagem competitiva_organiza\u00e7\u00e3o<\/a><\/p>\n\n\n\n<p><a href=\"http:\/\/plone.ufpb.br\/gets\/contents\/documentos\/manter_aprenda_a_confiar_direcao.pdf\">Manter_aprenda_a_confiar_dire\u00e7\u00e3o<\/a><\/p>\n\n\n\n<p><a href=\"http:\/\/plone.ufpb.br\/gets\/contents\/documentos\/pesquisa-campo.doc\">Pesquisa Campo<\/a><\/p>\n\n\n\n<p><a href=\"http:\/\/plone.ufpb.br\/gets\/contents\/documentos\/plano-de-curso-2017-1.pdf\">Plano de Curso_2017_1<\/a><\/p>\n\n\n\n<p><a href=\"http:\/\/plone.ufpb.br\/gets\/contents\/documentos\/texto-planejamento.pdf\">Texto_planejamento<\/a><\/p>\n\n\n\n<p id=\"Teoria-das-Organiza\u00e7\u00f5es\"><strong>Teoria das Organiza\u00e7\u00f5es<\/strong><\/p>\n\n\n\n<p><a href=\"http:\/\/plone.ufpb.br\/gets\/contents\/documentos\/microsoft-word-plano_2016.pdf\">Plano de Curso_2016<\/a><\/p>\n\n\n\n<p><a href=\"http:\/\/plone.ufpb.br\/gets\/contents\/documentos\/meyer_rowan_teoria_institucional.pdf\">Teoria Institucional_Meyes_Rowan<\/a><\/p>\n\n\n\n<p><a href=\"http:\/\/plone.ufpb.br\/gets\/contents\/documentos\/etzioni_org_modernas_cap_1_2.pdf\">Organiza\u00e7\u00f5es Modernas_Etzioni<\/a><\/p>\n\n\n\n<p>Enc_1_Paradoxos_impress\u00e3o<\/p>\n\n\n\n<p id=\"Terceiro-setor\"><strong>Terceiro setor: teoria e pr\u00e1tica<\/strong><\/p>\n\n\n\n<p><a href=\"http:\/\/plone.ufpb.br\/gets\/contents\/menu\/disciplinas\/terceiro-setor-teoria-e-pratica\/plano_2018.pdf\/view\">plano_2018.pdf<\/a><\/p>\n","protected":false},"excerpt":{"rendered":"<p>Fundamentos de Administra\u00e7\u00e3o Teoria das Organiza\u00e7\u00f5es Terceiro setor: teoria e pr\u00e1tica Fundamentos de Administra\u00e7\u00e3o Artigo_ambiente Artigo_controle Artigo_dire\u00e7\u00e3o Artigo_organiza\u00e7\u00e3o Artigo_planejamento Avalia\u00e7\u00e3o_360_controle Cronograma_2017_1 Exerc\u00edcio_controle Flexibilidade e vantagem competitiva_organiza\u00e7\u00e3o Manter_aprenda_a_confiar_dire\u00e7\u00e3o Pesquisa Campo Plano de Curso_2017_1 Texto_planejamento Teoria das Organiza\u00e7\u00f5es Plano de Curso_2016 Teoria Institucional_Meyes_Rowan Organiza\u00e7\u00f5es Modernas_Etzioni Enc_1_Paradoxos_impress\u00e3o Terceiro setor: teoria e pr\u00e1tica plano_2018.pdf<\/p>\n","protected":false},"author":47,"featured_media":0,"parent":0,"menu_order":0,"comment_status":"closed","ping_status":"closed","template":"","meta":{"footnotes":""},"class_list":["post-32","page","type-page","status-publish","hentry"],"_links":{"self":[{"href":"https:\/\/www.ccsa.ufpb.br\/gets\/wp-json\/wp\/v2\/pages\/32","targetHints":{"allow":["GET"]}}],"collection":[{"href":"https:\/\/www.ccsa.ufpb.br\/gets\/wp-json\/wp\/v2\/pages"}],"about":[{"href":"https:\/\/www.ccsa.ufpb.br\/gets\/wp-json\/wp\/v2\/types\/page"}],"author":[{"embeddable":true,"href":"https:\/\/www.ccsa.ufpb.br\/gets\/wp-json\/wp\/v2\/users\/47"}],"replies":[{"embeddable":true,"href":"https:\/\/www.ccsa.ufpb.br\/gets\/wp-json\/wp\/v2\/comments?post=32"}],"version-history":[{"count":3,"href":"https:\/\/www.ccsa.ufpb.br\/gets\/wp-json\/wp\/v2\/pages\/32\/revisions"}],"predecessor-version":[{"id":35,"href":"https:\/\/www.ccsa.ufpb.br\/gets\/wp-json\/wp\/v2\/pages\/32\/revisions\/35"}],"wp:attachment":[{"href":"https:\/\/www.ccsa.ufpb.br\/gets\/wp-json\/wp\/v2\/media?parent=32"}],"curies":[{"name":"wp","href":"https:\/\/api.w.org\/{rel}","templated":true}]}}