{"id":28,"date":"2024-05-09T16:39:44","date_gmt":"2024-05-09T16:39:44","guid":{"rendered":"https:\/\/www.ccsa.ufpb.br\/lema\/?page_id=28"},"modified":"2024-05-16T14:22:05","modified_gmt":"2024-05-16T17:22:05","slug":"projetos","status":"publish","type":"page","link":"https:\/\/www.ccsa.ufpb.br\/lema\/projetos\/","title":{"rendered":"Projetos"},"content":{"rendered":"\n<h2 class=\"wp-block-heading\">Extens\u00e3o tecnol\u00f3gica<\/h2>\n\n\n\n<div class=\"wp-block-group\"><div class=\"wp-block-group__inner-container is-layout-constrained wp-block-group-is-layout-constrained\">\n<details class=\"wp-block-details is-layout-flow wp-block-details-is-layout-flow\"><summary><strong>Pre\u00e7o da Hora &#8211; Sistema de Consulta de Pre\u00e7os<\/strong><\/summary>\n<p>Per\u00edodo: 2018 &#8211; Atual<br>Descri\u00e7\u00e3o: <a href=\"https:\/\/precodahora.pb.gov.br\/\">https:\/\/precodahora.pb.gov.br\/<\/a><br>Parceiros: TCE-PB<\/p>\n<\/details>\n<\/div><\/div>\n\n\n\n<details class=\"wp-block-details is-layout-flow wp-block-details-is-layout-flow\"><summary><strong>ODSPB &#8211; Territorializa\u00e7\u00e3o dos ODS na Para\u00edba<\/strong><\/summary>\n<p>Per\u00edodo: 2021 &#8211; 2024<br>Descri\u00e7\u00e3o: <a href=\"https:\/\/odspb.secties.pb.gov.br\/\">https:\/\/odspb.secties.pb.gov.br\/<\/a><br>Parceiros: Fapesq<\/p>\n<\/details>\n\n\n\n<details class=\"wp-block-details is-layout-flow wp-block-details-is-layout-flow\"><summary><strong>SIDTEC &#8211; Sistema de Intelig\u00eancia de dados de Ci\u00eancia e Tecnologia da Para\u00edba<\/strong><\/summary>\n<p>Per\u00edodo: 2023 &#8211; 2024<br>Descri\u00e7\u00e3o: <a href=\"https:\/\/tinyurl.com\/sidtecpb\" data-type=\"link\" data-id=\"https:\/\/tinyurl.com\/sidtecpb\">Clique aqui para mais informa\u00e7\u00f5es<\/a><br>Parceiros: Fapesq<\/p>\n<\/details>\n\n\n\n<details class=\"wp-block-details is-layout-flow wp-block-details-is-layout-flow\"><summary><strong>Pre\u00e7o de Refer\u00eancia &#8211; Sistema de Mapeamento de Pre\u00e7os para Licita\u00e7\u00f5es<\/strong><\/summary>\n<p>Per\u00edodo: 2018 &#8211; Atual<br>Descri\u00e7\u00e3o: <a href=\"https:\/\/precodereferencia.tce.pb.gov.br\/\">https:\/\/precodereferencia.tce.pb.gov.br\/<\/a><br>Parceiros: TCE-PB<\/p>\n<\/details>\n\n\n\n<details class=\"wp-block-details is-layout-flow wp-block-details-is-layout-flow\"><summary><strong>PCM &#8211; Painel de Compras P\u00fablicas de Medicamentos<\/strong><\/summary>\n<p>Per\u00edodo: 2018 &#8211; Atual<br>Descri\u00e7\u00e3o: <a href=\"http:\/\/pcm.tceto.tc.br\/\">http:\/\/pcm.tceto.tc.br\/<\/a><br>Parceiros: TCE-PB e TCE-TO<\/p>\n<\/details>\n\n\n\n<details class=\"wp-block-details is-layout-flow wp-block-details-is-layout-flow\"><summary><strong>SAEGO &#8211; Sistema de Acompanhamento dos Egressos da UFPB<\/strong><\/summary>\n<p>Per\u00edodo: 2016 &#8211; Atual<br>Descri\u00e7\u00e3o:<br>Parceiros: PRPG, EBTT, PRG, STI &#8211; UFPB<\/p>\n<\/details>\n\n\n\n<details class=\"wp-block-details is-layout-flow wp-block-details-is-layout-flow\"><summary><strong>IDGPB &#8211; Indicadores de Desempenho dos Gastos P\u00fablicos em Educa\u00e7\u00e3o B\u00e1sica na Para\u00edba<\/strong><\/summary>\n<p>Per\u00edodo: 2019 &#8211; 2021<br>Descri\u00e7\u00e3o: <a href=\"https:\/\/idgpb.tce.pb.gov.br\/\">https:\/\/idgpb.tce.pb.gov.br\/<\/a><br>Parceiros: TCE-PB<\/p>\n<\/details>\n","protected":false},"excerpt":{"rendered":"<p>Extens\u00e3o tecnol\u00f3gica<\/p>\n","protected":false},"author":47,"featured_media":0,"parent":0,"menu_order":0,"comment_status":"closed","ping_status":"closed","template":"","meta":{"footnotes":""},"class_list":["post-28","page","type-page","status-publish","hentry"],"_links":{"self":[{"href":"https:\/\/www.ccsa.ufpb.br\/lema\/wp-json\/wp\/v2\/pages\/28","targetHints":{"allow":["GET"]}}],"collection":[{"href":"https:\/\/www.ccsa.ufpb.br\/lema\/wp-json\/wp\/v2\/pages"}],"about":[{"href":"https:\/\/www.ccsa.ufpb.br\/lema\/wp-json\/wp\/v2\/types\/page"}],"author":[{"embeddable":true,"href":"https:\/\/www.ccsa.ufpb.br\/lema\/wp-json\/wp\/v2\/users\/47"}],"replies":[{"embeddable":true,"href":"https:\/\/www.ccsa.ufpb.br\/lema\/wp-json\/wp\/v2\/comments?post=28"}],"version-history":[{"count":7,"href":"https:\/\/www.ccsa.ufpb.br\/lema\/wp-json\/wp\/v2\/pages\/28\/revisions"}],"predecessor-version":[{"id":60,"href":"https:\/\/www.ccsa.ufpb.br\/lema\/wp-json\/wp\/v2\/pages\/28\/revisions\/60"}],"wp:attachment":[{"href":"https:\/\/www.ccsa.ufpb.br\/lema\/wp-json\/wp\/v2\/media?parent=28"}],"curies":[{"name":"wp","href":"https:\/\/api.w.org\/{rel}","templated":true}]}}