{"id":360,"date":"2016-11-03T17:59:05","date_gmt":"2016-11-03T20:59:05","guid":{"rendered":"http:\/\/lawyer2.mythemecloud.io\/?page_id=360"},"modified":"2026-03-28T12:49:58","modified_gmt":"2026-03-28T15:49:58","slug":"projetos-de-pesquisa","status":"publish","type":"page","link":"https:\/\/www.ccsa.ufpb.br\/pesquisarquivistica\/publicacoes\/projetos-de-pesquisa\/","title":{"rendered":"Projetos de Inicia\u00e7\u00e3o Cient\u00edfica"},"content":{"rendered":"\n<p>Em rela\u00e7\u00e3o aos projetos de pesquisa, entende-se que, sem ci\u00eancia e sem pr\u00e1ticas cient\u00edficas n\u00e3o h\u00e1 universidades, j\u00e1 que s\u00e3o fundamentais os di\u00e1logos entre docentes e discentes, atrav\u00e9s dos projetos de pesquisa (ROCHA, 2021, p. 122).<\/p>\n\n\n\n<p>A inicia\u00e7\u00e3o cient\u00edfica \u00e9 uma oportunidade para estudantes de gradua\u00e7\u00e3o participarem de pesquisas cient\u00edficas em institui\u00e7\u00f5es de ensino superior, no caso dos projetos cadastrado na PAB, para alunos do curso de Arquivologia. \u00c9 uma forma de introduzir os discentes \u00e0 pesquisa acad\u00eamica, permitindo que eles desenvolvam habilidades de investiga\u00e7\u00e3o, an\u00e1lise e comunica\u00e7\u00e3o cient\u00edfica.<\/p>\n\n\n<ul class=\"wp-block-categories-list alignleft wp-block-categories\">\t<li class=\"cat-item cat-item-314\"><a href=\"https:\/\/www.ccsa.ufpb.br\/pesquisarquivistica\/category\/dissertacoes\/\">Disserta\u00e7\u00f5es<\/a>\n<\/li>\n\t<li class=\"cat-item cat-item-596\"><a href=\"https:\/\/www.ccsa.ufpb.br\/pesquisarquivistica\/category\/docente\/\">Docente<\/a>\n<\/li>\n\t<li class=\"cat-item cat-item-824\"><a href=\"https:\/\/www.ccsa.ufpb.br\/pesquisarquivistica\/category\/especializacoes\/\">Especializa\u00e7\u00f5es<\/a>\n<\/li>\n\t<li class=\"cat-item cat-item-597\"><a href=\"https:\/\/www.ccsa.ufpb.br\/pesquisarquivistica\/category\/profissional\/\">Profissional<\/a>\n<\/li>\n\t<li class=\"cat-item cat-item-1\"><a href=\"https:\/\/www.ccsa.ufpb.br\/pesquisarquivistica\/category\/projetos-de-extensao\/\">Projetos de extens\u00e3o<\/a>\n<\/li>\n\t<li class=\"cat-item cat-item-9\"><a href=\"https:\/\/www.ccsa.ufpb.br\/pesquisarquivistica\/category\/projetos-de-pesquisa\/\">Projetos de pesquisa<\/a>\n<\/li>\n\t<li class=\"cat-item cat-item-315\"><a href=\"https:\/\/www.ccsa.ufpb.br\/pesquisarquivistica\/category\/tcc-graduacao\/\">TCC (gradua\u00e7\u00e3o)<\/span><\/a>\n<\/li>\n\t<li class=\"cat-item cat-item-313\"><a href=\"https:\/\/www.ccsa.ufpb.br\/pesquisarquivistica\/category\/teses\/\">Teses<\/a>\n<\/li>\n<\/ul>\n\n\n<p><\/p>\n","protected":false},"excerpt":{"rendered":"<p>Em rela\u00e7\u00e3o aos projetos de pesquisa, entende-se que, sem ci\u00eancia e sem pr\u00e1ticas cient\u00edficas n\u00e3o h\u00e1 universidades, j\u00e1 que s\u00e3o fundamentais os di\u00e1logos entre docentes e discentes, atrav\u00e9s dos projetos de pesquisa (ROCHA, 2021, p. 122). A inicia\u00e7\u00e3o cient\u00edfica \u00e9 uma oportunidade para estudantes de gradua\u00e7\u00e3o participarem de pesquisas cient\u00edficas em institui\u00e7\u00f5es de ensino superior, [&hellip;]<\/p>\n","protected":false},"author":1,"featured_media":0,"parent":2264,"menu_order":0,"comment_status":"open","ping_status":"closed","template":"","meta":{"ocean_post_layout":"right-sidebar","ocean_both_sidebars_style":"","ocean_both_sidebars_content_width":0,"ocean_both_sidebars_sidebars_width":0,"ocean_sidebar":"0","ocean_second_sidebar":"0","ocean_disable_margins":"enable","ocean_add_body_class":"","ocean_shortcode_before_top_bar":"","ocean_shortcode_after_top_bar":"","ocean_shortcode_before_header":"","ocean_shortcode_after_header":"","ocean_has_shortcode":"","ocean_shortcode_after_title":"","ocean_shortcode_before_footer_widgets":"","ocean_shortcode_after_footer_widgets":"","ocean_shortcode_before_footer_bottom":"","ocean_shortcode_after_footer_bottom":"","ocean_display_top_bar":"default","ocean_display_header":"default","ocean_header_style":"","ocean_center_header_left_menu":"0","ocean_custom_header_template":"0","ocean_custom_logo":0,"ocean_custom_retina_logo":0,"ocean_custom_logo_max_width":0,"ocean_custom_logo_tablet_max_width":0,"ocean_custom_logo_mobile_max_width":0,"ocean_custom_logo_max_height":0,"ocean_custom_logo_tablet_max_height":0,"ocean_custom_logo_mobile_max_height":0,"ocean_header_custom_menu":"0","ocean_menu_typo_font_family":"0","ocean_menu_typo_font_subset":"","ocean_menu_typo_font_size":0,"ocean_menu_typo_font_size_tablet":0,"ocean_menu_typo_font_size_mobile":0,"ocean_menu_typo_font_size_unit":"px","ocean_menu_typo_font_weight":"","ocean_menu_typo_font_weight_tablet":"","ocean_menu_typo_font_weight_mobile":"","ocean_menu_typo_transform":"","ocean_menu_typo_transform_tablet":"","ocean_menu_typo_transform_mobile":"","ocean_menu_typo_line_height":0,"ocean_menu_typo_line_height_tablet":0,"ocean_menu_typo_line_height_mobile":0,"ocean_menu_typo_line_height_unit":"","ocean_menu_typo_spacing":0,"ocean_menu_typo_spacing_tablet":0,"ocean_menu_typo_spacing_mobile":0,"ocean_menu_typo_spacing_unit":"","ocean_menu_link_color":"","ocean_menu_link_color_hover":"","ocean_menu_link_color_active":"","ocean_menu_link_background":"","ocean_menu_link_hover_background":"","ocean_menu_link_active_background":"","ocean_menu_social_links_bg":"","ocean_menu_social_hover_links_bg":"","ocean_menu_social_links_color":"","ocean_menu_social_hover_links_color":"","ocean_disable_title":"default","ocean_disable_heading":"default","ocean_post_title":"","ocean_post_subheading":"","ocean_post_title_style":"","ocean_post_title_background_color":"","ocean_post_title_background":0,"ocean_post_title_bg_image_position":"","ocean_post_title_bg_image_attachment":"","ocean_post_title_bg_image_repeat":"","ocean_post_title_bg_image_size":"","ocean_post_title_height":0,"ocean_post_title_bg_overlay":0.5,"ocean_post_title_bg_overlay_color":"","ocean_disable_breadcrumbs":"default","ocean_breadcrumbs_color":"","ocean_breadcrumbs_separator_color":"","ocean_breadcrumbs_links_color":"","ocean_breadcrumbs_links_hover_color":"","ocean_display_footer_widgets":"default","ocean_display_footer_bottom":"default","ocean_custom_footer_template":"0","footnotes":""},"class_list":["post-360","page","type-page","status-publish","hentry","entry"],"_links":{"self":[{"href":"https:\/\/www.ccsa.ufpb.br\/pesquisarquivistica\/wp-json\/wp\/v2\/pages\/360","targetHints":{"allow":["GET"]}}],"collection":[{"href":"https:\/\/www.ccsa.ufpb.br\/pesquisarquivistica\/wp-json\/wp\/v2\/pages"}],"about":[{"href":"https:\/\/www.ccsa.ufpb.br\/pesquisarquivistica\/wp-json\/wp\/v2\/types\/page"}],"author":[{"embeddable":true,"href":"https:\/\/www.ccsa.ufpb.br\/pesquisarquivistica\/wp-json\/wp\/v2\/users\/1"}],"replies":[{"embeddable":true,"href":"https:\/\/www.ccsa.ufpb.br\/pesquisarquivistica\/wp-json\/wp\/v2\/comments?post=360"}],"version-history":[{"count":9,"href":"https:\/\/www.ccsa.ufpb.br\/pesquisarquivistica\/wp-json\/wp\/v2\/pages\/360\/revisions"}],"predecessor-version":[{"id":10198,"href":"https:\/\/www.ccsa.ufpb.br\/pesquisarquivistica\/wp-json\/wp\/v2\/pages\/360\/revisions\/10198"}],"up":[{"embeddable":true,"href":"https:\/\/www.ccsa.ufpb.br\/pesquisarquivistica\/wp-json\/wp\/v2\/pages\/2264"}],"wp:attachment":[{"href":"https:\/\/www.ccsa.ufpb.br\/pesquisarquivistica\/wp-json\/wp\/v2\/media?parent=360"}],"curies":[{"name":"wp","href":"https:\/\/api.w.org\/{rel}","templated":true}]}}