{"id":744,"date":"2021-06-01T22:39:39","date_gmt":"2021-06-01T22:39:39","guid":{"rendered":"http:\/\/pab.local\/?page_id=744"},"modified":"2021-11-06T15:26:41","modified_gmt":"2021-11-06T18:26:41","slug":"mapa-do-site","status":"publish","type":"page","link":"https:\/\/www.ccsa.ufpb.br\/pesquisarquivistica\/mapa-do-site\/","title":{"rendered":"Mapa do site"},"content":{"rendered":"<ul class=\"wp-block-page-list\"><li class=\"wp-block-pages-list__item\"><a class=\"wp-block-pages-list__item__link\" href=\"https:\/\/www.ccsa.ufpb.br\/pesquisarquivistica\/contato\/\">Contato<\/a><\/li><li class=\"wp-block-pages-list__item has-child\"><a class=\"wp-block-pages-list__item__link\" href=\"https:\/\/www.ccsa.ufpb.br\/pesquisarquivistica\/mapa-do-site\/\">Mapa do site<\/a><ul class=\"wp-block-navigation__submenu-container\"><li class=\"wp-block-pages-list__item \"><a class=\"wp-block-pages-list__item__link\" href=\"https:\/\/www.ccsa.ufpb.br\/pesquisarquivistica\/mapa-do-site\/politica-de-privacidade\/\">Pol\u00edtica de privacidade<\/a><\/li><\/ul><\/li><li class=\"wp-block-pages-list__item\"><a class=\"wp-block-pages-list__item__link\" href=\"https:\/\/www.ccsa.ufpb.br\/pesquisarquivistica\/parceiros\/\">Parceiros<\/a><\/li><li class=\"wp-block-pages-list__item has-child\"><a class=\"wp-block-pages-list__item__link\" href=\"https:\/\/www.ccsa.ufpb.br\/pesquisarquivistica\/publicacoes\/\">Publica\u00e7\u00f5es<\/a><ul class=\"wp-block-navigation__submenu-container\"><li class=\"wp-block-pages-list__item \"><a class=\"wp-block-pages-list__item__link\" href=\"https:\/\/www.ccsa.ufpb.br\/pesquisarquivistica\/publicacoes\/dissertacoes\/\">Disserta\u00e7\u00f5es<\/a><\/li><li class=\"wp-block-pages-list__item \"><a class=\"wp-block-pages-list__item__link\" href=\"https:\/\/www.ccsa.ufpb.br\/pesquisarquivistica\/publicacoes\/especializacoes\/\">Especializa\u00e7\u00f5es<\/a><\/li><li class=\"wp-block-pages-list__item \"><a class=\"wp-block-pages-list__item__link\" href=\"https:\/\/www.ccsa.ufpb.br\/pesquisarquivistica\/publicacoes\/projetos-de-extensao\/\">Projetos de Extens\u00e3o<\/a><\/li><li class=\"wp-block-pages-list__item \"><a class=\"wp-block-pages-list__item__link\" href=\"https:\/\/www.ccsa.ufpb.br\/pesquisarquivistica\/publicacoes\/projetos-de-pesquisa\/\">Projetos de Inicia\u00e7\u00e3o Cient\u00edfica<\/a><\/li><li class=\"wp-block-pages-list__item \"><a class=\"wp-block-pages-list__item__link\" href=\"https:\/\/www.ccsa.ufpb.br\/pesquisarquivistica\/publicacoes\/tccgraduacao\/\">TCC de Gradua\u00e7\u00e3o<\/a><\/li><li class=\"wp-block-pages-list__item \"><a class=\"wp-block-pages-list__item__link\" href=\"https:\/\/www.ccsa.ufpb.br\/pesquisarquivistica\/publicacoes\/teses\/\">Teses<\/a><\/li><\/ul><\/li><li class=\"wp-block-pages-list__item has-child menu-item-home\"><a class=\"wp-block-pages-list__item__link\" href=\"https:\/\/www.ccsa.ufpb.br\/pesquisarquivistica\/\">Sobre n\u00f3s<\/a><ul class=\"wp-block-navigation__submenu-container\"><li class=\"wp-block-pages-list__item \"><a class=\"wp-block-pages-list__item__link\" href=\"https:\/\/www.ccsa.ufpb.br\/pesquisarquivistica\/sobre-nos\/equipe\/\">Equipe<\/a><\/li><\/ul><\/li><\/ul>\n\n\n<h2 class=\"wp-block-heading\">Nuvem de tags<\/h2>\n\n\n<p class=\"wp-block-tag-cloud\"><a href=\"https:\/\/www.ccsa.ufpb.br\/pesquisarquivistica\/tag\/acervo-documental\/\" class=\"tag-cloud-link tag-link-775 tag-link-position-1\" style=\"font-size: 8.9545454545455pt;\" aria-label=\"Acervo Documental (38 itens)\">Acervo Documental<\/a>\n<a href=\"https:\/\/www.ccsa.ufpb.br\/pesquisarquivistica\/tag\/acervo-fotografico\/\" class=\"tag-cloud-link tag-link-583 tag-link-position-2\" style=\"font-size: 11.5pt;\" aria-label=\"Acervo Fotogr\u00e1fico (55 itens)\">Acervo Fotogr\u00e1fico<\/a>\n<a href=\"https:\/\/www.ccsa.ufpb.br\/pesquisarquivistica\/tag\/acesso-a-informacao\/\" class=\"tag-cloud-link tag-link-21 tag-link-position-3\" style=\"font-size: 9.75pt;\" aria-label=\"Acesso \u00e0 informa\u00e7\u00e3o (43 itens)\">Acesso \u00e0 informa\u00e7\u00e3o<\/a>\n<a href=\"https:\/\/www.ccsa.ufpb.br\/pesquisarquivistica\/tag\/arquivista\/\" class=\"tag-cloud-link tag-link-432 tag-link-position-4\" style=\"font-size: 9.75pt;\" aria-label=\"Arquivista (43 itens)\">Arquivista<\/a>\n<a href=\"https:\/\/www.ccsa.ufpb.br\/pesquisarquivistica\/tag\/arquivo\/\" class=\"tag-cloud-link tag-link-338 tag-link-position-5\" style=\"font-size: 16.113636363636pt;\" aria-label=\"Arquivo (108 itens)\">Arquivo<\/a>\n<a href=\"https:\/\/www.ccsa.ufpb.br\/pesquisarquivistica\/tag\/arquivologia\/\" class=\"tag-cloud-link tag-link-343 tag-link-position-6\" style=\"font-size: 19.772727272727pt;\" aria-label=\"Arquivologia (187 itens)\">Arquivologia<\/a>\n<a href=\"https:\/\/www.ccsa.ufpb.br\/pesquisarquivistica\/tag\/arquivo-pessoal\/\" class=\"tag-cloud-link tag-link-347 tag-link-position-7\" style=\"font-size: 11.659090909091pt;\" aria-label=\"Arquivo pessoal (56 itens)\">Arquivo pessoal<\/a>\n<a href=\"https:\/\/www.ccsa.ufpb.br\/pesquisarquivistica\/tag\/arquivo-publico\/\" class=\"tag-cloud-link tag-link-141 tag-link-position-8\" style=\"font-size: 10.863636363636pt;\" aria-label=\"Arquivo P\u00fablico (50 itens)\">Arquivo P\u00fablico<\/a>\n<a href=\"https:\/\/www.ccsa.ufpb.br\/pesquisarquivistica\/tag\/avaliacao\/\" class=\"tag-cloud-link tag-link-587 tag-link-position-9\" style=\"font-size: 8.7954545454545pt;\" aria-label=\"Avalia\u00e7\u00e3o (37 itens)\">Avalia\u00e7\u00e3o<\/a>\n<a href=\"https:\/\/www.ccsa.ufpb.br\/pesquisarquivistica\/tag\/ciencia-da-informacao-ci\/\" class=\"tag-cloud-link tag-link-398 tag-link-position-10\" style=\"font-size: 8pt;\" aria-label=\"Ci\u00eancia da Informa\u00e7\u00e3o (CI) (33 itens)\">Ci\u00eancia da Informa\u00e7\u00e3o (CI)<\/a>\n<a href=\"https:\/\/www.ccsa.ufpb.br\/pesquisarquivistica\/tag\/classificacao\/\" class=\"tag-cloud-link tag-link-454 tag-link-position-11\" style=\"font-size: 10.863636363636pt;\" aria-label=\"Classifica\u00e7\u00e3o (50 itens)\">Classifica\u00e7\u00e3o<\/a>\n<a href=\"https:\/\/www.ccsa.ufpb.br\/pesquisarquivistica\/tag\/conservacao\/\" class=\"tag-cloud-link tag-link-642 tag-link-position-12\" style=\"font-size: 13.886363636364pt;\" aria-label=\"Conserva\u00e7\u00e3o (79 itens)\">Conserva\u00e7\u00e3o<\/a>\n<a href=\"https:\/\/www.ccsa.ufpb.br\/pesquisarquivistica\/tag\/descricao\/\" class=\"tag-cloud-link tag-link-389 tag-link-position-13\" style=\"font-size: 11.340909090909pt;\" aria-label=\"Descri\u00e7\u00e3o (54 itens)\">Descri\u00e7\u00e3o<\/a>\n<a href=\"https:\/\/www.ccsa.ufpb.br\/pesquisarquivistica\/tag\/descricao-arquivistica\/\" class=\"tag-cloud-link tag-link-88 tag-link-position-14\" style=\"font-size: 8.9545454545455pt;\" aria-label=\"Descri\u00e7\u00e3o Arquiv\u00edstica (38 itens)\">Descri\u00e7\u00e3o Arquiv\u00edstica<\/a>\n<a href=\"https:\/\/www.ccsa.ufpb.br\/pesquisarquivistica\/tag\/diagnostico-arquivistico\/\" class=\"tag-cloud-link tag-link-671 tag-link-position-15\" style=\"font-size: 11.181818181818pt;\" aria-label=\"Diagn\u00f3stico Arquiv\u00edstico (53 itens)\">Diagn\u00f3stico Arquiv\u00edstico<\/a>\n<a href=\"https:\/\/www.ccsa.ufpb.br\/pesquisarquivistica\/tag\/digitalizacao\/\" class=\"tag-cloud-link tag-link-150 tag-link-position-16\" style=\"font-size: 10.545454545455pt;\" aria-label=\"Digitaliza\u00e7\u00e3o (48 itens)\">Digitaliza\u00e7\u00e3o<\/a>\n<a href=\"https:\/\/www.ccsa.ufpb.br\/pesquisarquivistica\/tag\/documento-arquivistico\/\" class=\"tag-cloud-link tag-link-101 tag-link-position-17\" style=\"font-size: 10.068181818182pt;\" aria-label=\"Documento arquiv\u00edstico (45 itens)\">Documento arquiv\u00edstico<\/a>\n<a href=\"https:\/\/www.ccsa.ufpb.br\/pesquisarquivistica\/tag\/documento-digital\/\" class=\"tag-cloud-link tag-link-590 tag-link-position-18\" style=\"font-size: 9.75pt;\" aria-label=\"Documento Digital (43 itens)\">Documento Digital<\/a>\n<a href=\"https:\/\/www.ccsa.ufpb.br\/pesquisarquivistica\/tag\/documento-fotografico\/\" class=\"tag-cloud-link tag-link-121 tag-link-position-19\" style=\"font-size: 12.931818181818pt;\" aria-label=\"Documento Fotogr\u00e1fico (68 itens)\">Documento Fotogr\u00e1fico<\/a>\n<a href=\"https:\/\/www.ccsa.ufpb.br\/pesquisarquivistica\/tag\/gestao-de-documentos\/\" class=\"tag-cloud-link tag-link-74 tag-link-position-20\" style=\"font-size: 22pt;\" aria-label=\"Gest\u00e3o de Documentos (258 itens)\">Gest\u00e3o de Documentos<\/a>\n<a href=\"https:\/\/www.ccsa.ufpb.br\/pesquisarquivistica\/tag\/graduacao-em-arquivologia\/\" class=\"tag-cloud-link tag-link-532 tag-link-position-21\" style=\"font-size: 11.340909090909pt;\" aria-label=\"Gradua\u00e7\u00e3o em Arquivologia (54 itens)\">Gradua\u00e7\u00e3o em Arquivologia<\/a>\n<a href=\"https:\/\/www.ccsa.ufpb.br\/pesquisarquivistica\/tag\/memoria\/\" class=\"tag-cloud-link tag-link-136 tag-link-position-22\" style=\"font-size: 21.522727272727pt;\" aria-label=\"Mem\u00f3ria (241 itens)\">Mem\u00f3ria<\/a>\n<a href=\"https:\/\/www.ccsa.ufpb.br\/pesquisarquivistica\/tag\/memoria-institucional\/\" class=\"tag-cloud-link tag-link-100 tag-link-position-23\" style=\"font-size: 10.227272727273pt;\" aria-label=\"Mem\u00f3ria Institucional (46 itens)\">Mem\u00f3ria Institucional<\/a>\n<a href=\"https:\/\/www.ccsa.ufpb.br\/pesquisarquivistica\/tag\/organizacao-de-arquivos\/\" class=\"tag-cloud-link tag-link-95 tag-link-position-24\" style=\"font-size: 11.659090909091pt;\" aria-label=\"Organiza\u00e7\u00e3o de Arquivos (57 itens)\">Organiza\u00e7\u00e3o de Arquivos<\/a>\n<a href=\"https:\/\/www.ccsa.ufpb.br\/pesquisarquivistica\/tag\/organizacao-e-tratamento\/\" class=\"tag-cloud-link tag-link-133 tag-link-position-25\" style=\"font-size: 8.4772727272727pt;\" aria-label=\"Organiza\u00e7\u00e3o e tratamento (35 itens)\">Organiza\u00e7\u00e3o e tratamento<\/a>\n<a href=\"https:\/\/www.ccsa.ufpb.br\/pesquisarquivistica\/tag\/patrimonio-arquivistico\/\" class=\"tag-cloud-link tag-link-564 tag-link-position-26\" style=\"font-size: 12.136363636364pt;\" aria-label=\"Patrim\u00f4nio Arquiv\u00edstico (61 itens)\">Patrim\u00f4nio Arquiv\u00edstico<\/a>\n<a href=\"https:\/\/www.ccsa.ufpb.br\/pesquisarquivistica\/tag\/politicas-arquivisticas\/\" class=\"tag-cloud-link tag-link-82 tag-link-position-27\" style=\"font-size: 11.022727272727pt;\" aria-label=\"Pol\u00edtica Arquiv\u00edstica (52 itens)\">Pol\u00edtica Arquiv\u00edstica<\/a>\n<a href=\"https:\/\/www.ccsa.ufpb.br\/pesquisarquivistica\/tag\/preservacao\/\" class=\"tag-cloud-link tag-link-135 tag-link-position-28\" style=\"font-size: 21.840909090909pt;\" aria-label=\"Preserva\u00e7\u00e3o (252 itens)\">Preserva\u00e7\u00e3o<\/a>\n<a href=\"https:\/\/www.ccsa.ufpb.br\/pesquisarquivistica\/tag\/tipologia-documental\/\" class=\"tag-cloud-link tag-link-96 tag-link-position-29\" style=\"font-size: 8.4772727272727pt;\" aria-label=\"Tipologia documental (35 itens)\">Tipologia documental<\/a>\n<a href=\"https:\/\/www.ccsa.ufpb.br\/pesquisarquivistica\/tag\/universidade-de-brasilia-unb\/\" class=\"tag-cloud-link tag-link-573 tag-link-position-30\" style=\"font-size: 18.818181818182pt;\" aria-label=\"Universidade de Bras\u00edlia (UNB) (160 itens)\">Universidade de Bras\u00edlia (UNB)<\/a>\n<a href=\"https:\/\/www.ccsa.ufpb.br\/pesquisarquivistica\/tag\/universidade-estadual-da-paraiba-uepb\/\" class=\"tag-cloud-link tag-link-635 tag-link-position-31\" style=\"font-size: 17.545454545455pt;\" aria-label=\"Universidade Estadual da Para\u00edba (UEPB) (135 itens)\">Universidade Estadual da Para\u00edba (UEPB)<\/a>\n<a href=\"https:\/\/www.ccsa.ufpb.br\/pesquisarquivistica\/tag\/universidade-estadual-paulista-unesp\/\" class=\"tag-cloud-link tag-link-566 tag-link-position-32\" style=\"font-size: 15.159090909091pt;\" aria-label=\"Universidade Estadual Paulista (UNESP) (95 itens)\">Universidade Estadual Paulista (UNESP)<\/a>\n<a href=\"https:\/\/www.ccsa.ufpb.br\/pesquisarquivistica\/tag\/universidade-federal-da-bahia-ufba\/\" class=\"tag-cloud-link tag-link-653 tag-link-position-33\" style=\"font-size: 14.522727272727pt;\" aria-label=\"Universidade Federal da Bahia (UFBA) (86 itens)\">Universidade Federal da Bahia (UFBA)<\/a>\n<a href=\"https:\/\/www.ccsa.ufpb.br\/pesquisarquivistica\/tag\/universidade-federal-da-paraiba-ufpb\/\" class=\"tag-cloud-link tag-link-563 tag-link-position-34\" style=\"font-size: 18.659090909091pt;\" aria-label=\"Universidade Federal da Para\u00edba (UFPB) (156 itens)\">Universidade Federal da Para\u00edba (UFPB)<\/a>\n<a href=\"https:\/\/www.ccsa.ufpb.br\/pesquisarquivistica\/tag\/universidade-federal-de-minas-gerais-ufmg\/\" class=\"tag-cloud-link tag-link-579 tag-link-position-35\" style=\"font-size: 17.227272727273pt;\" aria-label=\"Universidade Federal de Minas Gerais (UFMG) (128 itens)\">Universidade Federal de Minas Gerais (UFMG)<\/a>\n<a href=\"https:\/\/www.ccsa.ufpb.br\/pesquisarquivistica\/tag\/universidade-federal-de-santa-catarina-ufsc\/\" class=\"tag-cloud-link tag-link-559 tag-link-position-36\" style=\"font-size: 16.75pt;\" aria-label=\"Universidade Federal de Santa Catarina (UFSC) (120 itens)\">Universidade Federal de Santa Catarina (UFSC)<\/a>\n<a href=\"https:\/\/www.ccsa.ufpb.br\/pesquisarquivistica\/tag\/universidade-federal-de-santa-maria-ufsm\/\" class=\"tag-cloud-link tag-link-565 tag-link-position-37\" style=\"font-size: 18.181818181818pt;\" aria-label=\"Universidade Federal de Santa Maria (UFSM) (146 itens)\">Universidade Federal de Santa Maria (UFSM)<\/a>\n<a href=\"https:\/\/www.ccsa.ufpb.br\/pesquisarquivistica\/tag\/universidade-federal-de-vicosa-ufv\/\" class=\"tag-cloud-link tag-link-843 tag-link-position-38\" style=\"font-size: 8.4772727272727pt;\" aria-label=\"Universidade Federal de Vi\u00e7osa (UFV) (35 itens)\">Universidade Federal de Vi\u00e7osa (UFV)<\/a>\n<a href=\"https:\/\/www.ccsa.ufpb.br\/pesquisarquivistica\/tag\/universidade-federal-do-amazonas-ufam\/\" class=\"tag-cloud-link tag-link-712 tag-link-position-39\" style=\"font-size: 14.363636363636pt;\" aria-label=\"Universidade Federal do Amazonas (UFAM) (85 itens)\">Universidade Federal do Amazonas (UFAM)<\/a>\n<a href=\"https:\/\/www.ccsa.ufpb.br\/pesquisarquivistica\/tag\/universidade-federal-do-espirito-santo-ufes\/\" class=\"tag-cloud-link tag-link-577 tag-link-position-40\" style=\"font-size: 13.090909090909pt;\" aria-label=\"Universidade Federal do Esp\u00edrito Santo (UFES) (69 itens)\">Universidade Federal do Esp\u00edrito Santo (UFES)<\/a>\n<a href=\"https:\/\/www.ccsa.ufpb.br\/pesquisarquivistica\/tag\/universidade-federal-do-estado-do-rio-de-janeiro-unirio\/\" class=\"tag-cloud-link tag-link-570 tag-link-position-41\" style=\"font-size: 21.363636363636pt;\" aria-label=\"Universidade Federal do Estado do Rio de Janeiro (UNIRIO) (233 itens)\">Universidade Federal do Estado do Rio de Janeiro (UNIRIO)<\/a>\n<a href=\"https:\/\/www.ccsa.ufpb.br\/pesquisarquivistica\/tag\/universidade-federal-do-para-ufpa\/\" class=\"tag-cloud-link tag-link-661 tag-link-position-42\" style=\"font-size: 12.931818181818pt;\" aria-label=\"Universidade Federal do Par\u00e1 (UFPA) (68 itens)\">Universidade Federal do Par\u00e1 (UFPA)<\/a>\n<a href=\"https:\/\/www.ccsa.ufpb.br\/pesquisarquivistica\/tag\/universidade-federal-do-rio-grande-furg\/\" class=\"tag-cloud-link tag-link-644 tag-link-position-43\" style=\"font-size: 18.340909090909pt;\" aria-label=\"Universidade Federal do Rio Grande (FURG) (149 itens)\">Universidade Federal do Rio Grande (FURG)<\/a>\n<a href=\"https:\/\/www.ccsa.ufpb.br\/pesquisarquivistica\/tag\/universidade-federal-do-rio-grande-do-sul-ufrgs\/\" class=\"tag-cloud-link tag-link-645 tag-link-position-44\" style=\"font-size: 13.886363636364pt;\" aria-label=\"Universidade Federal do Rio Grande do Sul (UFRGS) (79 itens)\">Universidade Federal do Rio Grande do Sul (UFRGS)<\/a>\n<a href=\"https:\/\/www.ccsa.ufpb.br\/pesquisarquivistica\/tag\/universidade-federal-fluminense-uff\/\" class=\"tag-cloud-link tag-link-558 tag-link-position-45\" style=\"font-size: 16.431818181818pt;\" aria-label=\"Universidade Federal Fluminense (UFF) (114 itens)\">Universidade Federal Fluminense (UFF)<\/a><\/p>","protected":false},"excerpt":{"rendered":"<p>Nuvem de tags<\/p>\n","protected":false},"author":1,"featured_media":0,"parent":0,"menu_order":0,"comment_status":"closed","ping_status":"closed","template":"","meta":{"ocean_post_layout":"right-sidebar","ocean_both_sidebars_style":"","ocean_both_sidebars_content_width":0,"ocean_both_sidebars_sidebars_width":0,"ocean_sidebar":"0","ocean_second_sidebar":"0","ocean_disable_margins":"enable","ocean_add_body_class":"","ocean_shortcode_before_top_bar":"","ocean_shortcode_after_top_bar":"","ocean_shortcode_before_header":"","ocean_shortcode_after_header":"","ocean_has_shortcode":"","ocean_shortcode_after_title":"","ocean_shortcode_before_footer_widgets":"","ocean_shortcode_after_footer_widgets":"","ocean_shortcode_before_footer_bottom":"","ocean_shortcode_after_footer_bottom":"","ocean_display_top_bar":"default","ocean_display_header":"default","ocean_header_style":"","ocean_center_header_left_menu":"0","ocean_custom_header_template":"0","ocean_custom_logo":0,"ocean_custom_retina_logo":0,"ocean_custom_logo_max_width":0,"ocean_custom_logo_tablet_max_width":0,"ocean_custom_logo_mobile_max_width":0,"ocean_custom_logo_max_height":0,"ocean_custom_logo_tablet_max_height":0,"ocean_custom_logo_mobile_max_height":0,"ocean_header_custom_menu":"0","ocean_menu_typo_font_family":"0","ocean_menu_typo_font_subset":"","ocean_menu_typo_font_size":0,"ocean_menu_typo_font_size_tablet":0,"ocean_menu_typo_font_size_mobile":0,"ocean_menu_typo_font_size_unit":"px","ocean_menu_typo_font_weight":"","ocean_menu_typo_font_weight_tablet":"","ocean_menu_typo_font_weight_mobile":"","ocean_menu_typo_transform":"","ocean_menu_typo_transform_tablet":"","ocean_menu_typo_transform_mobile":"","ocean_menu_typo_line_height":0,"ocean_menu_typo_line_height_tablet":0,"ocean_menu_typo_line_height_mobile":0,"ocean_menu_typo_line_height_unit":"","ocean_menu_typo_spacing":0,"ocean_menu_typo_spacing_tablet":0,"ocean_menu_typo_spacing_mobile":0,"ocean_menu_typo_spacing_unit":"","ocean_menu_link_color":"","ocean_menu_link_color_hover":"","ocean_menu_link_color_active":"","ocean_menu_link_background":"","ocean_menu_link_hover_background":"","ocean_menu_link_active_background":"","ocean_menu_social_links_bg":"","ocean_menu_social_hover_links_bg":"","ocean_menu_social_links_color":"","ocean_menu_social_hover_links_color":"","ocean_disable_title":"default","ocean_disable_heading":"default","ocean_post_title":"","ocean_post_subheading":"","ocean_post_title_style":"","ocean_post_title_background_color":"","ocean_post_title_background":0,"ocean_post_title_bg_image_position":"","ocean_post_title_bg_image_attachment":"","ocean_post_title_bg_image_repeat":"","ocean_post_title_bg_image_size":"","ocean_post_title_height":0,"ocean_post_title_bg_overlay":0.5,"ocean_post_title_bg_overlay_color":"","ocean_disable_breadcrumbs":"default","ocean_breadcrumbs_color":"","ocean_breadcrumbs_separator_color":"","ocean_breadcrumbs_links_color":"","ocean_breadcrumbs_links_hover_color":"","ocean_display_footer_widgets":"default","ocean_display_footer_bottom":"default","ocean_custom_footer_template":"0","footnotes":""},"class_list":["post-744","page","type-page","status-publish","hentry","entry"],"_links":{"self":[{"href":"https:\/\/www.ccsa.ufpb.br\/pesquisarquivistica\/wp-json\/wp\/v2\/pages\/744","targetHints":{"allow":["GET"]}}],"collection":[{"href":"https:\/\/www.ccsa.ufpb.br\/pesquisarquivistica\/wp-json\/wp\/v2\/pages"}],"about":[{"href":"https:\/\/www.ccsa.ufpb.br\/pesquisarquivistica\/wp-json\/wp\/v2\/types\/page"}],"author":[{"embeddable":true,"href":"https:\/\/www.ccsa.ufpb.br\/pesquisarquivistica\/wp-json\/wp\/v2\/users\/1"}],"replies":[{"embeddable":true,"href":"https:\/\/www.ccsa.ufpb.br\/pesquisarquivistica\/wp-json\/wp\/v2\/comments?post=744"}],"version-history":[{"count":4,"href":"https:\/\/www.ccsa.ufpb.br\/pesquisarquivistica\/wp-json\/wp\/v2\/pages\/744\/revisions"}],"predecessor-version":[{"id":2291,"href":"https:\/\/www.ccsa.ufpb.br\/pesquisarquivistica\/wp-json\/wp\/v2\/pages\/744\/revisions\/2291"}],"wp:attachment":[{"href":"https:\/\/www.ccsa.ufpb.br\/pesquisarquivistica\/wp-json\/wp\/v2\/media?parent=744"}],"curies":[{"name":"wp","href":"https:\/\/api.w.org\/{rel}","templated":true}]}}