{"id":103,"date":"2025-07-12T21:19:29","date_gmt":"2025-07-13T00:19:29","guid":{"rendered":"https:\/\/www.ccsa.ufpb.br\/ppga\/?page_id=103"},"modified":"2025-07-12T21:19:29","modified_gmt":"2025-07-13T00:19:29","slug":"regulamento-do-ppga","status":"publish","type":"page","link":"https:\/\/www.ccsa.ufpb.br\/ppga\/regulamento-do-ppga\/","title":{"rendered":"Regulamento do PPGA"},"content":{"rendered":"\n<p>Regulamento do PPGA em vigor.<\/p>\n\n\n\n<ul class=\"wp-block-list\">\n<li><strong><a href=\"http:\/\/plone.ufpb.br\/ppga\/contents\/arquivos\/legislacao\/resoluo_consepe_n_05-2024.pdf\">RESOLU\u00c7\u00c3O N\u00ba 05\/2024<\/a><\/strong><\/li>\n<\/ul>\n\n\n\n<p>Revoga a Resolu\u00e7\u00e3o n\u00ba 06\/2018 do Consepe, aprova e d\u00e1 nova reda\u00e7\u00e3o ao Regulamento e \u00e0 Estrutura Acad\u00eamica do Programa de P\u00f3s-Gradua\u00e7\u00e3o em Administra\u00e7\u00e3o, nos n\u00edveis de Mestrado Acad\u00eamico e Doutorado, sob a responsabilidade do Centro de Ci\u00eancias Sociais Aplicadas.<\/p>\n\n\n\n<ul class=\"wp-block-list\">\n<li><a href=\"http:\/\/plone.ufpb.br\/ppga\/contents\/arquivos\/legislacao\/regulamento-ppga-resolucao-06-2018.pdf\"><strong>RESOLU\u00c7\u00c3O N\u00ba 06\/2018<\/strong><\/a><br>Revoga as Resolu\u00e7\u00f5es n\u00ba 13\/2016 e n\u00ba 34\/2016 do Consepe, aprova e d\u00e1 nova reda\u00e7\u00e3o ao Regulamento e \u00e0 Estrutura Acad\u00eamica do Programa de P\u00f3s-Gradua\u00e7\u00e3o em Administra\u00e7\u00e3o, nos n\u00edveis de Mestrado Acad\u00eamico e Doutorado, sob a responsabilidade do Centro de Ci\u00eancias Sociais Aplicadas.<\/li>\n<\/ul>\n","protected":false},"excerpt":{"rendered":"<p>Regulamento do PPGA em vigor. Revoga a Resolu\u00e7\u00e3o n\u00ba 06\/2018 do Consepe, aprova e d\u00e1 [&hellip;]<\/p>\n","protected":false},"author":47,"featured_media":0,"parent":0,"menu_order":0,"comment_status":"closed","ping_status":"closed","template":"","meta":{"footnotes":""},"class_list":["post-103","page","type-page","status-publish","hentry"],"_links":{"self":[{"href":"https:\/\/www.ccsa.ufpb.br\/ppga\/wp-json\/wp\/v2\/pages\/103","targetHints":{"allow":["GET"]}}],"collection":[{"href":"https:\/\/www.ccsa.ufpb.br\/ppga\/wp-json\/wp\/v2\/pages"}],"about":[{"href":"https:\/\/www.ccsa.ufpb.br\/ppga\/wp-json\/wp\/v2\/types\/page"}],"author":[{"embeddable":true,"href":"https:\/\/www.ccsa.ufpb.br\/ppga\/wp-json\/wp\/v2\/users\/47"}],"replies":[{"embeddable":true,"href":"https:\/\/www.ccsa.ufpb.br\/ppga\/wp-json\/wp\/v2\/comments?post=103"}],"version-history":[{"count":1,"href":"https:\/\/www.ccsa.ufpb.br\/ppga\/wp-json\/wp\/v2\/pages\/103\/revisions"}],"predecessor-version":[{"id":104,"href":"https:\/\/www.ccsa.ufpb.br\/ppga\/wp-json\/wp\/v2\/pages\/103\/revisions\/104"}],"wp:attachment":[{"href":"https:\/\/www.ccsa.ufpb.br\/ppga\/wp-json\/wp\/v2\/media?parent=103"}],"curies":[{"name":"wp","href":"https:\/\/api.w.org\/{rel}","templated":true}]}}