{"id":105,"date":"2025-07-12T21:20:02","date_gmt":"2025-07-13T00:20:02","guid":{"rendered":"https:\/\/www.ccsa.ufpb.br\/ppga\/?page_id=105"},"modified":"2026-03-14T17:40:48","modified_gmt":"2026-03-14T20:40:48","slug":"resolucoes-ppga","status":"publish","type":"page","link":"https:\/\/www.ccsa.ufpb.br\/ppga\/resolucoes-ppga\/","title":{"rendered":"Resolu\u00e7\u00f5es PPGA"},"content":{"rendered":"\n<p><strong><a href=\"http:\/\/www.ccsa.ufpb.br\/ppga\/wp-content\/uploads\/sites\/179\/sites\/330\/2026\/02\/Resolucao-PPGA-02-de-2025.pdf\"><strong>Resolu\u00e7\u00e3o 02\/20<\/strong>25<\/a><a href=\"http:\/\/plone.ufpb.br\/ppga\/contents\/menu\/normas-e-formularios\/resolveuid\/592309aca80d46299bca78663395b7ad\">&nbsp;<\/a>&#8211;&nbsp;<\/strong>Disp\u00f5e sobre o processo de concess\u00e3o, renova\u00e7\u00e3o e cancelamento de Bolsas de Estudo<\/p>\n\n\n\n<ul class=\"wp-block-list\">\n<li><\/li>\n<\/ul>\n\n\n\n<p><strong><a href=\"http:\/\/plone.ufpb.br\/ppga\/contents\/arquivos\/legislacao\/resolucao-04-de-2024-praticas-de-docencia-e-de-gestao-e-inovacao.pdf\" target=\"_blank\" rel=\"noreferrer noopener\"><strong>Resolu\u00e7\u00e3o 04\/20<\/strong>24&nbsp;<\/a>&#8211;&nbsp;<\/strong>Disp\u00f5e sobre as Atividades de Pr\u00e1tica de Doc\u00eancia e de Pr\u00e1tica de Gest\u00e3o e Inova\u00e7\u00e3o<\/p>\n\n\n\n<p><strong><a href=\"http:\/\/plone.ufpb.br\/ppga\/contents\/arquivos\/legislacao\/resolucao-bancas.pdf\"><strong>Resolu\u00e7\u00e3o 03\/20<\/strong>24<\/a>&nbsp;&#8211;&nbsp;<\/strong>Disp\u00f5e sobre a forma\u00e7\u00e3o de bancas de mestrado e doutorado<\/p>\n\n\n\n<ul class=\"wp-block-list\">\n<li><strong><a href=\"http:\/\/www.ccsa.ufpb.br\/ppga\/wp-content\/uploads\/sites\/179\/sites\/330\/2026\/03\/Resolucao-de-bancas-Anexo.docx\" data-type=\"link\" data-id=\"http:\/\/www.ccsa.ufpb.br\/ppga\/wp-content\/uploads\/sites\/179\/sites\/330\/2026\/03\/Resolucao-de-bancas-Anexo.docx\">Anexo da Resolu\u00e7\u00e3o 03\/2024<\/a><\/strong>\u00a0&#8211; Formul\u00e1rio de solicita\u00e7\u00e3o de credenciamento<\/li>\n<\/ul>\n\n\n\n<p><strong><a href=\"http:\/\/plone.ufpb.br\/ppga\/contents\/arquivos\/resolucao-credenciamento_docente_ppga-21-06-23.pdf\"><strong>Resolu\u00e7\u00e3o 01\/20<\/strong>23<\/a>&nbsp;&#8211;&nbsp;<\/strong>Disp\u00f5e sobre normas para credenciamento, recredenciamento e descredenciamento de docentes no PPGA<\/p>\n\n\n\n<ul class=\"wp-block-list\">\n<li><strong><a href=\"http:\/\/plone.ufpb.br\/ppga\/contents\/arquivos\/documento-de-pedido-de-mudanca-de-status-docente-1.doc\">Documento de Pedido de Mudan\u00e7a de Status Docente<\/a><\/strong><\/li>\n<\/ul>\n\n\n\n<p>&nbsp;<br><a href=\"http:\/\/plone.ufpb.br\/ppga\/contents\/arquivos\/legislacao\/resolucao-03-de-2019-autoavaliacao.pdf\"><strong>Resolu\u00e7\u00e3o 03\/2019<\/strong><strong>&nbsp;<\/strong><\/a>&#8211; Regulamenta a autoavalia\u00e7\u00e3o do Programa.<\/p>\n","protected":false},"excerpt":{"rendered":"<p>Resolu\u00e7\u00e3o 02\/2025&nbsp;&#8211;&nbsp;Disp\u00f5e sobre o processo de concess\u00e3o, renova\u00e7\u00e3o e cancelamento de Bolsas de Estudo Resolu\u00e7\u00e3o [&hellip;]<\/p>\n","protected":false},"author":47,"featured_media":0,"parent":0,"menu_order":0,"comment_status":"closed","ping_status":"closed","template":"","meta":{"footnotes":""},"class_list":["post-105","page","type-page","status-publish","hentry"],"_links":{"self":[{"href":"https:\/\/www.ccsa.ufpb.br\/ppga\/wp-json\/wp\/v2\/pages\/105","targetHints":{"allow":["GET"]}}],"collection":[{"href":"https:\/\/www.ccsa.ufpb.br\/ppga\/wp-json\/wp\/v2\/pages"}],"about":[{"href":"https:\/\/www.ccsa.ufpb.br\/ppga\/wp-json\/wp\/v2\/types\/page"}],"author":[{"embeddable":true,"href":"https:\/\/www.ccsa.ufpb.br\/ppga\/wp-json\/wp\/v2\/users\/47"}],"replies":[{"embeddable":true,"href":"https:\/\/www.ccsa.ufpb.br\/ppga\/wp-json\/wp\/v2\/comments?post=105"}],"version-history":[{"count":3,"href":"https:\/\/www.ccsa.ufpb.br\/ppga\/wp-json\/wp\/v2\/pages\/105\/revisions"}],"predecessor-version":[{"id":399,"href":"https:\/\/www.ccsa.ufpb.br\/ppga\/wp-json\/wp\/v2\/pages\/105\/revisions\/399"}],"wp:attachment":[{"href":"https:\/\/www.ccsa.ufpb.br\/ppga\/wp-json\/wp\/v2\/media?parent=105"}],"curies":[{"name":"wp","href":"https:\/\/api.w.org\/{rel}","templated":true}]}}