{"id":110,"date":"2025-07-12T21:21:33","date_gmt":"2025-07-13T00:21:33","guid":{"rendered":"https:\/\/www.ccsa.ufpb.br\/ppga\/?page_id=110"},"modified":"2025-07-12T21:21:33","modified_gmt":"2025-07-13T00:21:33","slug":"revista-tpa","status":"publish","type":"page","link":"https:\/\/www.ccsa.ufpb.br\/ppga\/revista-tpa\/","title":{"rendered":"Revista TPA"},"content":{"rendered":"\n<p>A Revista Teoria e Pr\u00e1tica em Administra\u00e7\u00e3o \u00e9 um peri\u00f3dico de orienta\u00e7\u00e3o cient\u00edfica vinculado ao PPGA. Os detalhes da vincula\u00e7\u00e3o podem ser lidos no\u00a0<a href=\"http:\/\/www.ccsa.ufpb.br\/ppga\/wp-content\/uploads\/sites\/179\/sites\/330\/2025\/07\/regulamento-tpa_2018.pdf\">regulamento da revista.<\/a><\/p>\n\n\n\n<p>Para ter acesso ao site da revista, clique nesse&nbsp;<a href=\"http:\/\/www.periodicos.ufpb.br\/ojs2\/index.php\/tpa\" target=\"_blank\" rel=\"noreferrer noopener\">link<\/a>.<\/p>\n","protected":false},"excerpt":{"rendered":"<p>A Revista Teoria e Pr\u00e1tica em Administra\u00e7\u00e3o \u00e9 um peri\u00f3dico de orienta\u00e7\u00e3o cient\u00edfica vinculado ao [&hellip;]<\/p>\n","protected":false},"author":47,"featured_media":0,"parent":0,"menu_order":0,"comment_status":"closed","ping_status":"closed","template":"","meta":{"footnotes":""},"class_list":["post-110","page","type-page","status-publish","hentry"],"_links":{"self":[{"href":"https:\/\/www.ccsa.ufpb.br\/ppga\/wp-json\/wp\/v2\/pages\/110","targetHints":{"allow":["GET"]}}],"collection":[{"href":"https:\/\/www.ccsa.ufpb.br\/ppga\/wp-json\/wp\/v2\/pages"}],"about":[{"href":"https:\/\/www.ccsa.ufpb.br\/ppga\/wp-json\/wp\/v2\/types\/page"}],"author":[{"embeddable":true,"href":"https:\/\/www.ccsa.ufpb.br\/ppga\/wp-json\/wp\/v2\/users\/47"}],"replies":[{"embeddable":true,"href":"https:\/\/www.ccsa.ufpb.br\/ppga\/wp-json\/wp\/v2\/comments?post=110"}],"version-history":[{"count":1,"href":"https:\/\/www.ccsa.ufpb.br\/ppga\/wp-json\/wp\/v2\/pages\/110\/revisions"}],"predecessor-version":[{"id":112,"href":"https:\/\/www.ccsa.ufpb.br\/ppga\/wp-json\/wp\/v2\/pages\/110\/revisions\/112"}],"wp:attachment":[{"href":"https:\/\/www.ccsa.ufpb.br\/ppga\/wp-json\/wp\/v2\/media?parent=110"}],"curies":[{"name":"wp","href":"https:\/\/api.w.org\/{rel}","templated":true}]}}