{"id":118,"date":"2025-07-12T21:23:31","date_gmt":"2025-07-13T00:23:31","guid":{"rendered":"https:\/\/www.ccsa.ufpb.br\/ppga\/?page_id=118"},"modified":"2025-07-12T21:23:31","modified_gmt":"2025-07-13T00:23:31","slug":"formularios","status":"publish","type":"page","link":"https:\/\/www.ccsa.ufpb.br\/ppga\/formularios\/","title":{"rendered":"Formul\u00e1rios"},"content":{"rendered":"\n<p><strong>RELATIVOS A DISSERTA\u00c7\u00d5ES E TESES<\/strong><\/p>\n\n\n\n<p><strong><a href=\"http:\/\/plone.ufpb.br\/ppga\/contents\/arquivos\/formularios\/formulario-formulario-para-marcacao-de-defesa-de-doutorado-2022-1-1.docx\">Formul\u00e1rio de marca\u00e7\u00e3o de defesa de doutorado<\/a><\/strong><\/p>\n\n\n\n<p><strong><a href=\"http:\/\/plone.ufpb.br\/ppga\/contents\/arquivos\/formularios\/formulario-formulario-para-marcacao-de-defesa-de-mestrado-2022-1.docx\">Formul\u00e1rio de marca\u00e7\u00e3o de defesa de mestrado<\/a><\/strong><\/p>\n\n\n\n<p><strong><a href=\"http:\/\/plone.ufpb.br\/ppga\/contents\/arquivos\/formularios\/formulario-declaracao-de-liberacao-para-defesa-orientador.docx\"><strong>Declara\u00e7\u00e3o de libera\u00e7\u00e3o para defesa<\/strong><\/a><\/strong><\/p>\n\n\n\n<p><strong><a href=\"http:\/\/plone.ufpb.br\/ppga\/contents\/arquivos\/formularios\/formulario-termo-de-autorizacao-de-divulgacao-na-homepage.docx\">Autoriza\u00e7\u00e3o de divulga\u00e7\u00e3o de disserta\u00e7\u00e3o\/tese na homepage do PPGA<\/a><\/strong><\/p>\n\n\n\n<p><a href=\"http:\/\/plone.ufpb.br\/ppga\/contents\/arquivos\/formularios\/declaracao-de-integridade-da-pesquisa.docx\"><strong>Declara\u00e7\u00e3o de integridade de pesquisa<\/strong><\/a><\/p>\n\n\n\n<p><strong>RELATIVOS A BOLSISTAS<\/strong><\/p>\n\n\n\n<p><strong><a href=\"http:\/\/plone.ufpb.br\/ppga\/contents\/arquivos\/formularios\/apendice-da-resolucao-de-bolsas-2024.docx\">Ap\u00eandice da resolu\u00e7\u00e3o de bolsas n\u00ba 02\/2024<\/a><\/strong><\/p>\n\n\n\n<p><strong><a href=\"http:\/\/plone.ufpb.br\/ppga\/contents\/arquivos\/formularios\/declaracao-do-orientador-1.doc\">Declara\u00e7\u00e3o de anu\u00eancia do orientador<\/a><\/strong><\/p>\n\n\n\n<p><strong><a href=\"http:\/\/plone.ufpb.br\/ppga\/contents\/arquivos\/formularios\/termodecompromissods.docx\">Termo de compromisso<\/a><\/strong><\/p>\n\n\n\n<p><strong><a href=\"http:\/\/plone.ufpb.br\/ppga\/contents\/arquivos\/formularios\/declaracao-do-requerente.docx\">Declara\u00e7\u00e3o de compromisso&nbsp;com as atividades do PPGA<\/a><\/strong><\/p>\n\n\n\n<p><strong><a href=\"http:\/\/plone.ufpb.br\/ppga\/contents\/arquivos\/formularios\/declaraodeacmulos1.docx\">Declara\u00e7\u00e3o de ac\u00famulo de bolsas<\/a><\/strong><\/p>\n\n\n\n<p><strong>DIVERSOS<\/strong><\/p>\n\n\n\n<p><a href=\"http:\/\/plone.ufpb.br\/ppga\/contents\/arquivos\/formularios\/formulario-requerimento-de-matricula-como-aluno-especial.docx\"><strong><\/strong><\/a><strong><a href=\"http:\/\/plone.ufpb.br\/ppga\/contents\/arquivos\/formularios\/formulario-planejamento-academico-discente-1.docx\">Planejamento acad\u00eamico do discente<\/a><\/strong><\/p>\n\n\n\n<p><strong><a href=\"http:\/\/plone.ufpb.br\/ppga\/contents\/arquivos\/formularios\/formulario-cadastro-de-matricula-como-aluno-regular.docx\">Formul\u00e1rio&nbsp; de matr\u00edcula de alunos regulares<\/a><\/strong><\/p>\n\n\n\n<p><strong><a href=\"http:\/\/plone.ufpb.br\/ppga\/contents\/arquivos\/formularios\/formulario-de-solicitacao-de-aproveitamento-de-estudos-7.docx\">Solicita\u00e7\u00e3o de aproveitamento de estudos&nbsp;e dispensa de Est\u00e1gio de Doc\u00eancia 1<\/a><\/strong><\/p>\n\n\n\n<p><a href=\"http:\/\/plone.ufpb.br\/ppga\/contents\/arquivos\/formularios\/formulario-requerimento-de-matricula-como-aluno-especial.docx\"><strong>Requerimento&nbsp;de matr\u00edcula como aluno especial<\/strong><\/a><\/p>\n\n\n\n<p><a href=\"http:\/\/plone.ufpb.br\/ppga\/contents\/arquivos\/formularios\/formulario-requerimento-de-matricula-em-atividades.docx\"><strong>Requerimento de matr\u00edcula em atividade<\/strong><\/a><\/p>\n\n\n\n<p><a href=\"http:\/\/plone.ufpb.br\/ppga\/contents\/arquivos\/formularios\/formulario-de-solicitacao-de-emissao-de-diploma_alterado.docx\"><strong>Solicita\u00e7\u00e3o de emiss\u00e3o de diploma<\/strong><\/a><\/p>\n","protected":false},"excerpt":{"rendered":"<p>RELATIVOS A DISSERTA\u00c7\u00d5ES E TESES Formul\u00e1rio de marca\u00e7\u00e3o de defesa de doutorado Formul\u00e1rio de marca\u00e7\u00e3o [&hellip;]<\/p>\n","protected":false},"author":47,"featured_media":0,"parent":0,"menu_order":0,"comment_status":"closed","ping_status":"closed","template":"","meta":{"footnotes":""},"class_list":["post-118","page","type-page","status-publish","hentry"],"_links":{"self":[{"href":"https:\/\/www.ccsa.ufpb.br\/ppga\/wp-json\/wp\/v2\/pages\/118","targetHints":{"allow":["GET"]}}],"collection":[{"href":"https:\/\/www.ccsa.ufpb.br\/ppga\/wp-json\/wp\/v2\/pages"}],"about":[{"href":"https:\/\/www.ccsa.ufpb.br\/ppga\/wp-json\/wp\/v2\/types\/page"}],"author":[{"embeddable":true,"href":"https:\/\/www.ccsa.ufpb.br\/ppga\/wp-json\/wp\/v2\/users\/47"}],"replies":[{"embeddable":true,"href":"https:\/\/www.ccsa.ufpb.br\/ppga\/wp-json\/wp\/v2\/comments?post=118"}],"version-history":[{"count":1,"href":"https:\/\/www.ccsa.ufpb.br\/ppga\/wp-json\/wp\/v2\/pages\/118\/revisions"}],"predecessor-version":[{"id":119,"href":"https:\/\/www.ccsa.ufpb.br\/ppga\/wp-json\/wp\/v2\/pages\/118\/revisions\/119"}],"wp:attachment":[{"href":"https:\/\/www.ccsa.ufpb.br\/ppga\/wp-json\/wp\/v2\/media?parent=118"}],"curies":[{"name":"wp","href":"https:\/\/api.w.org\/{rel}","templated":true}]}}