{"id":120,"date":"2025-07-12T21:23:49","date_gmt":"2025-07-13T00:23:49","guid":{"rendered":"https:\/\/www.ccsa.ufpb.br\/ppga\/?page_id=120"},"modified":"2025-07-12T21:23:49","modified_gmt":"2025-07-13T00:23:49","slug":"modelos-de-slides","status":"publish","type":"page","link":"https:\/\/www.ccsa.ufpb.br\/ppga\/modelos-de-slides\/","title":{"rendered":"Modelos de slides"},"content":{"rendered":"\n<p>Os discente do PPGA t\u00eam \u00e0 sua disposi\u00e7\u00e3o dois modelos de slides para uso em apresenta\u00e7\u00f5es em atividades do pr\u00f3prio Programa (qualifica\u00e7\u00f5es, trabalhos de disciplinas&#8230;) ou externamente (eventos&#8230;). Os modelos podem ser acessados a partir dos links abaixo:<\/p>\n\n\n\n<p>&#8211;&nbsp;<a href=\"https:\/\/drive.google.com\/open?id=1sjnwzDN4LUt3-PbV-2XvKIO5HvBxJsF8\" target=\"_blank\" rel=\"noreferrer noopener\">Modelo 1<\/a><\/p>\n\n\n\n<p>&#8211;&nbsp;<a href=\"https:\/\/drive.google.com\/open?id=1vzmjFY-ENOEyTc9ejS05ntfT6pdfv8Qs\" target=\"_blank\" rel=\"noreferrer noopener\">Modelo 2<\/a><\/p>\n","protected":false},"excerpt":{"rendered":"<p>Os discente do PPGA t\u00eam \u00e0 sua disposi\u00e7\u00e3o dois modelos de slides para uso em [&hellip;]<\/p>\n","protected":false},"author":47,"featured_media":0,"parent":0,"menu_order":0,"comment_status":"closed","ping_status":"closed","template":"","meta":{"footnotes":""},"class_list":["post-120","page","type-page","status-publish","hentry"],"_links":{"self":[{"href":"https:\/\/www.ccsa.ufpb.br\/ppga\/wp-json\/wp\/v2\/pages\/120","targetHints":{"allow":["GET"]}}],"collection":[{"href":"https:\/\/www.ccsa.ufpb.br\/ppga\/wp-json\/wp\/v2\/pages"}],"about":[{"href":"https:\/\/www.ccsa.ufpb.br\/ppga\/wp-json\/wp\/v2\/types\/page"}],"author":[{"embeddable":true,"href":"https:\/\/www.ccsa.ufpb.br\/ppga\/wp-json\/wp\/v2\/users\/47"}],"replies":[{"embeddable":true,"href":"https:\/\/www.ccsa.ufpb.br\/ppga\/wp-json\/wp\/v2\/comments?post=120"}],"version-history":[{"count":1,"href":"https:\/\/www.ccsa.ufpb.br\/ppga\/wp-json\/wp\/v2\/pages\/120\/revisions"}],"predecessor-version":[{"id":121,"href":"https:\/\/www.ccsa.ufpb.br\/ppga\/wp-json\/wp\/v2\/pages\/120\/revisions\/121"}],"wp:attachment":[{"href":"https:\/\/www.ccsa.ufpb.br\/ppga\/wp-json\/wp\/v2\/media?parent=120"}],"curies":[{"name":"wp","href":"https:\/\/api.w.org\/{rel}","templated":true}]}}