{"id":122,"date":"2025-07-12T21:24:10","date_gmt":"2025-07-13T00:24:10","guid":{"rendered":"https:\/\/www.ccsa.ufpb.br\/ppga\/?page_id=122"},"modified":"2025-07-12T21:24:10","modified_gmt":"2025-07-13T00:24:10","slug":"atas-e-relatos","status":"publish","type":"page","link":"https:\/\/www.ccsa.ufpb.br\/ppga\/atas-e-relatos\/","title":{"rendered":"Atas e relatos"},"content":{"rendered":"\n<p><strong>COMISS\u00c3O DE BOLSAS<\/strong><\/p>\n\n\n\n<p><strong><a href=\"http:\/\/plone.ufpb.br\/ppga\/contents\/arquivos\/atas-e-relatos\/ata_e_resultado_bolsas_ppga_2023_vf.pdf\">Relato da reuni\u00e3o da comiss\u00e3o de bolsas &#8211; dia 10\/03\/2023<\/a><\/strong><\/p>\n\n\n\n<p><strong><a href=\"http:\/\/plone.ufpb.br\/ppga\/contents\/arquivos\/resultado_bolsas_ppga_2022_cotas_cnpq_agosto_2022-1.pdf\">Relato da reuni\u00e3o da Comiss\u00e3o de bolsas &#8211; dia 19 de agosto de 2022<\/a><\/strong><\/p>\n\n\n\n<p><strong><a href=\"http:\/\/plone.ufpb.br\/ppga\/contents\/arquivos\/atas-e-relatos\/resultado_bolsas_ppga_2022_apos_reconsideracoes.pdf\">Relato complementar &#8211; dia 23\/03\/2022<\/a><\/strong><\/p>\n\n\n\n<p><strong><a href=\"http:\/\/plone.ufpb.br\/ppga\/contents\/arquivos\/atas-e-relatos\/ata_e_resultado_bolsas_ppga_2022_vf.pdf\">Relato da reuni\u00e3o da Comiss\u00e3o de bolsas &#8211; dia 18 de mar\u00e7o de 2022<\/a><\/strong><\/p>\n\n\n\n<p><a href=\"http:\/\/plone.ufpb.br\/ppga\/contents\/arquivos\/atas-e-relatos\/relato-complementar-comissao-de-bolsas-2021-1.pdf\">Relato complementar &#8211; dia 22\/02\/2021<\/a><\/p>\n\n\n\n<p><a href=\"http:\/\/plone.ufpb.br\/ppga\/contents\/arquivos\/atas-e-relatos\/relato-de-reuniao-comissao-de-bolsas-2021.pdf\">Relato da reuni\u00e3o da Comiss\u00e3o de bolsas &#8211; dia 19 de fevereiro de 2021<\/a><a href=\"http:\/\/plone.ufpb.br\/ppga\/contents\/arquivos\/atas-e-relatos\/relato-complementar.pdf\"><\/a><\/p>\n\n\n\n<p><a href=\"http:\/\/plone.ufpb.br\/ppga\/contents\/arquivos\/atas-e-relatos\/relato-complementar.pdf\">Relato complementar &#8211; dia 16\/03\/2020<\/a><\/p>\n\n\n\n<p><a href=\"http:\/\/plone.ufpb.br\/ppga\/contents\/arquivos\/atas-e-relatos\/relato-de-reuniao-comissao-de-bolsas-2020.pdf\">Relato da reuni\u00e3o da Comiss\u00e3o de bolsas &#8211; dia 03 de mar\u00e7o de 2020<\/a><\/p>\n\n\n\n<p><a href=\"http:\/\/plone.ufpb.br\/ppga\/contents\/arquivos\/atas-e-relatos\/relato-de-reuniao-comissao-de-bolsas-3.pdf\">Relato da reuni\u00e3o da Comiss\u00e3o de bolsas &#8211; dia 03 de mar\u00e7o de 2019<\/a><\/p>\n\n\n\n<p><a href=\"http:\/\/plone.ufpb.br\/ppga\/contents\/arquivos\/atas-e-relatos\/relato-de-reuniao-comissao-de-bolsas.pdf\">Relato da reuni\u00e3o da Comiss\u00e3o de bolsas &#8211; dia 13 de agosto de 2018<\/a><\/p>\n\n\n\n<p><a href=\"http:\/\/plone.ufpb.br\/ppga\/contents\/arquivos\/atas-e-relatos\/relato-de-reuniao-comissao-de-bolsas-2.pdf\">Relato da reuni\u00e3o da Comiss\u00e3o de bolsas &#8211; dia 12 de fevereiro de 2018<\/a><\/p>\n","protected":false},"excerpt":{"rendered":"<p>COMISS\u00c3O DE BOLSAS Relato da reuni\u00e3o da comiss\u00e3o de bolsas &#8211; dia 10\/03\/2023 Relato da [&hellip;]<\/p>\n","protected":false},"author":47,"featured_media":0,"parent":0,"menu_order":0,"comment_status":"closed","ping_status":"closed","template":"","meta":{"footnotes":""},"class_list":["post-122","page","type-page","status-publish","hentry"],"_links":{"self":[{"href":"https:\/\/www.ccsa.ufpb.br\/ppga\/wp-json\/wp\/v2\/pages\/122","targetHints":{"allow":["GET"]}}],"collection":[{"href":"https:\/\/www.ccsa.ufpb.br\/ppga\/wp-json\/wp\/v2\/pages"}],"about":[{"href":"https:\/\/www.ccsa.ufpb.br\/ppga\/wp-json\/wp\/v2\/types\/page"}],"author":[{"embeddable":true,"href":"https:\/\/www.ccsa.ufpb.br\/ppga\/wp-json\/wp\/v2\/users\/47"}],"replies":[{"embeddable":true,"href":"https:\/\/www.ccsa.ufpb.br\/ppga\/wp-json\/wp\/v2\/comments?post=122"}],"version-history":[{"count":1,"href":"https:\/\/www.ccsa.ufpb.br\/ppga\/wp-json\/wp\/v2\/pages\/122\/revisions"}],"predecessor-version":[{"id":123,"href":"https:\/\/www.ccsa.ufpb.br\/ppga\/wp-json\/wp\/v2\/pages\/122\/revisions\/123"}],"wp:attachment":[{"href":"https:\/\/www.ccsa.ufpb.br\/ppga\/wp-json\/wp\/v2\/media?parent=122"}],"curies":[{"name":"wp","href":"https:\/\/api.w.org\/{rel}","templated":true}]}}