{"id":13,"date":"2025-07-12T15:34:10","date_gmt":"2025-07-12T18:34:10","guid":{"rendered":"https:\/\/www.ccsa.ufpb.br\/ppga\/?page_id=13"},"modified":"2025-08-04T19:33:27","modified_gmt":"2025-08-04T22:33:27","slug":"o-programa","status":"publish","type":"page","link":"https:\/\/www.ccsa.ufpb.br\/ppga\/o-programa\/","title":{"rendered":"O Programa"},"content":{"rendered":"\n<p>O Programa de P\u00f3s-Gradua\u00e7\u00e3o em Administra\u00e7\u00e3o (PPGA) do Centro de Ci\u00eancias Sociais Aplicadas (CCSA) da Universidade Federal da Para\u00edba (UFPB) \u00e9 um dos mais tradicionais programas de P\u00f3s-Gradua\u00e7\u00e3o em Administra\u00e7\u00e3o do Brasil. Criado em 11 de novembro de 1975, desde ent\u00e3o tem cumprido a sua miss\u00e3o de produzir e divulgar conhecimentos te\u00f3ricos e pr\u00e1ticos relacionados com a forma\u00e7\u00e3o de professores, investigadores e profissionais da Administra\u00e7\u00e3o, de acordo com a vis\u00e3o disciplinar de Administra\u00e7\u00e3o e Sociedade.<\/p>\n\n\n\n<p>Desde sua cria\u00e7\u00e3o, foram mais de 700 mestres e mais de 100 doutores formados. Os egressos do Programa atuam principalmente em atividades acad\u00eamicas e existem formandos do PPGA em praticamente todos os estados do Brasil, sendo sua presen\u00e7a maior na regi\u00e3o Nordeste. Isso reflete a importante contribui\u00e7\u00e3o do Programa ao longo de sua exist\u00eancia, contribuindo para a consolida\u00e7\u00e3o da forma\u00e7\u00e3o e vis\u00e3o da Administra\u00e7\u00e3o no Brasil.<\/p>\n\n\n\n<p>De acordo com o atual projeto do PPGA, os objetivos centrais do Programa s\u00e3o sete, a saber:<\/p>\n\n\n\n<ol class=\"wp-block-list\">\n<li>Formar profissionais de alto n\u00edvel com voca\u00e7\u00e3o para a pesquisa e ensino no contexto universit\u00e1rio brasileiro e, especialmente, nas regi\u00f5es Norte e Nordeste;<\/li>\n\n\n\n<li>Desenvolver conhecimento de alto n\u00edvel e de real impacto em n\u00edvel regional, nacional e internacional, na concentra\u00e7\u00e3o definida para o Programa e nas linhas de pesquisa estabelecidas;<\/li>\n\n\n\n<li>Desenvolver pesquisas em parceria com institui\u00e7\u00f5es nacionais e internacionais, visando \u00e0 evolu\u00e7\u00e3o do conhecimento em Administra\u00e7\u00e3o nesses contextos;<\/li>\n\n\n\n<li>Contribuir para o desenvolvimento socioecon\u00f4mico da regi\u00e3o Nordeste, a partir da inser\u00e7\u00e3o do conhecimento em Administra\u00e7\u00e3o em diversos contextos e setores econ\u00f4micos;<\/li>\n\n\n\n<li>Contribuir para o desenvolvimento cient\u00edfico da Administra\u00e7\u00e3o, por meio de pesquisas que estejam na fronteira do conhecimento e representem o estado-da-arte;<\/li>\n\n\n\n<li>Consolidar temas de pesquisa que contemplem a perspectiva te\u00f3rica e os problemas de natureza social, econ\u00f4mica e ambiental vigentes no contexto regional, nacional e internacional;<\/li>\n\n\n\n<li>Viabilizar e colaborar com articula\u00e7\u00f5es da universidade em seu contexto de atua\u00e7\u00e3o, por meio de projetos de estudo e pesquisa que integrem a forma\u00e7\u00e3o de profissionais comprometidos com um conhecimento de administra\u00e7\u00e3o voltado para o interesse social.<\/li>\n<\/ol>\n\n\n\n<p>O Programa tem dois cursos: o Mestrado (CMA) com dura\u00e7\u00e3o de at\u00e9 2 anos, e o Doutorado (CDA) com dura\u00e7\u00e3o de at\u00e9 4 anos. Desde 2013, o PPGA tamb\u00e9m tem sido um espa\u00e7o de intera\u00e7\u00e3o e complementa\u00e7\u00e3o de forma\u00e7\u00e3o p\u00f3s-doutoral.<\/p>\n\n\n\n<p>O aluno ou professor em busca de integra\u00e7\u00e3o ao PPGA ter\u00e1 oportunidades \u00fanicas de aproveitar ao m\u00e1ximo seus esfor\u00e7os, por meio de:<\/p>\n\n\n\n<ul class=\"wp-block-list\">\n<li>Intera\u00e7\u00e3o com professores de alto n\u00edvel e reconhecimento interno e externo;<\/li>\n\n\n\n<li>Participa\u00e7\u00e3o em grupos de pesquisa ativos e com a\u00e7\u00f5es articuladas nos n\u00edveis regional, nacional e internacional;<\/li>\n\n\n\n<li>Oportunidade de intera\u00e7\u00e3o e interc\u00e2mbio de estudos e pesquisas em institui\u00e7\u00f5es brasileiras ou no exterior;<\/li>\n\n\n\n<li>Conviv\u00eancia com colegas de diferentes regi\u00f5es do pa\u00eds e com diferentes forma\u00e7\u00f5es profissionais.<\/li>\n<\/ul>\n\n\n\n<p><\/p>\n\n\n\n<p>O PPGA continua atuando de forma consistente com o seu prop\u00f3sito inicial (formar profissionais de alto n\u00edvel para a atua\u00e7\u00e3o e desenvolvimento a n\u00edvel regional e nacional), e atualizando os seus m\u00e9todos, processos e vis\u00e3o de futuro.<\/p>\n","protected":false},"excerpt":{"rendered":"<p>O Programa de P\u00f3s-Gradua\u00e7\u00e3o em Administra\u00e7\u00e3o (PPGA) do Centro de Ci\u00eancias Sociais Aplicadas (CCSA) da [&hellip;]<\/p>\n","protected":false},"author":47,"featured_media":0,"parent":0,"menu_order":0,"comment_status":"closed","ping_status":"closed","template":"","meta":{"footnotes":""},"class_list":["post-13","page","type-page","status-publish","hentry"],"_links":{"self":[{"href":"https:\/\/www.ccsa.ufpb.br\/ppga\/wp-json\/wp\/v2\/pages\/13","targetHints":{"allow":["GET"]}}],"collection":[{"href":"https:\/\/www.ccsa.ufpb.br\/ppga\/wp-json\/wp\/v2\/pages"}],"about":[{"href":"https:\/\/www.ccsa.ufpb.br\/ppga\/wp-json\/wp\/v2\/types\/page"}],"author":[{"embeddable":true,"href":"https:\/\/www.ccsa.ufpb.br\/ppga\/wp-json\/wp\/v2\/users\/47"}],"replies":[{"embeddable":true,"href":"https:\/\/www.ccsa.ufpb.br\/ppga\/wp-json\/wp\/v2\/comments?post=13"}],"version-history":[{"count":2,"href":"https:\/\/www.ccsa.ufpb.br\/ppga\/wp-json\/wp\/v2\/pages\/13\/revisions"}],"predecessor-version":[{"id":167,"href":"https:\/\/www.ccsa.ufpb.br\/ppga\/wp-json\/wp\/v2\/pages\/13\/revisions\/167"}],"wp:attachment":[{"href":"https:\/\/www.ccsa.ufpb.br\/ppga\/wp-json\/wp\/v2\/media?parent=13"}],"curies":[{"name":"wp","href":"https:\/\/api.w.org\/{rel}","templated":true}]}}