{"id":135,"date":"2025-07-12T21:27:31","date_gmt":"2025-07-13T00:27:31","guid":{"rendered":"https:\/\/www.ccsa.ufpb.br\/ppga\/?page_id=135"},"modified":"2026-02-21T10:25:43","modified_gmt":"2026-02-21T13:25:43","slug":"professor-visitante","status":"publish","type":"page","link":"https:\/\/www.ccsa.ufpb.br\/ppga\/professor-visitante\/","title":{"rendered":"Professor Visitante e P\u00f3s-Doc"},"content":{"rendered":"\n<p><a href=\"http:\/\/www.ccsa.ufpb.br\/ppga\/wp-content\/uploads\/sites\/179\/sites\/330\/2026\/02\/RESULTADO-DEFINITIVO-POSDOC.pdf\">Resultado definitivo da avalia\u00e7\u00e3o de candidaturas<\/a><\/p>\n\n\n\n<p><a href=\"http:\/\/www.ccsa.ufpb.br\/ppga\/wp-content\/uploads\/sites\/179\/sites\/330\/2026\/02\/RESULTADO-POSDOC-1.pdf\">Resultado preliminar da avalia\u00e7\u00e3o das candidaturas<\/a><\/p>\n\n\n\n<p><a href=\"http:\/\/www.ccsa.ufpb.br\/ppga\/wp-content\/uploads\/sites\/179\/sites\/330\/2026\/02\/Deferimento_Definitivo.pdf\" data-type=\"link\" data-id=\"http:\/\/www.ccsa.ufpb.br\/ppga\/wp-content\/uploads\/sites\/179\/sites\/330\/2026\/02\/Deferimento_Definitivo.pdf\">Resultado definitivo do deferimento das inscri\u00e7\u00f5es<\/a><\/p>\n\n\n\n<p><a href=\"http:\/\/www.ccsa.ufpb.br\/ppga\/wp-content\/uploads\/sites\/179\/sites\/330\/2026\/02\/Deferimento.pdf\" data-type=\"link\" data-id=\"http:\/\/www.ccsa.ufpb.br\/ppga\/wp-content\/uploads\/sites\/179\/sites\/330\/2026\/02\/Deferimento.pdf\">Resultado preliminar do deferimento das inscri\u00e7\u00f5es<\/a><\/p>\n\n\n\n<p><a href=\"http:\/\/www.ccsa.ufpb.br\/ppga\/wp-content\/uploads\/sites\/179\/sites\/330\/2026\/02\/EDITAL-PPGA-01-2026.pdf\" data-type=\"link\" data-id=\"http:\/\/www.ccsa.ufpb.br\/ppga\/wp-content\/uploads\/sites\/179\/sites\/330\/2026\/02\/EDITAL-PPGA-01-2026.pdf\">Edital de P\u00f3s-Doutorado &#8211; PPGA\/FAPESQ 2026<\/a><\/p>\n\n\n\n<p><a href=\"https:\/\/www.ccsa.ufpb.br\/ppga\/wp-content\/uploads\/sites\/179\/sites\/330\/2026\/02\/EDITAL-PPGA-01-2026-ANEXO.docx\" data-type=\"attachment\" data-id=\"351\">Formul\u00e1rio de inscri\u00e7\u00e3o<\/a><\/p>\n\n\n\n<p><\/p>\n","protected":false},"excerpt":{"rendered":"<p>Resultado definitivo da avalia\u00e7\u00e3o de candidaturas Resultado preliminar da avalia\u00e7\u00e3o das candidaturas Resultado definitivo do [&hellip;]<\/p>\n","protected":false},"author":47,"featured_media":0,"parent":0,"menu_order":0,"comment_status":"closed","ping_status":"closed","template":"","meta":{"footnotes":""},"class_list":["post-135","page","type-page","status-publish","hentry"],"_links":{"self":[{"href":"https:\/\/www.ccsa.ufpb.br\/ppga\/wp-json\/wp\/v2\/pages\/135","targetHints":{"allow":["GET"]}}],"collection":[{"href":"https:\/\/www.ccsa.ufpb.br\/ppga\/wp-json\/wp\/v2\/pages"}],"about":[{"href":"https:\/\/www.ccsa.ufpb.br\/ppga\/wp-json\/wp\/v2\/types\/page"}],"author":[{"embeddable":true,"href":"https:\/\/www.ccsa.ufpb.br\/ppga\/wp-json\/wp\/v2\/users\/47"}],"replies":[{"embeddable":true,"href":"https:\/\/www.ccsa.ufpb.br\/ppga\/wp-json\/wp\/v2\/comments?post=135"}],"version-history":[{"count":13,"href":"https:\/\/www.ccsa.ufpb.br\/ppga\/wp-json\/wp\/v2\/pages\/135\/revisions"}],"predecessor-version":[{"id":392,"href":"https:\/\/www.ccsa.ufpb.br\/ppga\/wp-json\/wp\/v2\/pages\/135\/revisions\/392"}],"wp:attachment":[{"href":"https:\/\/www.ccsa.ufpb.br\/ppga\/wp-json\/wp\/v2\/media?parent=135"}],"curies":[{"name":"wp","href":"https:\/\/api.w.org\/{rel}","templated":true}]}}