{"id":19,"date":"2025-07-12T15:35:50","date_gmt":"2025-07-12T18:35:50","guid":{"rendered":"https:\/\/www.ccsa.ufpb.br\/ppga\/?page_id=19"},"modified":"2025-08-04T19:40:21","modified_gmt":"2025-08-04T22:40:21","slug":"linha-2-estrategia-financas-e-desempenho","status":"publish","type":"page","link":"https:\/\/www.ccsa.ufpb.br\/ppga\/linha-2-estrategia-financas-e-desempenho\/","title":{"rendered":"Linha 2 &#8211; Estrat\u00e9gia, Finan\u00e7as e Desempenho"},"content":{"rendered":"\n<p><strong>Descri\u00e7\u00e3o:<\/strong><\/p>\n\n\n\n<p>A Linha visa desenvolver forma\u00e7\u00e3o e pesquisas nas \u00e1reas de Gest\u00e3o Estrat\u00e9gica, de Finan\u00e7as e de Avalia\u00e7\u00e3o e Gest\u00e3o de Desempenho. A forma\u00e7\u00e3o, os projetos e a produ\u00e7\u00e3o intelectual est\u00e3o focadas em compreender a din\u00e2mica estrat\u00e9gica e competitiva de mercados e organiza\u00e7\u00f5es, assim como pr\u00e1ticas organizacionais e gerenciais de finan\u00e7as e gest\u00e3o de desempenho.<\/p>\n\n\n\n<p><strong>Docentes:<\/strong><\/p>\n\n\n\n<ul class=\"wp-block-list\">\n<li>Aldo Leonardo Cunha Callado<\/li>\n\n\n\n<li>Andr\u00e9 Gustavo Carvalho Machado&nbsp;<\/li>\n\n\n\n<li>C\u00e1ssio da N\u00f3brega Besarria<\/li>\n\n\n\n<li>Cl\u00e1udia Fabiana Gohr<\/li>\n\n\n\n<li>Cl\u00e1udio Pilar da Silva J\u00fanior<\/li>\n\n\n\n<li>Francisco Jos\u00e9 da Costa<\/li>\n\n\n\n<li>Magno Vamberto Batista da Silva<\/li>\n\n\n\n<li>M\u00e1rcio Andr\u00e9 Veras Machado<\/li>\n\n\n\n<li>Renan Felinto&nbsp;de Farias Aires<\/li>\n<\/ul>\n","protected":false},"excerpt":{"rendered":"<p>Descri\u00e7\u00e3o: A Linha visa desenvolver forma\u00e7\u00e3o e pesquisas nas \u00e1reas de Gest\u00e3o Estrat\u00e9gica, de Finan\u00e7as [&hellip;]<\/p>\n","protected":false},"author":47,"featured_media":0,"parent":0,"menu_order":0,"comment_status":"closed","ping_status":"closed","template":"","meta":{"footnotes":""},"class_list":["post-19","page","type-page","status-publish","hentry"],"_links":{"self":[{"href":"https:\/\/www.ccsa.ufpb.br\/ppga\/wp-json\/wp\/v2\/pages\/19","targetHints":{"allow":["GET"]}}],"collection":[{"href":"https:\/\/www.ccsa.ufpb.br\/ppga\/wp-json\/wp\/v2\/pages"}],"about":[{"href":"https:\/\/www.ccsa.ufpb.br\/ppga\/wp-json\/wp\/v2\/types\/page"}],"author":[{"embeddable":true,"href":"https:\/\/www.ccsa.ufpb.br\/ppga\/wp-json\/wp\/v2\/users\/47"}],"replies":[{"embeddable":true,"href":"https:\/\/www.ccsa.ufpb.br\/ppga\/wp-json\/wp\/v2\/comments?post=19"}],"version-history":[{"count":2,"href":"https:\/\/www.ccsa.ufpb.br\/ppga\/wp-json\/wp\/v2\/pages\/19\/revisions"}],"predecessor-version":[{"id":170,"href":"https:\/\/www.ccsa.ufpb.br\/ppga\/wp-json\/wp\/v2\/pages\/19\/revisions\/170"}],"wp:attachment":[{"href":"https:\/\/www.ccsa.ufpb.br\/ppga\/wp-json\/wp\/v2\/media?parent=19"}],"curies":[{"name":"wp","href":"https:\/\/api.w.org\/{rel}","templated":true}]}}