{"id":201,"date":"2025-08-05T08:17:45","date_gmt":"2025-08-05T11:17:45","guid":{"rendered":"https:\/\/www.ccsa.ufpb.br\/ppga\/?page_id=201"},"modified":"2025-08-05T15:02:56","modified_gmt":"2025-08-05T18:02:56","slug":"novos-discentes","status":"publish","type":"page","link":"https:\/\/www.ccsa.ufpb.br\/ppga\/novos-discentes\/","title":{"rendered":"Novos discentes"},"content":{"rendered":"\n<p>A sele\u00e7\u00e3o de novos discentes do PPGA \u00e9 feita regulamente de forma anual, mediante edital. <\/p>\n\n\n\n<p>Neste ano de 2025, a sele\u00e7\u00e3o para ingresso em 2026 est\u00e1 com as publica\u00e7\u00f5es no site do Programa no SIGAA, em www.ufpb.br\/pos\/ppga. <\/p>\n","protected":false},"excerpt":{"rendered":"<p>A sele\u00e7\u00e3o de novos discentes do PPGA \u00e9 feita regulamente de forma anual, mediante edital. [&hellip;]<\/p>\n","protected":false},"author":47,"featured_media":0,"parent":0,"menu_order":0,"comment_status":"closed","ping_status":"closed","template":"","meta":{"footnotes":""},"class_list":["post-201","page","type-page","status-publish","hentry"],"_links":{"self":[{"href":"https:\/\/www.ccsa.ufpb.br\/ppga\/wp-json\/wp\/v2\/pages\/201","targetHints":{"allow":["GET"]}}],"collection":[{"href":"https:\/\/www.ccsa.ufpb.br\/ppga\/wp-json\/wp\/v2\/pages"}],"about":[{"href":"https:\/\/www.ccsa.ufpb.br\/ppga\/wp-json\/wp\/v2\/types\/page"}],"author":[{"embeddable":true,"href":"https:\/\/www.ccsa.ufpb.br\/ppga\/wp-json\/wp\/v2\/users\/47"}],"replies":[{"embeddable":true,"href":"https:\/\/www.ccsa.ufpb.br\/ppga\/wp-json\/wp\/v2\/comments?post=201"}],"version-history":[{"count":2,"href":"https:\/\/www.ccsa.ufpb.br\/ppga\/wp-json\/wp\/v2\/pages\/201\/revisions"}],"predecessor-version":[{"id":220,"href":"https:\/\/www.ccsa.ufpb.br\/ppga\/wp-json\/wp\/v2\/pages\/201\/revisions\/220"}],"wp:attachment":[{"href":"https:\/\/www.ccsa.ufpb.br\/ppga\/wp-json\/wp\/v2\/media?parent=201"}],"curies":[{"name":"wp","href":"https:\/\/api.w.org\/{rel}","templated":true}]}}