{"id":203,"date":"2025-08-05T08:18:00","date_gmt":"2025-08-05T11:18:00","guid":{"rendered":"https:\/\/www.ccsa.ufpb.br\/ppga\/?page_id=203"},"modified":"2025-08-06T10:26:50","modified_gmt":"2025-08-06T13:26:50","slug":"novos-docentes-2","status":"publish","type":"page","link":"https:\/\/www.ccsa.ufpb.br\/ppga\/novos-docentes-2\/","title":{"rendered":"Novos docentes"},"content":{"rendered":"\n<p>N\u00e3o h\u00e1 edital com vagas para novos docentes no momento.<br>O \u00faltimo foi de 2024. <\/p>\n","protected":false},"excerpt":{"rendered":"<p>N\u00e3o h\u00e1 edital com vagas para novos docentes no momento.O \u00faltimo foi de 2024.<\/p>\n","protected":false},"author":47,"featured_media":0,"parent":0,"menu_order":0,"comment_status":"closed","ping_status":"closed","template":"","meta":{"footnotes":""},"class_list":["post-203","page","type-page","status-publish","hentry"],"_links":{"self":[{"href":"https:\/\/www.ccsa.ufpb.br\/ppga\/wp-json\/wp\/v2\/pages\/203","targetHints":{"allow":["GET"]}}],"collection":[{"href":"https:\/\/www.ccsa.ufpb.br\/ppga\/wp-json\/wp\/v2\/pages"}],"about":[{"href":"https:\/\/www.ccsa.ufpb.br\/ppga\/wp-json\/wp\/v2\/types\/page"}],"author":[{"embeddable":true,"href":"https:\/\/www.ccsa.ufpb.br\/ppga\/wp-json\/wp\/v2\/users\/47"}],"replies":[{"embeddable":true,"href":"https:\/\/www.ccsa.ufpb.br\/ppga\/wp-json\/wp\/v2\/comments?post=203"}],"version-history":[{"count":2,"href":"https:\/\/www.ccsa.ufpb.br\/ppga\/wp-json\/wp\/v2\/pages\/203\/revisions"}],"predecessor-version":[{"id":223,"href":"https:\/\/www.ccsa.ufpb.br\/ppga\/wp-json\/wp\/v2\/pages\/203\/revisions\/223"}],"wp:attachment":[{"href":"https:\/\/www.ccsa.ufpb.br\/ppga\/wp-json\/wp\/v2\/media?parent=203"}],"curies":[{"name":"wp","href":"https:\/\/api.w.org\/{rel}","templated":true}]}}