{"id":238,"date":"2025-08-24T17:05:58","date_gmt":"2025-08-24T20:05:58","guid":{"rendered":"https:\/\/www.ccsa.ufpb.br\/ppga\/?page_id=238"},"modified":"2025-08-24T17:08:13","modified_gmt":"2025-08-24T20:08:13","slug":"peo-praticas-sociais-em-educacao-e-organizacoes","status":"publish","type":"page","link":"https:\/\/www.ccsa.ufpb.br\/ppga\/peo-praticas-sociais-em-educacao-e-organizacoes\/","title":{"rendered":"PEO &#8211; Pr\u00e1ticas Sociais em Educa\u00e7\u00e3o e Organiza\u00e7\u00f5es"},"content":{"rendered":"\n<p>L\u00edderes do grupo: Marcelo de Souza Bispo e N\u00edvea Marcela Marques Nascimento de Mac\u00eado<\/p>\n\n\n\n<p>Endere\u00e7o no diret\u00f3rio do grupos do CNPQ:\u00a0<a href=\"http:\/\/dgp.cnpq.br\/dgp\/espelhogrupo\/785633\" target=\"_blank\" rel=\"noreferrer noopener\">http:\/\/dgp.cnpq.br\/dgp\/espelhogrupo\/785633<\/a><\/p>\n\n\n\n<p>Descri\u00e7\u00e3o: O N\u00facleo de Pesquisa sobre Pr\u00e1ticas Sociais em Educa\u00e7\u00e3o e Organiza\u00e7\u00f5es (PEO)<br>tem como objetivo desenvolver conhecimento por meio de pesquisa cient\u00edfica e promover<br>atividades diversas sobre educa\u00e7\u00e3o e organiza\u00e7\u00f5es. A ideia focar em aspectos sociais por<br>meio das pr\u00e1ticas nos fen\u00f4menos referentes \u00e0 educa\u00e7\u00e3o e as organiza\u00e7\u00f5es. O PEO est\u00e1<br>organizado em duas linhas de pesquisa, uma orientada para as pr\u00e1ticas sociais relacionadas<br>\u00e0 educa\u00e7\u00e3o e outra orientada para pr\u00e1ticas sociais nas organiza\u00e7\u00f5es.<\/p>\n\n\n\n<p><\/p>\n","protected":false},"excerpt":{"rendered":"<p>L\u00edderes do grupo: Marcelo de Souza Bispo e N\u00edvea Marcela Marques Nascimento de Mac\u00eado Endere\u00e7o [&hellip;]<\/p>\n","protected":false},"author":47,"featured_media":0,"parent":0,"menu_order":0,"comment_status":"closed","ping_status":"closed","template":"","meta":{"footnotes":""},"class_list":["post-238","page","type-page","status-publish","hentry"],"_links":{"self":[{"href":"https:\/\/www.ccsa.ufpb.br\/ppga\/wp-json\/wp\/v2\/pages\/238","targetHints":{"allow":["GET"]}}],"collection":[{"href":"https:\/\/www.ccsa.ufpb.br\/ppga\/wp-json\/wp\/v2\/pages"}],"about":[{"href":"https:\/\/www.ccsa.ufpb.br\/ppga\/wp-json\/wp\/v2\/types\/page"}],"author":[{"embeddable":true,"href":"https:\/\/www.ccsa.ufpb.br\/ppga\/wp-json\/wp\/v2\/users\/47"}],"replies":[{"embeddable":true,"href":"https:\/\/www.ccsa.ufpb.br\/ppga\/wp-json\/wp\/v2\/comments?post=238"}],"version-history":[{"count":2,"href":"https:\/\/www.ccsa.ufpb.br\/ppga\/wp-json\/wp\/v2\/pages\/238\/revisions"}],"predecessor-version":[{"id":241,"href":"https:\/\/www.ccsa.ufpb.br\/ppga\/wp-json\/wp\/v2\/pages\/238\/revisions\/241"}],"wp:attachment":[{"href":"https:\/\/www.ccsa.ufpb.br\/ppga\/wp-json\/wp\/v2\/media?parent=238"}],"curies":[{"name":"wp","href":"https:\/\/api.w.org\/{rel}","templated":true}]}}