{"id":25,"date":"2025-07-12T15:37:03","date_gmt":"2025-07-12T18:37:03","guid":{"rendered":"https:\/\/www.ccsa.ufpb.br\/ppga\/?page_id=25"},"modified":"2025-07-12T15:37:03","modified_gmt":"2025-07-12T18:37:03","slug":"secretaria","status":"publish","type":"page","link":"https:\/\/www.ccsa.ufpb.br\/ppga\/secretaria\/","title":{"rendered":"Secretaria"},"content":{"rendered":"\n<p>A Secretaria do PPGA \u00e9 a unidade de apoio administrativo e acad\u00eamico e conta com a colabora\u00e7\u00e3o de dois servidores, Raphaela Lacerda e Samuel Rocha, que atendem de 7 horas da manh\u00e3 at\u00e9 19 horas da noite.<\/p>\n","protected":false},"excerpt":{"rendered":"<p>A Secretaria do PPGA \u00e9 a unidade de apoio administrativo e acad\u00eamico e conta com [&hellip;]<\/p>\n","protected":false},"author":47,"featured_media":0,"parent":0,"menu_order":0,"comment_status":"closed","ping_status":"closed","template":"","meta":{"footnotes":""},"class_list":["post-25","page","type-page","status-publish","hentry"],"_links":{"self":[{"href":"https:\/\/www.ccsa.ufpb.br\/ppga\/wp-json\/wp\/v2\/pages\/25","targetHints":{"allow":["GET"]}}],"collection":[{"href":"https:\/\/www.ccsa.ufpb.br\/ppga\/wp-json\/wp\/v2\/pages"}],"about":[{"href":"https:\/\/www.ccsa.ufpb.br\/ppga\/wp-json\/wp\/v2\/types\/page"}],"author":[{"embeddable":true,"href":"https:\/\/www.ccsa.ufpb.br\/ppga\/wp-json\/wp\/v2\/users\/47"}],"replies":[{"embeddable":true,"href":"https:\/\/www.ccsa.ufpb.br\/ppga\/wp-json\/wp\/v2\/comments?post=25"}],"version-history":[{"count":1,"href":"https:\/\/www.ccsa.ufpb.br\/ppga\/wp-json\/wp\/v2\/pages\/25\/revisions"}],"predecessor-version":[{"id":26,"href":"https:\/\/www.ccsa.ufpb.br\/ppga\/wp-json\/wp\/v2\/pages\/25\/revisions\/26"}],"wp:attachment":[{"href":"https:\/\/www.ccsa.ufpb.br\/ppga\/wp-json\/wp\/v2\/media?parent=25"}],"curies":[{"name":"wp","href":"https:\/\/api.w.org\/{rel}","templated":true}]}}