{"id":43,"date":"2025-07-12T21:02:44","date_gmt":"2025-07-13T00:02:44","guid":{"rendered":"https:\/\/www.ccsa.ufpb.br\/ppga\/?page_id=43"},"modified":"2025-08-09T18:32:04","modified_gmt":"2025-08-09T21:32:04","slug":"consumo-inovacao-e-marketing-gpcima","status":"publish","type":"page","link":"https:\/\/www.ccsa.ufpb.br\/ppga\/consumo-inovacao-e-marketing-gpcima\/","title":{"rendered":"GPCima &#8211; Consumo, Inova\u00e7\u00e3o e Marketing\u00a0"},"content":{"rendered":"\n<p><strong>L\u00edderes do grupo:\u00a0<\/strong>Nelsio Rodrigues de Abreu; Bruna Lourena de Lima Dantas (UFPE)<\/p>\n\n\n\n<p><strong>Endere\u00e7o no diret\u00f3rio do grupos do CNPQ:&nbsp;<\/strong>http:\/\/dgp.cnpq.br\/dgp\/espelhogrupo\/2835307132055949<\/p>\n\n\n\n<p><strong>Descri\u00e7\u00e3o:<\/strong> O grupo visa desenvolver pesquisas nas \u00e1reas de Consumo, Inova\u00e7\u00e3o e Marketing e Sociedade. Assim, tem o objetivo de realizar pesquisas que contemplem temas atuais como Intelig\u00eancia Artificial e L\u00f3gica Dominante do Servi\u00e7o, buscando compreender os anseios dos consumidores muitas vezes exclu\u00eddos, a exemplo de minorias e pessoas com defici\u00eancia, e tamb\u00e9m os aspectos eudaim\u00f4nicos do bem-estar dos consumidores. *TEMAS CENTRAIS DE ESTUDO*: Vulnerabilidade do Consumidor; Consumo e Bem-Estar Pessoal (Eudaimonic Well-being); Transformative Consumer Research (TCR); L\u00f3gica Dominante do Servi\u00e7o (LDS); Cocria\u00e7\u00e3o e Codestrui\u00e7\u00e3o de Valor; Transformative Service Research (TSR); Cultura de Consumo; Cultura de Consumo Digital e Sistemas de Marketing; Inova\u00e7\u00e3o Social; Economia Compartilhada; Intelig\u00eancia Artificial (IA); Consumo Sustent\u00e1vel; Marketing e Desenvolvimento Sustent\u00e1vel; Economia Circular; Teorias de Ado\u00e7\u00e3o e Aceita\u00e7\u00e3o de Tecnologias (TAM, UTAUT, etc.); e Neuromarketing. INSTAGRAM: @gpcima<\/p>\n\n\n\n<p><a href=\"http:\/\/plone.ufpb.br\/ppga\/contents\/menu\/o-ppga\/pesquisa\/consumo-e-cibercultura-gpciber#wrapper\">Voltar para o topo<\/a><\/p>\n","protected":false},"excerpt":{"rendered":"<p>L\u00edderes do grupo:\u00a0Nelsio Rodrigues de Abreu; Bruna Lourena de Lima Dantas (UFPE) Endere\u00e7o no diret\u00f3rio [&hellip;]<\/p>\n","protected":false},"author":47,"featured_media":0,"parent":0,"menu_order":0,"comment_status":"closed","ping_status":"closed","template":"","meta":{"footnotes":""},"class_list":["post-43","page","type-page","status-publish","hentry"],"_links":{"self":[{"href":"https:\/\/www.ccsa.ufpb.br\/ppga\/wp-json\/wp\/v2\/pages\/43","targetHints":{"allow":["GET"]}}],"collection":[{"href":"https:\/\/www.ccsa.ufpb.br\/ppga\/wp-json\/wp\/v2\/pages"}],"about":[{"href":"https:\/\/www.ccsa.ufpb.br\/ppga\/wp-json\/wp\/v2\/types\/page"}],"author":[{"embeddable":true,"href":"https:\/\/www.ccsa.ufpb.br\/ppga\/wp-json\/wp\/v2\/users\/47"}],"replies":[{"embeddable":true,"href":"https:\/\/www.ccsa.ufpb.br\/ppga\/wp-json\/wp\/v2\/comments?post=43"}],"version-history":[{"count":3,"href":"https:\/\/www.ccsa.ufpb.br\/ppga\/wp-json\/wp\/v2\/pages\/43\/revisions"}],"predecessor-version":[{"id":173,"href":"https:\/\/www.ccsa.ufpb.br\/ppga\/wp-json\/wp\/v2\/pages\/43\/revisions\/173"}],"wp:attachment":[{"href":"https:\/\/www.ccsa.ufpb.br\/ppga\/wp-json\/wp\/v2\/media?parent=43"}],"curies":[{"name":"wp","href":"https:\/\/api.w.org\/{rel}","templated":true}]}}