{"id":45,"date":"2025-07-12T21:03:03","date_gmt":"2025-07-13T00:03:03","guid":{"rendered":"https:\/\/www.ccsa.ufpb.br\/ppga\/?page_id=45"},"modified":"2025-07-12T21:03:12","modified_gmt":"2025-07-13T00:03:12","slug":"gfic-grupo-de-pesquisa-em-financas-e-contabilidade","status":"publish","type":"page","link":"https:\/\/www.ccsa.ufpb.br\/ppga\/gfic-grupo-de-pesquisa-em-financas-e-contabilidade\/","title":{"rendered":"GFIC &#8211; Grupo de Pesquisa em Finan\u00e7as e Contabilidade"},"content":{"rendered":"\n<p><strong>L\u00edderes do grupo<\/strong>: Marcio Andre Veras Machado;&nbsp;M\u00e1rcia Reis Machado<\/p>\n\n\n\n<p><strong>Endere\u00e7o no diret\u00f3rio de grupos do CNPQ<\/strong>: http:\/\/dgp.cnpq.br\/dgp\/espelhogrupo\/9700433515489224<\/p>\n\n\n\n<p><strong>Descri\u00e7\u00e3o:<\/strong>&nbsp;Este grupo de pesquisa tem por objetivo desenvolver estudos emp\u00edricos e\/ou te\u00f3ricos nas \u00e1reas de mercado de capitais, finan\u00e7as corporativas e contabilidade para usu\u00e1rios externos e difundi-los \u00e0 comunidade acad\u00eamica e empresarial. Na \u00e1rea de mercado de capitais, os temas priorit\u00e1rios s\u00e3o: sele\u00e7\u00e3o de portf\u00f3lios, modelos de precifica\u00e7\u00e3o de ativos, volatilidade, liquidez, efici\u00eancia de mercado e finan\u00e7as comportamentais. Na \u00e1rea de finan\u00e7as corporativas, os temas priorit\u00e1rios s\u00e3o: custo e estrutura de capital, capital de giro, decis\u00f5es de financiamento e investimento, an\u00e1lise de investimentos, valuation e teoria das op\u00e7\u00f5es reais. Na \u00e1rea de contabilidade para usu\u00e1rios externos, os temas priorit\u00e1rios s\u00e3o: responsabilidade Social corporativa, disclosure, value relevance e balan\u00e7o social.<\/p>\n","protected":false},"excerpt":{"rendered":"<p>L\u00edderes do grupo: Marcio Andre Veras Machado;&nbsp;M\u00e1rcia Reis Machado Endere\u00e7o no diret\u00f3rio de grupos do [&hellip;]<\/p>\n","protected":false},"author":47,"featured_media":0,"parent":0,"menu_order":0,"comment_status":"closed","ping_status":"closed","template":"","meta":{"footnotes":""},"class_list":["post-45","page","type-page","status-publish","hentry"],"_links":{"self":[{"href":"https:\/\/www.ccsa.ufpb.br\/ppga\/wp-json\/wp\/v2\/pages\/45","targetHints":{"allow":["GET"]}}],"collection":[{"href":"https:\/\/www.ccsa.ufpb.br\/ppga\/wp-json\/wp\/v2\/pages"}],"about":[{"href":"https:\/\/www.ccsa.ufpb.br\/ppga\/wp-json\/wp\/v2\/types\/page"}],"author":[{"embeddable":true,"href":"https:\/\/www.ccsa.ufpb.br\/ppga\/wp-json\/wp\/v2\/users\/47"}],"replies":[{"embeddable":true,"href":"https:\/\/www.ccsa.ufpb.br\/ppga\/wp-json\/wp\/v2\/comments?post=45"}],"version-history":[{"count":2,"href":"https:\/\/www.ccsa.ufpb.br\/ppga\/wp-json\/wp\/v2\/pages\/45\/revisions"}],"predecessor-version":[{"id":47,"href":"https:\/\/www.ccsa.ufpb.br\/ppga\/wp-json\/wp\/v2\/pages\/45\/revisions\/47"}],"wp:attachment":[{"href":"https:\/\/www.ccsa.ufpb.br\/ppga\/wp-json\/wp\/v2\/media?parent=45"}],"curies":[{"name":"wp","href":"https:\/\/api.w.org\/{rel}","templated":true}]}}