{"id":51,"date":"2025-07-12T21:04:38","date_gmt":"2025-07-13T00:04:38","guid":{"rendered":"https:\/\/www.ccsa.ufpb.br\/ppga\/?page_id=51"},"modified":"2025-07-12T21:04:38","modified_gmt":"2025-07-13T00:04:38","slug":"nac-nucleo-de-estudos-em-aprendizagem-e-conhecimento","status":"publish","type":"page","link":"https:\/\/www.ccsa.ufpb.br\/ppga\/nac-nucleo-de-estudos-em-aprendizagem-e-conhecimento\/","title":{"rendered":"NAC &#8211; N\u00facleo de Estudos em Aprendizagem e Conhecimento"},"content":{"rendered":"\n<p><strong>L\u00edderes do grupo:&nbsp;<\/strong>Anielson Barbosa da Silva;&nbsp;Marcelo de Souza Bispo<\/p>\n\n\n\n<p><strong>Endere\u00e7o no diret\u00f3rio do grupos do CNPQ:&nbsp;<\/strong>http:\/\/dgp.cnpq.br\/dgp\/espelhogrupo\/9822844178560341<\/p>\n\n\n\n<p><strong>Descri\u00e7\u00e3o:&nbsp;<\/strong>O N\u00facleo de estudos em Aprendizagem e Conhecimento (NAC), tem como objetivo fortalecer a intera\u00e7\u00e3o entre pesquisadores vinculados ao Programa de P\u00f3s-Gradua\u00e7\u00e3o em Administra\u00e7\u00e3o (PPGA), o Programa de P\u00f3s-Gradua\u00e7\u00e3o em Gest\u00e3o P\u00fablica e Coopera\u00e7\u00e3o Internacional (PGPCI) e pesquisadores de outros programas de P\u00f3s-Gradua\u00e7\u00e3o do Brasil e institui\u00e7\u00f5es estrangeiras. A proposta envolve o desenvolvimento de uma agenda de pesquisa para direcionar estudos em n\u00edvel de gradua\u00e7\u00e3o e p\u00f3s-gradua\u00e7\u00e3o nas linhas que integram o grupo, para a produ\u00e7\u00e3o e difus\u00e3o do conhecimento envolvendo a educa\u00e7\u00e3o em administra\u00e7\u00e3o, aprendizagem e compet\u00eancias, estrat\u00e9gia e inova\u00e7\u00e3o, processos de comportamento e conhecimentos organizacionais.<\/p>\n","protected":false},"excerpt":{"rendered":"<p>L\u00edderes do grupo:&nbsp;Anielson Barbosa da Silva;&nbsp;Marcelo de Souza Bispo Endere\u00e7o no diret\u00f3rio do grupos do [&hellip;]<\/p>\n","protected":false},"author":47,"featured_media":0,"parent":0,"menu_order":0,"comment_status":"closed","ping_status":"closed","template":"","meta":{"footnotes":""},"class_list":["post-51","page","type-page","status-publish","hentry"],"_links":{"self":[{"href":"https:\/\/www.ccsa.ufpb.br\/ppga\/wp-json\/wp\/v2\/pages\/51","targetHints":{"allow":["GET"]}}],"collection":[{"href":"https:\/\/www.ccsa.ufpb.br\/ppga\/wp-json\/wp\/v2\/pages"}],"about":[{"href":"https:\/\/www.ccsa.ufpb.br\/ppga\/wp-json\/wp\/v2\/types\/page"}],"author":[{"embeddable":true,"href":"https:\/\/www.ccsa.ufpb.br\/ppga\/wp-json\/wp\/v2\/users\/47"}],"replies":[{"embeddable":true,"href":"https:\/\/www.ccsa.ufpb.br\/ppga\/wp-json\/wp\/v2\/comments?post=51"}],"version-history":[{"count":1,"href":"https:\/\/www.ccsa.ufpb.br\/ppga\/wp-json\/wp\/v2\/pages\/51\/revisions"}],"predecessor-version":[{"id":52,"href":"https:\/\/www.ccsa.ufpb.br\/ppga\/wp-json\/wp\/v2\/pages\/51\/revisions\/52"}],"wp:attachment":[{"href":"https:\/\/www.ccsa.ufpb.br\/ppga\/wp-json\/wp\/v2\/media?parent=51"}],"curies":[{"name":"wp","href":"https:\/\/api.w.org\/{rel}","templated":true}]}}