{"id":55,"date":"2025-07-12T21:05:26","date_gmt":"2025-07-13T00:05:26","guid":{"rendered":"https:\/\/www.ccsa.ufpb.br\/ppga\/?page_id=55"},"modified":"2025-07-12T21:05:26","modified_gmt":"2025-07-13T00:05:26","slug":"gtis-tecnologia-da-informacao-e-sociedade","status":"publish","type":"page","link":"https:\/\/www.ccsa.ufpb.br\/ppga\/gtis-tecnologia-da-informacao-e-sociedade\/","title":{"rendered":"GTIS &#8211; Tecnologia da Informa\u00e7\u00e3o e Sociedade"},"content":{"rendered":"\n<p><strong>L\u00edderes do grupo:&nbsp;<\/strong>Carlo Gabriel Porto Bellini;&nbsp;Rony Rodrigues Correia<\/p>\n\n\n\n<p><strong>Endere\u00e7o no diret\u00f3rio do grupos do CNPQ:&nbsp;<\/strong>http:\/\/dgp.cnpq.br\/dgp\/espelhogrupo\/3839236047564112<\/p>\n\n\n\n<p><strong>Descri\u00e7\u00e3o:&nbsp;<\/strong>Este grupo se orienta pela busca de solu\u00e7\u00f5es em n\u00edvel de tecnologias de informa\u00e7\u00e3o e comunica\u00e7\u00e3o (TICs) para problemas de ordem individual e social, sobretudo em termos de disponibiliza\u00e7\u00e3o e educa\u00e7\u00e3o tecnol\u00f3gica para promover conscientiza\u00e7\u00e3o individual, aten\u00e7\u00e3o familiar, empoderamento comunit\u00e1rio, efici\u00eancia organizacional, a\u00e7\u00e3o p\u00fablica e desenvolvimento regional.<\/p>\n","protected":false},"excerpt":{"rendered":"<p>L\u00edderes do grupo:&nbsp;Carlo Gabriel Porto Bellini;&nbsp;Rony Rodrigues Correia Endere\u00e7o no diret\u00f3rio do grupos do CNPQ:&nbsp;http:\/\/dgp.cnpq.br\/dgp\/espelhogrupo\/3839236047564112 [&hellip;]<\/p>\n","protected":false},"author":47,"featured_media":0,"parent":0,"menu_order":0,"comment_status":"closed","ping_status":"closed","template":"","meta":{"footnotes":""},"class_list":["post-55","page","type-page","status-publish","hentry"],"_links":{"self":[{"href":"https:\/\/www.ccsa.ufpb.br\/ppga\/wp-json\/wp\/v2\/pages\/55","targetHints":{"allow":["GET"]}}],"collection":[{"href":"https:\/\/www.ccsa.ufpb.br\/ppga\/wp-json\/wp\/v2\/pages"}],"about":[{"href":"https:\/\/www.ccsa.ufpb.br\/ppga\/wp-json\/wp\/v2\/types\/page"}],"author":[{"embeddable":true,"href":"https:\/\/www.ccsa.ufpb.br\/ppga\/wp-json\/wp\/v2\/users\/47"}],"replies":[{"embeddable":true,"href":"https:\/\/www.ccsa.ufpb.br\/ppga\/wp-json\/wp\/v2\/comments?post=55"}],"version-history":[{"count":1,"href":"https:\/\/www.ccsa.ufpb.br\/ppga\/wp-json\/wp\/v2\/pages\/55\/revisions"}],"predecessor-version":[{"id":56,"href":"https:\/\/www.ccsa.ufpb.br\/ppga\/wp-json\/wp\/v2\/pages\/55\/revisions\/56"}],"wp:attachment":[{"href":"https:\/\/www.ccsa.ufpb.br\/ppga\/wp-json\/wp\/v2\/media?parent=55"}],"curies":[{"name":"wp","href":"https:\/\/api.w.org\/{rel}","templated":true}]}}