{"id":57,"date":"2025-07-12T21:05:54","date_gmt":"2025-07-13T00:05:54","guid":{"rendered":"https:\/\/www.ccsa.ufpb.br\/ppga\/?page_id=57"},"modified":"2025-07-12T21:05:54","modified_gmt":"2025-07-13T00:05:54","slug":"odin-observatorio-de-dados-institucionais","status":"publish","type":"page","link":"https:\/\/www.ccsa.ufpb.br\/ppga\/odin-observatorio-de-dados-institucionais\/","title":{"rendered":"ODIN &#8211; Observat\u00f3rio de Dados Institucionais"},"content":{"rendered":"\n<p><strong>L\u00edderes do grupo:&nbsp;<\/strong>Pedro J\u00e1come de Moura Junior;&nbsp;Francisco Jos\u00e9 da Costa<\/p>\n\n\n\n<p><strong>Endere\u00e7o no diret\u00f3rio do grupos do CNPQ:&nbsp;<\/strong>http:\/\/dgp.cnpq.br\/dgp\/espelhogrupo\/1055441485750290<\/p>\n\n\n\n<p><strong>Descri\u00e7\u00e3o:&nbsp;<\/strong>Resultados esperados &#8211; Contribui\u00e7\u00e3o para o processo de an\u00e1lise de dados institucionais de institui\u00e7\u00f5es envolvidas e de outras institui\u00e7\u00f5es que vierem a se apropriar do conhecimento ou das metodologias desenvolvidas pelo grupo. &#8211; Aperfei\u00e7oamento da forma\u00e7\u00e3o dos integrantes assistentes de pesquisa, especialmente alunos, em n\u00edvel de doutorado, mestrado e gradua\u00e7\u00e3o &#8211; Prepara\u00e7\u00e3o de futuros estudantes de p\u00f3s-gradua\u00e7\u00e3o e pesquisadores &#8211; Publica\u00e7\u00e3o de artigos em peri\u00f3dicos e eventos nacionais e internacionais de relev\u00e2ncia para a \u00e1rea &#8211; Transfer\u00eancia de conhecimentos do Observat\u00f3rio para comunidades de pr\u00e1tica &#8211; Presta\u00e7\u00e3o de servi\u00e7os especializados em an\u00e1lise de dados.<\/p>\n","protected":false},"excerpt":{"rendered":"<p>L\u00edderes do grupo:&nbsp;Pedro J\u00e1come de Moura Junior;&nbsp;Francisco Jos\u00e9 da Costa Endere\u00e7o no diret\u00f3rio do grupos [&hellip;]<\/p>\n","protected":false},"author":47,"featured_media":0,"parent":0,"menu_order":0,"comment_status":"closed","ping_status":"closed","template":"","meta":{"footnotes":""},"class_list":["post-57","page","type-page","status-publish","hentry"],"_links":{"self":[{"href":"https:\/\/www.ccsa.ufpb.br\/ppga\/wp-json\/wp\/v2\/pages\/57","targetHints":{"allow":["GET"]}}],"collection":[{"href":"https:\/\/www.ccsa.ufpb.br\/ppga\/wp-json\/wp\/v2\/pages"}],"about":[{"href":"https:\/\/www.ccsa.ufpb.br\/ppga\/wp-json\/wp\/v2\/types\/page"}],"author":[{"embeddable":true,"href":"https:\/\/www.ccsa.ufpb.br\/ppga\/wp-json\/wp\/v2\/users\/47"}],"replies":[{"embeddable":true,"href":"https:\/\/www.ccsa.ufpb.br\/ppga\/wp-json\/wp\/v2\/comments?post=57"}],"version-history":[{"count":1,"href":"https:\/\/www.ccsa.ufpb.br\/ppga\/wp-json\/wp\/v2\/pages\/57\/revisions"}],"predecessor-version":[{"id":58,"href":"https:\/\/www.ccsa.ufpb.br\/ppga\/wp-json\/wp\/v2\/pages\/57\/revisions\/58"}],"wp:attachment":[{"href":"https:\/\/www.ccsa.ufpb.br\/ppga\/wp-json\/wp\/v2\/media?parent=57"}],"curies":[{"name":"wp","href":"https:\/\/api.w.org\/{rel}","templated":true}]}}