{"id":73,"date":"2025-07-12T21:11:30","date_gmt":"2025-07-13T00:11:30","guid":{"rendered":"https:\/\/www.ccsa.ufpb.br\/ppga\/?page_id=73"},"modified":"2026-04-05T18:05:02","modified_gmt":"2026-04-05T21:05:02","slug":"disciplinas-obrigatorias","status":"publish","type":"page","link":"https:\/\/www.ccsa.ufpb.br\/ppga\/disciplinas-obrigatorias\/","title":{"rendered":"Disciplinas obrigat\u00f3rias"},"content":{"rendered":"\n<p>A seguir apresentamos o detalhamento das disciplinas obrigat\u00f3rias do mestrado e do doutorado referente \u00e0 resolu\u00e7\u00e3o n\u00ba 05\/2024.<\/p>\n\n\n\n<p>Para cada disciplina \u00e9 apresentado o seu nome juntamente com a \u00e1rea de forma\u00e7\u00e3o (geral ou linha de investiga\u00e7\u00e3o), o n\u00edvel a que se destina (mestrado ou doutoramento), bem como o carregamento do tempo.<\/p>\n\n\n\n<figure class=\"wp-block-table\"><table class=\"has-fixed-layout\"><tbody><tr><td colspan=\"2\"><strong>Organiza\u00e7\u00f5es, <\/strong><strong>Mercado e<\/strong><strong>&nbsp;Sociedade<\/strong><\/td><\/tr><tr><td><strong>Esfera<\/strong>:&nbsp;Forma\u00e7\u00e3o&nbsp;geral&nbsp;obrigat\u00f3ria<\/td><td><strong>Natureza<\/strong>:&nbsp;Disciplina&nbsp;obrigat\u00f3ria<\/td><\/tr><tr><td><strong>Carga-hor\u00e1ria<\/strong>:&nbsp;60&nbsp;horas&nbsp;(4&nbsp;cr\u00e9ditos)<\/td><td><strong>Curso<\/strong>: CMA e&nbsp;CDA<\/td><\/tr><tr><td colspan=\"2\"><strong>Ementa<\/strong>: <br>Teoriza\u00e7\u00e3o sobre organiza\u00e7\u00f5es. Tradi\u00e7\u00f5es de pesquisa em organiza\u00e7\u00f5es. Mercado: vis\u00f5es econ\u00f4mica, pol\u00edtica e sociol\u00f3gica. Sociedade: Estado, mercado e sociedade civil. Perspectivas cl\u00e1ssicas e contempor\u00e2neas da rela\u00e7\u00e3o entre organiza\u00e7\u00f5es, mercado e sociedade. Temas e estudos avan\u00e7ados em organiza\u00e7\u00f5es, mercado e sociedade.<\/td><\/tr><\/tbody><\/table><\/figure>\n\n\n\n<figure class=\"wp-block-table\"><table class=\"has-fixed-layout\"><tbody><tr><td colspan=\"2\"><strong>Pesquisa <\/strong><strong>em&nbsp;<\/strong><strong>Administra\u00e7\u00e3o<\/strong><\/td><\/tr><tr><td><strong>Esfera<\/strong>:&nbsp;Forma\u00e7\u00e3o&nbsp;geral&nbsp;obrigat\u00f3ria<\/td><td><strong>Natureza<\/strong>:&nbsp;Disciplina&nbsp;obrigat\u00f3ria<\/td><\/tr><tr><td><strong>Carga-hor\u00e1ria<\/strong>:&nbsp;60&nbsp;horas&nbsp;(4&nbsp;cr\u00e9ditos)<\/td><td><strong>Curso<\/strong>:&nbsp;CMA<\/td><\/tr><tr><td colspan=\"2\"><strong>Ementa<\/strong>: <br>Introdu\u00e7\u00e3o&nbsp;\u00e0&nbsp;ci\u00eancia. Agenda&nbsp;contempor\u00e2nea&nbsp;da&nbsp;pesquisa&nbsp;em&nbsp;Administra\u00e7\u00e3o no&nbsp;Brasil&nbsp;e&nbsp;no&nbsp;exterior.&nbsp;No\u00e7\u00f5es epistemol\u00f3gicas da pesquisa em Administra\u00e7\u00e3o. Teoria. M\u00e9todo. T\u00e9cnicas de revis\u00e3o de literatura. Fundamentos da pesquisa quantitativa. Fundamentos da pesquisa qualitativa. Teoria e pr\u00e1tica da \u00e9tica na pesquisa.<\/td><\/tr><\/tbody><\/table><\/figure>\n\n\n\n<figure class=\"wp-block-table\"><table class=\"has-fixed-layout\"><tbody><tr><td colspan=\"2\"><strong>Epistemologia <\/strong><strong>em <\/strong><strong>Administra\u00e7\u00e3o<\/strong><\/td><\/tr><tr><td><strong>Esfera<\/strong>:&nbsp;Forma\u00e7\u00e3o&nbsp;geral&nbsp;obrigat\u00f3ria<\/td><td><strong>Natureza<\/strong>:&nbsp;Disciplina&nbsp;obrigat\u00f3ria<\/td><\/tr><tr><td><strong>Carga-hor\u00e1ria<\/strong>:&nbsp;60&nbsp;horas&nbsp;(4&nbsp;cr\u00e9ditos)<\/td><td><strong>Curso<\/strong>:&nbsp;CDA<\/td><\/tr><tr><td colspan=\"2\"><strong>Ementa<\/strong>:<br>Filosofia&nbsp;das&nbsp;Ci\u00eancias&nbsp;Sociais.&nbsp;Aspectos&nbsp;ontol\u00f3gicos,&nbsp;epistemol\u00f3gicos&nbsp;e&nbsp;metodol\u00f3gicos&nbsp;da&nbsp;pesquisa te\u00f3rica e aplicada \u00e0 Administra\u00e7\u00e3o. Abordagens\/Dimens\u00f5es epistemol\u00f3gicas nas Ci\u00eancias Humanas e Sociais. Revolu\u00e7\u00f5es cient\u00edficas e implica\u00e7\u00f5es para a Administra\u00e7\u00e3o. Condi\u00e7\u00f5es elementares&nbsp;de&nbsp;constru\u00e7\u00e3o&nbsp;do&nbsp;conhecimento&nbsp;numa&nbsp;Ci\u00eancia&nbsp;Social&nbsp;Aplicada&nbsp;como&nbsp;a&nbsp;Administra\u00e7\u00e3o. Cientificidade da Administra\u00e7\u00e3o enquanto campo de conhecimento. Natureza e efetividade da pesquisa em Administra\u00e7\u00e3o. Discuss\u00f5es contempor\u00e2neas da epistemologia.<\/td><\/tr><\/tbody><\/table><\/figure>\n\n\n\n<figure class=\"wp-block-table\"><table class=\"has-fixed-layout\"><tbody><tr><td colspan=\"2\"><strong>M\u00e9todos <\/strong><strong>Qualitativos <\/strong><strong>em <\/strong><strong>Administra\u00e7\u00e3o <\/strong><strong>I<\/strong><\/td><\/tr><tr><td><strong>Esfera<\/strong>:&nbsp;Forma\u00e7\u00e3o&nbsp;geral&nbsp;obrigat\u00f3ria<\/td><td><strong>Natureza<\/strong>:&nbsp;Disciplina&nbsp;obrigat\u00f3ria<\/td><\/tr><tr><td><strong>Carga-hor\u00e1ria<\/strong>:&nbsp;60&nbsp;horas&nbsp;(4&nbsp;cr\u00e9ditos)<\/td><td><strong>Curso<\/strong>: CMA e&nbsp;CDA<\/td><\/tr><tr><td colspan=\"2\"><strong>Ementa<\/strong>:&nbsp;<br>Fundamentos da pesquisa qualitativa. T\u00e9cnicas de entrevistas. T\u00e9cnicas de observa\u00e7\u00e3o. Manuseio de documentos e arquivos. T\u00e9cnicas de an\u00e1lise e interpreta\u00e7\u00e3o de dados qualitativos.<\/td><\/tr><\/tbody><\/table><\/figure>\n\n\n\n<figure class=\"wp-block-table\"><table class=\"has-fixed-layout\"><tbody><tr><td colspan=\"2\"><strong>M\u00e9todos <\/strong><strong>Qualitativos <\/strong><strong>em<\/strong> <strong>Administra\u00e7\u00e3o<\/strong> <strong>II<\/strong><\/td><\/tr><tr><td><strong>Esfera<\/strong>:&nbsp;Forma\u00e7\u00e3o&nbsp;geral&nbsp;obrigat\u00f3ria<\/td><td><strong>Natureza<\/strong>:&nbsp;Disciplina&nbsp;obrigat\u00f3ria<\/td><\/tr><tr><td><strong>Carga-hor\u00e1ria<\/strong>:&nbsp;60&nbsp;horas&nbsp;(4&nbsp;cr\u00e9ditos)<\/td><td><strong>Curso<\/strong>: CMA e&nbsp;CDA<\/td><\/tr><tr><td colspan=\"2\"><strong>Ementa<\/strong>:<br>Planejamento&nbsp;da&nbsp;Pesquisa&nbsp;Qualitativa.&nbsp;M\u00e9todos&nbsp;qualitativos&nbsp;cl\u00e1ssicos.&nbsp;M\u00e9todos&nbsp;qualitativos&nbsp;contempor\u00e2neos. An\u00e1lise e interpreta\u00e7\u00e3o avan\u00e7ada de dados qualitativos.<\/td><\/tr><\/tbody><\/table><\/figure>\n\n\n\n<figure class=\"wp-block-table\"><table class=\"has-fixed-layout\"><tbody><tr><td colspan=\"2\"><strong>M\u00e9todos <\/strong><strong>Quantitativos <\/strong><strong>em <\/strong><strong>Administra\u00e7\u00e3o <\/strong><strong>I<\/strong><\/td><\/tr><tr><td><strong>Esfera<\/strong>:&nbsp;Forma\u00e7\u00e3o&nbsp;geral&nbsp;obrigat\u00f3ria<\/td><td><strong>Natureza<\/strong>:&nbsp;Disciplina&nbsp;obrigat\u00f3ria<\/td><\/tr><tr><td><strong>Carga-hor\u00e1ria<\/strong>:&nbsp;60&nbsp;horas&nbsp;(4&nbsp;cr\u00e9ditos)<\/td><td><strong>Curso<\/strong>:&nbsp;CDA<\/td><\/tr><tr><td colspan=\"2\"><strong>Ementa<\/strong>: <br>Fundamentos da an\u00e1lise quantitativa de dados (conceitos centrais, an\u00e1lise explorat\u00f3ria de dados,&nbsp;<em>software<\/em>sestat\u00edsticos).Fundamentos&nbsp;da&nbsp;Teoria&nbsp;das&nbsp;Probabilidades&nbsp;(defini\u00e7\u00f5es,&nbsp;vari\u00e1veis&nbsp;aleat\u00f3rias, distribui\u00e7\u00f5es cont\u00ednuas e discretas). Amostragem e distribui\u00e7\u00f5es amostrais. Fundamentos da Infer\u00eancia Estat\u00edstica (estima\u00e7\u00e3o e testes de hip\u00f3teses). Principais testes estat\u00edsticos (param\u00e9tricos e n\u00e3o param\u00e9tricos). Introdu\u00e7\u00e3o \u00e0 modelagem e aos modelos lineares. An\u00e1lise de t\u00e9cnicas e tend\u00eancias contempor\u00e2neas (estima\u00e7\u00e3o computacional, m\u00e9todos robustos e&nbsp;m\u00e9todos de&nbsp;<em>Statistical&nbsp;learning<\/em>).<\/td><\/tr><\/tbody><\/table><\/figure>\n\n\n\n<figure class=\"wp-block-table\"><table class=\"has-fixed-layout\"><tbody><tr><td colspan=\"2\"><strong>M\u00e9todos <\/strong><strong>Quantitativos <\/strong><strong>em <\/strong><strong>Administra\u00e7\u00e3o <\/strong><strong>II<\/strong><\/td><\/tr><tr><td><strong>Esfera<\/strong>:&nbsp;Forma\u00e7\u00e3o&nbsp;geral&nbsp;obrigat\u00f3ria<\/td><td><strong>Natureza<\/strong>:&nbsp;Disciplina&nbsp;obrigat\u00f3ria<\/td><\/tr><tr><td><strong>Carga-hor\u00e1ria<\/strong>:&nbsp;60&nbsp;horas&nbsp;(4&nbsp;cr\u00e9ditos)<\/td><td><strong>Curso<\/strong>:&nbsp;CDA<\/td><\/tr><tr><td colspan=\"2\"><strong>Ementa<\/strong>:<br>Principais ferramentas e pr\u00e1ticas de m\u00e9todos quantitativos. Fundamentos te\u00f3ricos para an\u00e1lise avan\u00e7ada (introdu\u00e7\u00e3o \u00e0 \u00e1lgebra matricial e distribui\u00e7\u00e3o normal multivariada). Introdu\u00e7\u00e3o aos m\u00e9todos multivariados de&nbsp;aprendizagem supervisionada&nbsp;(modelos param\u00e9tricos e&nbsp;computacionais de predi\u00e7\u00e3o e classifica\u00e7\u00e3o). Introdu\u00e7\u00e3o aos m\u00e9todos multivariados de aprendizagem n\u00e3o supervisionada (an\u00e1lise de componentes principais, an\u00e1lise fatorial e an\u00e1lise de agrupamentos). M\u00e9todos para an\u00e1lise de experimentos (an\u00e1lise de vari\u00e2ncia param\u00e9trica, n\u00e3o param\u00e9trica e computacional, an\u00e1lise de vari\u00e2ncia multivariada). An\u00e1lise de m\u00e9todos e t\u00e9cnicas atuais e em tend\u00eancias de uso em pesquisa em Administra\u00e7\u00e3o.<\/td><\/tr><\/tbody><\/table><\/figure>\n\n\n\n<figure class=\"wp-block-table\"><table class=\"has-fixed-layout\"><tbody><tr><td colspan=\"2\"><strong>Semin\u00e1rio de&nbsp;<\/strong><strong>Disserta\u00e7\u00e3o<\/strong><\/td><\/tr><tr><td><strong>Esfera<\/strong>:&nbsp;Forma\u00e7\u00e3o&nbsp;geral&nbsp;obrigat\u00f3ria<\/td><td><strong>Natureza<\/strong>:&nbsp;Disciplina&nbsp;obrigat\u00f3ria<\/td><\/tr><tr><td><strong>Carga-hor\u00e1ria<\/strong>:&nbsp;15&nbsp;horas&nbsp;(1&nbsp;cr\u00e9dito)<\/td><td><strong>Curso<\/strong>:&nbsp;CMA<\/td><\/tr><tr><td colspan=\"2\"><strong>Ementa<\/strong>: A&nbsp;pesquisa&nbsp;na&nbsp;forma\u00e7\u00e3o&nbsp;das&nbsp;compet\u00eancias&nbsp;do&nbsp;mestre&nbsp;em&nbsp;Administra\u00e7\u00e3o.&nbsp;A&nbsp;disserta\u00e7\u00e3o&nbsp;de&nbsp;mestrado: conceito, caracter\u00edsticas, fun\u00e7\u00f5es e procedimentos. Processo geral de pesquisa e constru\u00e7\u00e3o do&nbsp;projeto.<\/td><\/tr><\/tbody><\/table><\/figure>\n\n\n\n<figure class=\"wp-block-table\"><table class=\"has-fixed-layout\"><tbody><tr><td colspan=\"2\"><strong>Semin\u00e1rio de Pr\u00e1tica de Pesquisa I<\/strong><\/td><\/tr><tr><td><strong>Esfera<\/strong>:&nbsp;Forma\u00e7\u00e3o&nbsp;geral&nbsp;obrigat\u00f3ria<\/td><td><strong>Natureza<\/strong>:&nbsp;Disciplina&nbsp;obrigat\u00f3ria<\/td><\/tr><tr><td><strong>Carga-hor\u00e1ria<\/strong>:&nbsp;30&nbsp;horas&nbsp;(1&nbsp;cr\u00e9dito pr\u00e1tico)<\/td><td><strong>Curso<\/strong>:&nbsp;CMA<\/td><\/tr><tr><td colspan=\"2\"><strong>Ementa<\/strong>: An\u00e1lise&nbsp;de&nbsp;propostas&nbsp;de&nbsp;disserta\u00e7\u00e3o&nbsp;em&nbsp;desenvolvimento,&nbsp;com&nbsp;o&nbsp;objetivo&nbsp;central&nbsp;de&nbsp;apresentar&nbsp;e&nbsp;discutir os projetos de disserta\u00e7\u00e3o em elabora\u00e7\u00e3o pelos discentes de Mestrado, contribuindo para o desenvolvimento e aperfei\u00e7oamento dos trabalhos de pesquisa.<\/td><\/tr><\/tbody><\/table><\/figure>\n\n\n\n<figure class=\"wp-block-table\"><table class=\"has-fixed-layout\"><tbody><tr><td colspan=\"2\"><strong>Semin\u00e1rio de <\/strong><strong>Tese <\/strong><strong>I<\/strong><\/td><\/tr><tr><td><strong>Esfera<\/strong>:&nbsp;Forma\u00e7\u00e3o&nbsp;geral&nbsp;obrigat\u00f3ria<\/td><td><strong>Natureza<\/strong>:&nbsp;Disciplina&nbsp;obrigat\u00f3ria<\/td><\/tr><tr><td><strong>Carga-hor\u00e1ria<\/strong>:&nbsp;15&nbsp;horas&nbsp;(1&nbsp;cr\u00e9dito)<\/td><td><strong>Curso<\/strong>:&nbsp;CDA<\/td><\/tr><tr><td colspan=\"2\"><strong>Ementa<\/strong>: <br>Significado e elementos que caracterizam uma tese. O processo de produ\u00e7\u00e3o e sistematiza\u00e7\u00e3o do conhecimento em uma tese de doutorado.<\/td><\/tr><\/tbody><\/table><\/figure>\n\n\n\n<figure class=\"wp-block-table\"><table class=\"has-fixed-layout\"><tbody><tr><td colspan=\"2\"><strong>Semin\u00e1rio de <\/strong><strong>Tese <\/strong><strong>II<\/strong><\/td><\/tr><tr><td><strong>Esfera<\/strong>:&nbsp;Forma\u00e7\u00e3o&nbsp;geral&nbsp;obrigat\u00f3ria<\/td><td><strong>Natureza<\/strong>:&nbsp;Disciplina&nbsp;obrigat\u00f3ria<\/td><\/tr><tr><td><strong>Carga-hor\u00e1ria<\/strong>:&nbsp;15&nbsp;horas&nbsp;(1&nbsp;cr\u00e9dito)<\/td><td><strong>Curso<\/strong>:&nbsp;CDA<\/td><\/tr><tr><td colspan=\"2\"><strong>Ementa<\/strong>: <br>Rigor&nbsp;e relev\u00e2ncia&nbsp;do&nbsp;conhecimento&nbsp;em&nbsp;Administra\u00e7\u00e3o.&nbsp;Inova\u00e7\u00e3o&nbsp;na pesquisa&nbsp;de&nbsp;doutorado.&nbsp;A constru\u00e7\u00e3o do projeto de tese.<\/td><\/tr><\/tbody><\/table><\/figure>\n\n\n\n<figure class=\"wp-block-table\"><table class=\"has-fixed-layout\"><tbody><tr><td colspan=\"2\"><strong>Semin\u00e1rio <\/strong><strong>de <\/strong><strong>Pr\u00e1tica <\/strong><strong>de <\/strong><strong>Pesquisa <\/strong><strong>II<\/strong><\/td><\/tr><tr><td><strong>Esfera<\/strong>:&nbsp;Forma\u00e7\u00e3o&nbsp;geral&nbsp;obrigat\u00f3ria<\/td><td><strong>Natureza<\/strong>:&nbsp;Disciplina&nbsp;obrigat\u00f3ria<\/td><\/tr><tr><td><strong>Carga-hor\u00e1ria<\/strong>:&nbsp;30&nbsp;horas (1&nbsp;cr\u00e9dito&nbsp;pr\u00e1tico)<\/td><td><strong>Curso<\/strong>:&nbsp;CDA<\/td><\/tr><tr><td colspan=\"2\"><strong>Ementa<\/strong>: <br>An\u00e1lise de propostas de pesquisa em desenvolvimento, com o objetivo central de apresentar e discutir os projetos de tese em elabora\u00e7\u00e3o pelos discentes de Doutorado, contribuindo para o desenvolvimento e aperfei\u00e7oamento dos trabalhos de pesquisa.<\/td><\/tr><\/tbody><\/table><\/figure>\n","protected":false},"excerpt":{"rendered":"<p>A seguir apresentamos o detalhamento das disciplinas obrigat\u00f3rias do mestrado e do doutorado referente \u00e0 [&hellip;]<\/p>\n","protected":false},"author":47,"featured_media":0,"parent":0,"menu_order":0,"comment_status":"closed","ping_status":"closed","template":"","meta":{"footnotes":""},"class_list":["post-73","page","type-page","status-publish","hentry"],"_links":{"self":[{"href":"https:\/\/www.ccsa.ufpb.br\/ppga\/wp-json\/wp\/v2\/pages\/73","targetHints":{"allow":["GET"]}}],"collection":[{"href":"https:\/\/www.ccsa.ufpb.br\/ppga\/wp-json\/wp\/v2\/pages"}],"about":[{"href":"https:\/\/www.ccsa.ufpb.br\/ppga\/wp-json\/wp\/v2\/types\/page"}],"author":[{"embeddable":true,"href":"https:\/\/www.ccsa.ufpb.br\/ppga\/wp-json\/wp\/v2\/users\/47"}],"replies":[{"embeddable":true,"href":"https:\/\/www.ccsa.ufpb.br\/ppga\/wp-json\/wp\/v2\/comments?post=73"}],"version-history":[{"count":3,"href":"https:\/\/www.ccsa.ufpb.br\/ppga\/wp-json\/wp\/v2\/pages\/73\/revisions"}],"predecessor-version":[{"id":401,"href":"https:\/\/www.ccsa.ufpb.br\/ppga\/wp-json\/wp\/v2\/pages\/73\/revisions\/401"}],"wp:attachment":[{"href":"https:\/\/www.ccsa.ufpb.br\/ppga\/wp-json\/wp\/v2\/media?parent=73"}],"curies":[{"name":"wp","href":"https:\/\/api.w.org\/{rel}","templated":true}]}}