{"id":75,"date":"2025-07-12T21:11:55","date_gmt":"2025-07-13T00:11:55","guid":{"rendered":"https:\/\/www.ccsa.ufpb.br\/ppga\/?page_id=75"},"modified":"2025-08-04T19:58:17","modified_gmt":"2025-08-04T22:58:17","slug":"disciplinas-eletivas-gerais","status":"publish","type":"page","link":"https:\/\/www.ccsa.ufpb.br\/ppga\/disciplinas-eletivas-gerais\/","title":{"rendered":"Disciplinas eletivas gerais"},"content":{"rendered":"\n<p>Aqui temos o detalhamento das disciplinas eletivas gerais, que s\u00e3o aquelas n\u00e3o obrigat\u00f3rias, mas s\u00e3o de interesse geral de alunos de mestrado ou doutorado, e n\u00e3o guardam vincula\u00e7\u00e3o a qualquer das linhas.<\/p>\n\n\n\n<p>Para cada disciplina, segue&nbsp;<strong>o nome<\/strong>&nbsp;do componente curricular, juntamente com a&nbsp;<strong>esfera<\/strong>&nbsp;de forma\u00e7\u00e3o (se forma\u00e7\u00e3o geral ou de linha), o n\u00edvel para o qual est\u00e1 orientada (se mestrado ou doutorado), bem como a<strong>&nbsp;carga-hor\u00e1ria<\/strong>&nbsp;e a<strong>&nbsp;ementa<\/strong>.<\/p>\n\n\n\n<figure class=\"wp-block-table\"><table class=\"has-fixed-layout\"><tbody><tr><td colspan=\"2\"><strong>Ensino <\/strong><strong>em\u00a0<\/strong><strong>Administra\u00e7\u00e3o<\/strong><\/td><\/tr><tr><td><strong>Esfera<\/strong>:&nbsp;Forma\u00e7\u00e3o comum&nbsp;\u00e0s&nbsp;tr\u00eas&nbsp;linhas<\/td><td><strong>Natureza<\/strong>:&nbsp;Disciplina&nbsp;eletiva<\/td><\/tr><tr><td><strong>Carga-hor\u00e1ria<\/strong>:&nbsp;60&nbsp;horas&nbsp;(4&nbsp;cr\u00e9ditos)<\/td><td><strong>Curso<\/strong>: CMA e&nbsp;CDA<\/td><\/tr><tr><td colspan=\"2\"><strong>Ementa<\/strong>:<br>Fundamentos da forma\u00e7\u00e3o em Administra\u00e7\u00e3o. Aspectos relacionais no processo de ensino- aprendizagem.\u00a0O\u00a0planejamento\u00a0de\u00a0uma\u00a0disciplina:\u00a0estrat\u00e9gias\u00a0e\u00a0pr\u00e1ticas\u00a0pedag\u00f3gicas;\u00a0avalia\u00e7\u00e3o\u00a0da aprendizagem; uso de recursos tecnol\u00f3gicos. Gest\u00e3o da forma\u00e7\u00e3o: projetos pedag\u00f3gicos, matrizes curriculares, atividades extracurriculares, extens\u00e3o e de interesse curricular, atividades de integra\u00e7\u00e3o multidisciplinar, interdisciplinar e\/ou transdisciplinar.<\/td><\/tr><\/tbody><\/table><\/figure>\n\n\n\n<figure class=\"wp-block-table\"><table class=\"has-fixed-layout\"><tbody><tr><td colspan=\"2\"><strong>Ci\u00eancia e Pr\u00e1tica de Gest\u00e3o<\/strong><\/td><\/tr><tr><td><strong>Esfera<\/strong>:&nbsp;Forma\u00e7\u00e3o comum&nbsp;\u00e0s&nbsp;tr\u00eas&nbsp;linhas<\/td><td><strong>Natureza<\/strong>:&nbsp;Disciplina&nbsp;eletiva<\/td><\/tr><tr><td><strong>Carga-hor\u00e1ria<\/strong>:&nbsp;60&nbsp;horas&nbsp;(4&nbsp;cr\u00e9ditos)<\/td><td><strong>Curso<\/strong>: CMA e&nbsp;CDA<\/td><\/tr><tr><td colspan=\"2\"><strong>Ementa<\/strong>:<br>Paradigmas\u00a0da\u00a0gest\u00e3o\u00a0profissional.\u00a0A\u00e7\u00e3o\u00a0gerencial\u00a0baseada\u00a0em\u00a0evid\u00eancias. A\u00a0pesquisa\u00a0acad\u00eamica, a pr\u00e1tica e a inova\u00e7\u00e3o gerencial. A vis\u00e3o da universidade empreendedora\u00a0e do empreendedorismo acad\u00eamico. Pesquisa em inova\u00e7\u00e3o e transfer\u00eancia tecnol\u00f3gica. Modelos de Pesquisa, Desenvolvimento\u00a0&amp; Inova\u00e7\u00e3o (PD&amp;I) e atua\u00e7\u00e3o\u00a0profissional\u00a0em\u00a0PD&amp;I. Aspectos\u00a0organizacionais da pesquisa aplicada (gest\u00e3o e mudan\u00e7a, gest\u00e3o de projetos, modelos de gest\u00e3o \u00e1gil). Estrat\u00e9gias de inova\u00e7\u00e3o aberta. M\u00e9todos de pesquisa aplicada. Produtos escritos de pesquisa aplicada.<\/td><\/tr><\/tbody><\/table><\/figure>\n\n\n\n<figure class=\"wp-block-table\"><table class=\"has-fixed-layout\"><tbody><tr><td colspan=\"2\"><strong>T\u00f3picos Especiais em Doc\u00eancia I<\/strong><\/td><\/tr><tr><td><strong>Esfera<\/strong>:&nbsp;Forma\u00e7\u00e3o comum&nbsp;\u00e0s&nbsp;tr\u00eas&nbsp;linhas<\/td><td><strong>Natureza<\/strong>:&nbsp;Disciplina&nbsp;eletiva<\/td><\/tr><tr><td><strong>Carga-hor\u00e1ria<\/strong>: 30&nbsp;horas&nbsp;(2 cr\u00e9ditos)<\/td><td><strong>Curso<\/strong>: CMA e&nbsp;CDA<\/td><\/tr><tr><td colspan=\"2\"><strong>Ementa<\/strong>:<br>Conte\u00fado flex\u00edvel orientado para o desenvolvimento de compet\u00eancias para a pr\u00e1tica docente em temas\u00a0relacionados\u00a0ao\u00a0ensino,\u00a0a\u00a0gest\u00e3o\u00a0dos\u00a0processos\u00a0de\u00a0educa\u00e7\u00e3o\u00a0superior\u00a0na\u00a0gradua\u00e7\u00e3o\u00a0e\u00a0na\u00a0p\u00f3s- gradua\u00e7\u00e3o, modelos de orienta\u00e7\u00e3o acad\u00eamica, forma\u00e7\u00e3o do professor e ambientes inovadores de\u00a0aprendizagem.<\/td><\/tr><\/tbody><\/table><\/figure>\n\n\n\n<figure class=\"wp-block-table\"><table class=\"has-fixed-layout\"><tbody><tr><td colspan=\"2\"><strong>T\u00f3picos <\/strong><strong>Especiais<\/strong> <strong>em<\/strong> <strong>Doc\u00eancia<\/strong> <strong>II<\/strong><\/td><\/tr><tr><td><strong>Esfera<\/strong>:&nbsp;Forma\u00e7\u00e3o comum&nbsp;\u00e0s&nbsp;tr\u00eas&nbsp;linhas<\/td><td><strong>Natureza<\/strong>:&nbsp;Disciplina&nbsp;eletiva<\/td><\/tr><tr><td><strong>Carga-hor\u00e1ria<\/strong>:&nbsp;30&nbsp;horas&nbsp;(2&nbsp;cr\u00e9ditos)<\/td><td><strong>Curso<\/strong>: CMA e&nbsp;CDA<\/td><\/tr><tr><td colspan=\"2\"><strong>Ementa<\/strong>:<br>Conte\u00fado flex\u00edvel orientado para o desenvolvimento de compet\u00eancias para a pr\u00e1tica docente em temas\u00a0relacionados\u00a0ao\u00a0ensino,\u00a0a\u00a0gest\u00e3o\u00a0dos\u00a0processos\u00a0de\u00a0educa\u00e7\u00e3o\u00a0superior\u00a0na\u00a0gradua\u00e7\u00e3o\u00a0e\u00a0na\u00a0p\u00f3s- gradua\u00e7\u00e3o, modelos de orienta\u00e7\u00e3o acad\u00eamica, forma\u00e7\u00e3o do professor e ambientes inovadores de aprendizagem.<\/td><\/tr><\/tbody><\/table><\/figure>\n\n\n\n<figure class=\"wp-block-table\"><table class=\"has-fixed-layout\"><tbody><tr><td colspan=\"2\"><strong>T\u00f3picos <\/strong><strong>Especiais <\/strong><strong>em<\/strong> <strong>Gest\u00e3o <\/strong><strong>e <\/strong><strong>Inova\u00e7\u00e3o <\/strong><strong>I<\/strong><\/td><\/tr><tr><td><strong>Esfera<\/strong>:&nbsp;Forma\u00e7\u00e3o comum&nbsp;\u00e0s&nbsp;tr\u00eas&nbsp;linhas<\/td><td><strong>Natureza<\/strong>:&nbsp;Disciplina&nbsp;eletiva<\/td><\/tr><tr><td><strong>Carga-hor\u00e1ria<\/strong>:&nbsp;30&nbsp;horas&nbsp;(2&nbsp;cr\u00e9ditos)<\/td><td><strong>Curso<\/strong>: CMA e&nbsp;CDA<\/td><\/tr><tr><td colspan=\"2\"><strong>Ementa<\/strong>:<br>Disciplina\u00a0de\u00a0conte\u00fado\u00a0aberto,\u00a0definido\u00a0pelo\u00a0docente,\u00a0considerando\u00a0interesses\u00a0tem\u00e1ticos, oportunidades e novas tend\u00eancias te\u00f3ricas e metodol\u00f3gicas das pr\u00e1ticas de gest\u00e3o.<\/td><\/tr><\/tbody><\/table><\/figure>\n\n\n\n<figure class=\"wp-block-table\"><table class=\"has-fixed-layout\"><tbody><tr><td colspan=\"2\"><strong>T\u00f3picos <\/strong><strong>Especiais <\/strong><strong>em<\/strong> <strong>Gest\u00e3o<\/strong> <strong>e<\/strong> <strong>Inova\u00e7\u00e3o <\/strong><strong>II<\/strong><\/td><\/tr><tr><td><strong>Esfera<\/strong>:&nbsp;Forma\u00e7\u00e3o comum&nbsp;\u00e0s&nbsp;tr\u00eas&nbsp;linhas<\/td><td><strong>Natureza<\/strong>:&nbsp;Disciplina&nbsp;eletiva<\/td><\/tr><tr><td><strong>Carga-hor\u00e1ria<\/strong>:&nbsp;30&nbsp;horas&nbsp;(2&nbsp;cr\u00e9ditos)<\/td><td><strong>Curso<\/strong>: CMA e&nbsp;CDA<\/td><\/tr><tr><td colspan=\"2\"><strong>Ementa<\/strong>:<br>Disciplina\u00a0de\u00a0conte\u00fado\u00a0aberto,\u00a0definido\u00a0pelo\u00a0docente,\u00a0considerando\u00a0interesses\u00a0tem\u00e1ticos, oportunidades e novas tend\u00eancias te\u00f3ricas e metodol\u00f3gicas das pr\u00e1ticas de gest\u00e3o.<\/td><\/tr><\/tbody><\/table><\/figure>\n\n\n\n<figure class=\"wp-block-table\"><table class=\"has-fixed-layout\"><tbody><tr><td colspan=\"2\"><strong>T\u00f3picos <\/strong><strong>Especiais <\/strong><strong>em <\/strong><strong>Pr\u00e1tica<\/strong> <strong>de <\/strong><strong>Pesquisa <\/strong><strong>I<\/strong><\/td><\/tr><tr><td><strong>Esfera<\/strong>:&nbsp;Forma\u00e7\u00e3o comum&nbsp;\u00e0s&nbsp;tr\u00eas&nbsp;linhas<\/td><td><strong>Natureza<\/strong>:&nbsp;Disciplina&nbsp;eletiva<\/td><\/tr><tr><td><strong>Carga-hor\u00e1ria<\/strong>:&nbsp;30&nbsp;horas&nbsp;(2&nbsp;cr\u00e9ditos)<\/td><td><strong>Curso<\/strong>: CMA e&nbsp;CDA<\/td><\/tr><tr><td colspan=\"2\"><strong>Ementa<\/strong>:<br>Desenvolvimento de conhecimentos, habilidades e atitudes orientados para a pr\u00e1tica de pesquisa em temas relacionados \u00e0 produ\u00e7\u00e3o e a escrita de g\u00eaneros textuais acad\u00eamicos diversos ou de m\u00e9todos\u00a0de\u00a0pesquisa\u00a0avan\u00e7ados\u00a0com\u00a0defini\u00e7\u00e3o\u00a0do\u00a0tema\u00a0e\u00a0conte\u00fado\u00a0a\u00a0crit\u00e9rio\u00a0do\u00a0docente respons\u00e1vel.<\/td><\/tr><\/tbody><\/table><\/figure>\n\n\n\n<figure class=\"wp-block-table\"><table class=\"has-fixed-layout\"><tbody><tr><td colspan=\"2\"><strong>T\u00f3picos <\/strong><strong>Especiais <\/strong><strong>em<\/strong> <strong>Pr\u00e1tica<\/strong> <strong>de<\/strong> <strong>Pesquisa <\/strong><strong>II<\/strong><\/td><\/tr><tr><td><strong>Esfera<\/strong>:&nbsp;Forma\u00e7\u00e3o&nbsp;comum&nbsp;\u00e0s&nbsp;tr\u00eas&nbsp;linhas<\/td><td><strong>Natureza<\/strong>:&nbsp;Disciplina&nbsp;eletiva<\/td><\/tr><tr><td><strong>Carga-hor\u00e1ria<\/strong>:&nbsp;30&nbsp;horas&nbsp;(2&nbsp;cr\u00e9ditos)<\/td><td><strong>Curso<\/strong>: CMA e&nbsp;CDA<\/td><\/tr><tr><td colspan=\"2\"><strong>Ementa<\/strong>:<br>Desenvolvimento de conhecimentos, habilidades e atitudes orientados para a pr\u00e1tica de pesquisa em temas relacionados a m\u00e9todos de pesquisa avan\u00e7ados com defini\u00e7\u00e3o do tema e conte\u00fado a crit\u00e9rio do docente respons\u00e1vel.<\/td><\/tr><\/tbody><\/table><\/figure>\n","protected":false},"excerpt":{"rendered":"<p>Aqui temos o detalhamento das disciplinas eletivas gerais, que s\u00e3o aquelas n\u00e3o obrigat\u00f3rias, mas s\u00e3o [&hellip;]<\/p>\n","protected":false},"author":47,"featured_media":0,"parent":0,"menu_order":0,"comment_status":"closed","ping_status":"closed","template":"","meta":{"footnotes":""},"class_list":["post-75","page","type-page","status-publish","hentry"],"_links":{"self":[{"href":"https:\/\/www.ccsa.ufpb.br\/ppga\/wp-json\/wp\/v2\/pages\/75","targetHints":{"allow":["GET"]}}],"collection":[{"href":"https:\/\/www.ccsa.ufpb.br\/ppga\/wp-json\/wp\/v2\/pages"}],"about":[{"href":"https:\/\/www.ccsa.ufpb.br\/ppga\/wp-json\/wp\/v2\/types\/page"}],"author":[{"embeddable":true,"href":"https:\/\/www.ccsa.ufpb.br\/ppga\/wp-json\/wp\/v2\/users\/47"}],"replies":[{"embeddable":true,"href":"https:\/\/www.ccsa.ufpb.br\/ppga\/wp-json\/wp\/v2\/comments?post=75"}],"version-history":[{"count":2,"href":"https:\/\/www.ccsa.ufpb.br\/ppga\/wp-json\/wp\/v2\/pages\/75\/revisions"}],"predecessor-version":[{"id":177,"href":"https:\/\/www.ccsa.ufpb.br\/ppga\/wp-json\/wp\/v2\/pages\/75\/revisions\/177"}],"wp:attachment":[{"href":"https:\/\/www.ccsa.ufpb.br\/ppga\/wp-json\/wp\/v2\/media?parent=75"}],"curies":[{"name":"wp","href":"https:\/\/api.w.org\/{rel}","templated":true}]}}